{"id":9212,"date":"2024-09-17T14:21:53","date_gmt":"2024-09-17T12:21:53","guid":{"rendered":"https:\/\/antcube.shop\/en\/product\/agave-10cm\/"},"modified":"2026-03-11T13:48:49","modified_gmt":"2026-03-11T12:48:49","slug":"agava-10cm","status":"publish","type":"product","link":"https:\/\/antcube.shop\/lt\/produktas\/agava-10cm\/","title":{"rendered":"Agava - 10 cm"},"content":{"rendered":"<p><strong>Matmenys:<\/strong> 104 x 97 x 103 mm<\/p>\n<p><strong>Med\u017eiaga:<\/strong> polimerinis betonas, molis, plastikas<\/p>\n<p><strong>Spalva:<\/strong><br \/>\nPagrindas: pilkai rudas<br \/>\nAugalas: tamsiai \u017ealias-\u0161viesiai \u017ealias su pilku pakra\u0161\u010diu<\/p>\n<p><strong>Turinys:<\/strong> 1 vnt.<\/p>\n<p><strong>Apra\u0161ymas:<\/strong> Ma\u017eoji agava pagaminta i\u0161 tvirto plastiko ir turi sintetin\u0117s dervos pagrind\u0105, atrodant\u012f kaip akmuo. D\u0117l to ji itin patvari ir jos negali pa\u017eeisti skruzd\u0117l\u0117s.<br \/>\nNepaisant to, jis atrodo labai nat\u016braliai ir patraukliai, tod\u0117l j\u012f galima lengvai integruoti \u012f formikarium\u0105.<\/p>\n<p><strong>Pastaba:<\/strong> Prie\u0161 naudodami i\u0161valykite po tekan\u010diu vandeniu!<\/p>","protected":false},"excerpt":{"rendered":"<p>Matmenys: Med\u017eiaga: polimerbetonis, molis, plastikas Spalva: Pagrindas: pilkai ruda Augalas: tamsiai \u017ealias-\u0161viesiai \u017ealias su pilku pakra\u0161\u010diu: Sud\u0117tis: 1 vnt: Ma\u017eoji agava pagaminta i\u0161 tvirto plastiko, jos pagrindas - sintetin\u0117 derva, atrodanti kaip akmuo. D\u0117l to ji itin patvari ir jos negali pa\u017eeisti skruzd\u0117l\u0117s.","protected":false},"featured_media":9659,"comment_status":"open","ping_status":"closed","template":"","meta":{"_acf_changed":false,"content-type":"","_monsterinsights_skip_tracking":false,"_monsterinsights_sitenote_active":false,"_monsterinsights_sitenote_note":"","_monsterinsights_sitenote_category":0},"product_brand":[],"product_cat":[98,99],"product_tag":[],"class_list":{"0":"post-9212","1":"product","2":"type-product","3":"status-publish","4":"has-post-thumbnail","6":"product_cat-decoration","7":"product_cat-desert","9":"first","10":"instock","11":"taxable","12":"shipping-taxable","13":"purchasable","14":"product-type-simple"},"acf":[],"aioseo_notices":[],"jetpack_sharing_enabled":true,"_links":{"self":[{"href":"https:\/\/antcube.shop\/lt\/wp-json\/wp\/v2\/product\/9212","targetHints":{"allow":["GET"]}}],"collection":[{"href":"https:\/\/antcube.shop\/lt\/wp-json\/wp\/v2\/product"}],"about":[{"href":"https:\/\/antcube.shop\/lt\/wp-json\/wp\/v2\/types\/product"}],"replies":[{"embeddable":true,"href":"https:\/\/antcube.shop\/lt\/wp-json\/wp\/v2\/comments?post=9212"}],"wp:featuredmedia":[{"embeddable":true,"href":"https:\/\/antcube.shop\/lt\/wp-json\/wp\/v2\/media\/9659"}],"wp:attachment":[{"href":"https:\/\/antcube.shop\/lt\/wp-json\/wp\/v2\/media?parent=9212"}],"wp:term":[{"taxonomy":"product_brand","embeddable":true,"href":"https:\/\/antcube.shop\/lt\/wp-json\/wp\/v2\/product_brand?post=9212"},{"taxonomy":"product_cat","embeddable":true,"href":"https:\/\/antcube.shop\/lt\/wp-json\/wp\/v2\/product_cat?post=9212"},{"taxonomy":"product_tag","embeddable":true,"href":"https:\/\/antcube.shop\/lt\/wp-json\/wp\/v2\/product_tag?post=9212"}],"curies":[{"name":"wp","href":"https:\/\/api.w.org\/{rel}","templated":true}]}}