{"id":9207,"date":"2024-09-17T14:19:09","date_gmt":"2024-09-17T12:19:09","guid":{"rendered":"https:\/\/antcube.shop\/en\/product\/grasstein-3cm\/"},"modified":"2026-04-23T18:23:59","modified_gmt":"2026-04-23T16:23:59","slug":"grasstein-3-cm","status":"publish","type":"product","link":"https:\/\/antcube.shop\/lt\/produktas\/grasstein-3-cm\/","title":{"rendered":"\u017dol\u0117s akmuo - 3 cm"},"content":{"rendered":"<p><strong>Matmenys:<\/strong> ma\u017edaug 86 x 29 x 30 mm<\/p>\n<p><strong>Med\u017eiaga:<\/strong> polimerinis betonas, molis, plastikas<\/p>\n<p><strong>Spalva:<\/strong><br \/>\nPagrindas: \u017ealias, tamsiai pilkas<br \/>\nAugalas: \u0161viesiai \u017ealia-tamsiai \u017ealia<\/p>\n<p><strong>Turinys:<\/strong> 1 vnt.<\/p>\n<p><strong>Apra\u0161ymas:<\/strong> \u0160ie augalai pagaminti i\u0161 tvirto plastiko ir turi sintetin\u0117s dervos pagrind\u0105, kuris atrodo kaip akmuo. D\u0117l to jie yra itin tvirti ir j\u0173 negali pa\u017eeisti skruzd\u0117l\u0117s. Nepaisant to, jie atrodo labai nat\u016braliai ir patraukliai, juos galima lengvai integruoti \u012f formikarium\u0105.<\/p>\n<p><strong>Pastaba:<\/strong> Prie\u0161 naudodami i\u0161valykite po tekan\u010diu vandeniu!<\/p>\n<p>&nbsp;<\/p>","protected":false},"excerpt":{"rendered":"<p>Matmenys: ma\u017edaug 86 x 29 x 30 mm Med\u017eiaga: polimerbetonis, molis, plastikas Spalva: Pagrindas: \u017ealia, tamsiai pilka Augalas: \u0161viesiai \u017ealia-tamsiai \u017ealia Turinys: Sud\u0117tis: 1 vnt. Apra\u0161ymas: 1 vnt: \u0160ie augalai pagaminti i\u0161 tvirto plastiko, j\u0173 pagrindas pagamintas i\u0161 sintetin\u0117s dervos ir atrodo kaip akmuo. D\u0117l to jie itin patvar\u016bs ir j\u0173 negali pa\u017eeisti skruzd\u0117l\u0117s.","protected":false},"featured_media":9356,"comment_status":"open","ping_status":"closed","template":"","meta":{"_acf_changed":false,"content-type":"","_monsterinsights_skip_tracking":false,"_monsterinsights_sitenote_active":false,"_monsterinsights_sitenote_note":"","_monsterinsights_sitenote_category":0},"product_brand":[],"product_cat":[98,102],"product_tag":[],"class_list":{"0":"post-9207","1":"product","2":"type-product","3":"status-publish","4":"has-post-thumbnail","6":"product_cat-decoration","7":"product_cat-meadow","9":"first","10":"instock","11":"taxable","12":"shipping-taxable","13":"purchasable","14":"product-type-simple"},"acf":[],"aioseo_notices":[],"jetpack_sharing_enabled":true,"_links":{"self":[{"href":"https:\/\/antcube.shop\/lt\/wp-json\/wp\/v2\/product\/9207","targetHints":{"allow":["GET"]}}],"collection":[{"href":"https:\/\/antcube.shop\/lt\/wp-json\/wp\/v2\/product"}],"about":[{"href":"https:\/\/antcube.shop\/lt\/wp-json\/wp\/v2\/types\/product"}],"replies":[{"embeddable":true,"href":"https:\/\/antcube.shop\/lt\/wp-json\/wp\/v2\/comments?post=9207"}],"wp:featuredmedia":[{"embeddable":true,"href":"https:\/\/antcube.shop\/lt\/wp-json\/wp\/v2\/media\/9356"}],"wp:attachment":[{"href":"https:\/\/antcube.shop\/lt\/wp-json\/wp\/v2\/media?parent=9207"}],"wp:term":[{"taxonomy":"product_brand","embeddable":true,"href":"https:\/\/antcube.shop\/lt\/wp-json\/wp\/v2\/product_brand?post=9207"},{"taxonomy":"product_cat","embeddable":true,"href":"https:\/\/antcube.shop\/lt\/wp-json\/wp\/v2\/product_cat?post=9207"},{"taxonomy":"product_tag","embeddable":true,"href":"https:\/\/antcube.shop\/lt\/wp-json\/wp\/v2\/product_tag?post=9207"}],"curies":[{"name":"wp","href":"https:\/\/api.w.org\/{rel}","templated":true}]}}