{"id":9031,"date":"2024-08-27T16:22:15","date_gmt":"2024-08-27T14:22:15","guid":{"rendered":"https:\/\/antcube.shop\/product\/antcube-digfix-terra-nidum-platte-30x30-l-beige\/"},"modified":"2026-03-30T18:03:41","modified_gmt":"2026-03-30T16:03:41","slug":"antcube-digfix-terra-nidum-platte-30x30-l-beige","status":"publish","type":"product","link":"https:\/\/antcube.shop\/lt\/produktas\/antcube-digfix-terra-nidum-platte-30x30-l-beige\/","title":{"rendered":"ANTCUBE - \"Digfix Terra nidum\" plok\u0161tel\u0117 30\u00d730 - L - sm\u0117lio spalvos"},"content":{"rendered":"<p><strong>Matmenys:<\/strong> 283x237x19 mm<\/p>\n<p><strong>Med\u017eiaga:<\/strong> Skaitlinga dervos pagrindu pagaminta med\u017eiaga<\/p>\n<p><strong>Apra\u0161ymas:<\/strong> Terra nidum (lot. Terra nidum - \u017eem\u0117s lizdas) plok\u0161t\u0117, pagaminta i\u0161 kasamos med\u017eiagos, puikiai tinka m\u016bs\u0173 skruzd\u0117lynams ANTCUBE. J\u0105 galima naudoti ir saus\u0105, ir dr\u0117gn\u0105. Ji taip pat tinka daugeliui skruzd\u0117li\u0173 r\u016b\u0161i\u0173, ypa\u010d toms, kurios lizdus suka sm\u0117lyje ir (negyvoje) medienoje. J\u012f galima naudoti vietoj sm\u0117lio ir molio mi\u0161ini\u0173 arba kam\u0161tini\u0173 lizd\u0173 \u012fd\u0117kl\u0173. \u0160io lizdo privalumas tas, kad d\u0117l ai\u0161kiai matomo spalvos pasikeitimo lengviau kontroliuoti plok\u0161tel\u0117s sudr\u0117kim\u0105, o plok\u0161tel\u0117s spalva suteikia puik\u0173 kontrast\u0105 paprastai tamsesn\u0117ms skruzd\u0117li\u0173 r\u016b\u0161ims. Be to, vidini\u0173 skruzd\u0117lyno plok\u0161teli\u0173 negalima sutepti substratu, kaip, pavyzd\u017eiui, sm\u0117lio ir molio mi\u0161ini\u0173 atveju, o tai leid\u017eia puikiai matyti lizd\u0105. M\u016bs\u0173 lizd\u0173 med\u017eiaga taip pat yra daug tvirtesn\u0117s strukt\u016bros, tod\u0117l skruzd\u0117li\u0173 i\u0161kasti tuneliai ir kameros nesugri\u016bva.<\/p>\n<p><strong>Pastaba:<\/strong> Nat\u016brali spalva gali b\u016bti nuo sm\u0117lio \/ sm\u0117lio iki \u0161viesiai rudos. Spalvos tonas neturi \u012ftakos kokybei.<br \/>\nD\u0117l gamybos proceso matmenys gali skirtis +\/- 1 mm.<\/p>","protected":false},"excerpt":{"rendered":"<p>Dydis: <span style=\"color: #0000ff;\"><strong>L<\/strong><\/span><\/p>","protected":false},"featured_media":9037,"comment_status":"open","ping_status":"closed","template":"","meta":{"_acf_changed":false,"content-type":"","_monsterinsights_skip_tracking":false,"_monsterinsights_sitenote_active":false,"_monsterinsights_sitenote_note":"","_monsterinsights_sitenote_category":0},"product_brand":[],"product_cat":[257,87,88],"product_tag":[],"class_list":{"0":"post-9031","1":"product","2":"type-product","3":"status-publish","4":"has-post-thumbnail","6":"product_cat-new-innovatve-products","7":"product_cat-nest-insets","8":"product_cat-digfix","10":"first","11":"instock","12":"taxable","13":"shipping-taxable","14":"purchasable","15":"product-type-simple"},"acf":[],"aioseo_notices":[],"jetpack_sharing_enabled":true,"_links":{"self":[{"href":"https:\/\/antcube.shop\/lt\/wp-json\/wp\/v2\/product\/9031","targetHints":{"allow":["GET"]}}],"collection":[{"href":"https:\/\/antcube.shop\/lt\/wp-json\/wp\/v2\/product"}],"about":[{"href":"https:\/\/antcube.shop\/lt\/wp-json\/wp\/v2\/types\/product"}],"replies":[{"embeddable":true,"href":"https:\/\/antcube.shop\/lt\/wp-json\/wp\/v2\/comments?post=9031"}],"wp:featuredmedia":[{"embeddable":true,"href":"https:\/\/antcube.shop\/lt\/wp-json\/wp\/v2\/media\/9037"}],"wp:attachment":[{"href":"https:\/\/antcube.shop\/lt\/wp-json\/wp\/v2\/media?parent=9031"}],"wp:term":[{"taxonomy":"product_brand","embeddable":true,"href":"https:\/\/antcube.shop\/lt\/wp-json\/wp\/v2\/product_brand?post=9031"},{"taxonomy":"product_cat","embeddable":true,"href":"https:\/\/antcube.shop\/lt\/wp-json\/wp\/v2\/product_cat?post=9031"},{"taxonomy":"product_tag","embeddable":true,"href":"https:\/\/antcube.shop\/lt\/wp-json\/wp\/v2\/product_tag?post=9031"}],"curies":[{"name":"wp","href":"https:\/\/api.w.org\/{rel}","templated":true}]}}