{"id":8974,"date":"2024-08-19T20:51:45","date_gmt":"2024-08-19T18:51:45","guid":{"rendered":"https:\/\/antcube.shop\/product\/abstandshalter-fur-32mm-rohr\/"},"modified":"2026-01-12T12:38:28","modified_gmt":"2026-01-12T11:38:28","slug":"tarpine-32-mm-vamzdziui","status":"publish","type":"product","link":"https:\/\/antcube.shop\/lt\/produktas\/tarpine-32-mm-vamzdziui\/","title":{"rendered":"Tarpin\u0117 32 mm vamzd\u017eiui"},"content":{"rendered":"<p><strong>Produkto matmenys:<\/strong> 49x14x8 mm (tarpin\u0117)<\/p>\n<p><strong>Med\u017eiaga:<\/strong> akrilo stiklas, spyruoklinis plienas<\/p>\n<p><strong>Spalva:<\/strong> balta, plieno pilka<\/p>\n<p><strong>Turinys:<\/strong><br \/>\n1x tarpin\u0117<br \/>\n1x apkabos laikiklis - spyruoklinis plienas 32 mm<br \/>\n2x var\u017etas ir kai\u0161tis tvirtinimui prie sienos<br \/>\n1x ma\u017eas var\u017etas, skirtas tvirtinti spaustuko laikikliui prie tarpin\u0117s<\/p>\n<p><strong>Apra\u0161ymas:<\/strong><br \/>\nTarpin\u0117s akrilo vamzd\u017eiams prie sienos tvirtinti. Jie buvo sukurti m\u016bs\u0173 sienin\u0117ms arenoms ir sieniniams skruzd\u0117lynams sujungti tarpusavyje arba su kitais elementais akriliniais vamzdeliais. Taip u\u017epildomas tarpas tarp sienos ir akrilini\u0173 vamzdeli\u0173, o akriliniai vamzdeliai saugiai, tvirtai ir vizualiai patraukliai tvirtinami spaustuk\u0173 laikikliais.<\/p>\n<p><strong>Pastaba:<\/strong><br \/>\nTiekiama atskiromis dalimis, kurias reikia pritvirtinti naudojant kry\u017emin\u012f atsuktuv\u0105.<br \/>\nAbiejose tarpin\u0117s pus\u0117se yra plonos apsaugin\u0117s pl\u0117vel\u0117s. Jas papras\u010diausiai nulupkite.<\/p>\n<p><strong>Tvirtinimas:<\/strong><br \/>\nNor\u0117dami sienoje pritvirtinti 2 \"S6\" ki\u0161tukus, turite tur\u0117ti gr\u0105\u017et\u0105 su 6 mm gr\u0105\u017etu (priklausomai nuo med\u017eiagos - med\u017eio, akmens arba metalo).<br \/>\nSienoje reikia i\u0161gr\u0119\u017eti 40 mm gylio skyles, kad b\u016bt\u0173 galima \u012fleisti 6x30 mm kai\u0161\u010dius su 4,5x40 mm var\u017etais.<br \/>\n<strong>Reikia surinkti:<\/strong><br \/>\n- Guls\u010diukas<br \/>\n- Lipni juosta, kad nereik\u0117t\u0173 \u017eym\u0117ti \u017eemiau esan\u010dios sienos.<br \/>\n- Kry\u017eminis atsuktuvas<br \/>\n- Gr\u0119\u017etuvas \/ gr\u0119\u017etuvas, priklausomai nuo sienos<br \/>\n- 6 mm gr\u0105\u017etas (med\u017eio, akmens arba metalo, priklausomai nuo pavir\u0161iaus)<\/p>","protected":false},"excerpt":{"rendered":"<p>Produkto matmenys: Med\u017eiaga: akrilo stiklas, spyruoklinis plienas Spalva: balta, plieno pilka: 1x tarpin\u0117 1x spaustuko laikiklis - spyruoklinis plienas 20 mm 2x var\u017etas ir kai\u0161tis tvirtinimui prie sienos 1x ma\u017eas var\u017etas spaustuko laikikliui prie tarpin\u0117s pritvirtinti Apra\u0161ymas: Tarpin\u0117s akriliniams vamzd\u017eiams prie sienos tvirtinti. Jie buvo sukurti","protected":false},"featured_media":8991,"comment_status":"open","ping_status":"closed","template":"","meta":{"_acf_changed":false,"content-type":"","_monsterinsights_skip_tracking":false,"_monsterinsights_sitenote_active":false,"_monsterinsights_sitenote_note":"","_monsterinsights_sitenote_category":0},"product_brand":[],"product_cat":[345,119,120],"product_tag":[],"class_list":{"0":"post-8974","1":"product","2":"type-product","3":"status-publish","4":"has-post-thumbnail","6":"product_cat-pipe-connectors","7":"product_cat-formicarium-components","8":"product_cat-hoses","10":"first","11":"instock","12":"taxable","13":"shipping-taxable","14":"purchasable","15":"product-type-simple"},"acf":[],"aioseo_notices":[],"jetpack_sharing_enabled":true,"_links":{"self":[{"href":"https:\/\/antcube.shop\/lt\/wp-json\/wp\/v2\/product\/8974","targetHints":{"allow":["GET"]}}],"collection":[{"href":"https:\/\/antcube.shop\/lt\/wp-json\/wp\/v2\/product"}],"about":[{"href":"https:\/\/antcube.shop\/lt\/wp-json\/wp\/v2\/types\/product"}],"replies":[{"embeddable":true,"href":"https:\/\/antcube.shop\/lt\/wp-json\/wp\/v2\/comments?post=8974"}],"wp:featuredmedia":[{"embeddable":true,"href":"https:\/\/antcube.shop\/lt\/wp-json\/wp\/v2\/media\/8991"}],"wp:attachment":[{"href":"https:\/\/antcube.shop\/lt\/wp-json\/wp\/v2\/media?parent=8974"}],"wp:term":[{"taxonomy":"product_brand","embeddable":true,"href":"https:\/\/antcube.shop\/lt\/wp-json\/wp\/v2\/product_brand?post=8974"},{"taxonomy":"product_cat","embeddable":true,"href":"https:\/\/antcube.shop\/lt\/wp-json\/wp\/v2\/product_cat?post=8974"},{"taxonomy":"product_tag","embeddable":true,"href":"https:\/\/antcube.shop\/lt\/wp-json\/wp\/v2\/product_tag?post=8974"}],"curies":[{"name":"wp","href":"https:\/\/api.w.org\/{rel}","templated":true}]}}