{"id":8970,"date":"2024-08-19T20:48:32","date_gmt":"2024-08-19T18:48:32","guid":{"rendered":"https:\/\/antcube.shop\/product\/wand-formicarien-set\/"},"modified":"2026-03-04T17:24:31","modified_gmt":"2026-03-04T16:24:31","slug":"sieninis-formikariumo-rinkinys","status":"publish","type":"product","link":"https:\/\/antcube.shop\/lt\/produktas\/sieninis-formikariumo-rinkinys\/","title":{"rendered":"Prie sienos tvirtinamas formikariumo rinkinys"},"content":{"rendered":"<p><strong>\u012e komplekt\u0105 \u012feina:<\/strong><br \/>\n1x sieninis skruzd\u0117lynas - 30x15x15<br \/>\n1x sieninis skruzd\u0117lynas - L - 30\u00d730 - stiklas<br \/>\n1x skruzd\u0117lyno r\u0117mas 30\u00d715<br \/>\n1x skruzd\u0117lyno dangtis 30\u00d715<\/p>\n<p>3x vamzd\u017eio jungtis kri\u0161tolo skaidrumo 20 mm - L<br \/>\n1x vamzd\u017eio jungtis kri\u0161tolo skaidrumo, skirta 20 mm - I<br \/>\n1x 3\/4\u2033 - 20 mm baseino jungtis - kri\u0161tolo skaidrumo<br \/>\n1x skruzd\u0117lyno vamzdelis - skaidrus 20 mm (3x3 cm ir 1x30 cm)<br \/>\n1x tarpin\u0117 su 20 mm spaustuvo laikikliu<br \/>\n1x Tinklelio dangtelis - 16 mm - ner\u016bdijantis plienas<br \/>\n2x Grid insert acrylic &#8211; 50 mm with sealing ring<br \/>\n1x Grid insert acrylic &#8211; 27 mm with sealing ring<br \/>\n1x 3\/4 colio formikariumo ver\u017el\u0117 - kri\u0161tolo skaidrumo<br \/>\n8x guminis \u012fd\u0117klas gr\u0119\u017eimo skyl\u0117ms kaip apsauga<br \/>\n8x pover\u017el\u0117s<br \/>\nsu 8x var\u017etais ir kai\u0161\u010diais<\/p>\n<p><strong>Apra\u0161ymas:<\/strong><br \/>\n\u0160is sieninis formikariumo komplektas skirtas montuoti ant sienos, tod\u0117l j\u012f lengva \u012frengti ant medini\u0173 ir akmenini\u0173 sien\u0173. Ir arena, ir skruzd\u0117lynas yra visi\u0161kai permatomi, tod\u0117l galima gerai matyti lizd\u0105. Skruzd\u0117l\u0117ms lizdams galima naudoti sm\u0117l\u012f ir mol\u012f arba vien\u0105 i\u0161 m\u016bs\u0173 si\u016blom\u0173 tinkam\u0173 kam\u0161tini\u0173 ar Digfix lizd\u0173 \u012fd\u0117kl\u0173. Skruzd\u0117lynui ir arenai sujungti \u012f rinkin\u012f \u012ftrauk\u0117me pagal dyd\u012f i\u0161pjautus akrilo vamzdelius. \u012e rinkin\u012f taip pat \u012ftraukti var\u017etai ir ki\u0161tukai, skirti pritvirtinti prie sienos.<\/p>\n<p><strong>Montavimo instrukcijos:<\/strong><\/p>\n<p><strong>Kadangi stiklo plok\u0161t\u0117 yra galin\u0117 siena, po ja esanti siena turi b\u016bti visi\u0161kai tiesi.<\/strong><br \/>\n8 \"S6\" kai\u0161\u010diams sienoje pritvirtinti reikia gr\u0105\u017eto su 6 mm gr\u0105\u017etu (med\u017eio, akmens arba metalo, priklausomai nuo med\u017eiagos). Sienoje reikia i\u0161gr\u0119\u017eti 45 mm gylio skyles, kad b\u016bt\u0173 galima \u012fleisti 6x30 mm kai\u0161\u010dius su 4,5x40 mm var\u017etais.<br \/>\n<strong>Reikia surinkti:<\/strong><br \/>\n- guls\u010diukas<br \/>\n- Lipni juosta, kad nereik\u0117t\u0173 \u017eym\u0117ti ant \u017eemiau esan\u010dios sienos.<br \/>\n- Kry\u017eminis atsuktuvas<br \/>\n- Gr\u0119\u017etuvas \/ gr\u0119\u017etuvas, priklausomai nuo sienos<br \/>\n- 6 mm gr\u0105\u017etas (med\u017eio, akmens arba metalo, priklausomai nuo pavir\u0161iaus)<br \/>\n- Taip pat naudinga i\u0161 popieriaus lapo pasidaryti skyli\u0173 \u0161ablon\u0105. Tiesiog pad\u0117kite j\u012f po galine sienele ir pa\u017eym\u0117kite skyles.<\/p>\n<p><strong>I\u0161sami informacija apie skruzd\u0117lyn\u0105:<\/strong><br \/>\nMatmenys (LxH):<br \/>\nGalin\u0117 sienel\u0117 (6 mm storio): 400x293 mm<\/p>\n<p>I\u0161or\u0117 (be galinio skydelio)<br \/>\n334x28x296 mm<\/p>\n<p>Viduje<br \/>\n284x20x290 mm<\/p>\n<p><strong>Med\u017eiaga:<\/strong><br \/>\nPl\u016bdusis stiklas<\/p>\n<p><strong>spalva:<\/strong><br \/>\nkri\u0161tolo skaidrumo<\/p>\n<p><strong>I\u0161sami informacija apie skruzd\u0117lyn\u0105:<\/strong><br \/>\nMatmenys (Dx\u0160xV):<br \/>\nGalin\u0117 sienel\u0117 (6 mm): 400x150 mm<\/p>\n<p>Arena (be galin\u0117s sienos): 300x146x150 mm<\/p>\n<p><strong>med\u017eiaga:<\/strong><br \/>\nPl\u016bdusis stiklas<\/p>\n<p><strong>Spalva:<\/strong><br \/>\nkri\u0161tolo skaidrumo<\/p>\n<p><strong>Matmenys (Dx\u0160xV):<\/strong><br \/>\nGalin\u0117 sienel\u0117 (6 mm): 400x150 mm<\/p>\n<p>Arena (be galinio skydelio): 300x146x150 mm<\/p>\n<p><strong>med\u017eiaga:<\/strong><br \/>\nPl\u016bdusis stiklas<\/p>\n<p><strong>Spalva:<\/strong><br \/>\nkri\u0161tolo skaidrumo<\/p>\n<p><strong>Pastabos apie gamyb\u0105<\/strong><br \/>\nStiklas pjaunamas pagal DIN 1249 reikalavimus, leistina paklaida +\/- 1 mm. Papildoma apsauga nuo i\u0161lau\u017eimo b\u016btina itin ma\u017eoms skruzd\u0117li\u0173 r\u016b\u0161ims.<br \/>\nKadangi m\u016bs\u0173 gaminiai gaminami rankomis, nepaisant did\u017eiausio kruop\u0161tumo, gali pasitaikyti minimali\u0173 nukrypim\u0173.<\/p>\n<p><strong>Pastaba apie \u016bk\u012f<\/strong><br \/>\n<strong>Prijungdami arba nuimdami \u017earnas, atkreipkite d\u0117mes\u012f \u012f \u0161iuos dalykus:<\/strong><br \/>\nJei vamzdel\u012f labai sunku pritvirtinti prie jungties lizdo, lizd\u0105 reikia lengvai patepti la\u0161eliu m\u016bs\u0173 apsaugin\u0117s alyvos arba milteli\u0173. Tuomet \u017earn\u0105 \u012f lizd\u0105 reikia \u012fstumti sukamaisiais arba prisukamaisiais judesiais, ne\u012ftempiant lizdo judesiais auk\u0161tyn ir \u017eemyn. Tas pats galioja ir nuimant \u017earnas nuo \u016bkio jungiamojo lizdo. Negalima jos tiesiog i\u0161traukti!<\/p>","protected":false},"excerpt":{"rendered":"<p>\u0160\u012f rinkin\u012f sudaro 21 dalis<\/p>\n<p>Dydis: <span style=\"color: #0000ff;\"><strong>L<\/strong> <\/span><\/p>","protected":false},"featured_media":8995,"comment_status":"open","ping_status":"closed","template":"","meta":{"_acf_changed":false,"content-type":"","_monsterinsights_skip_tracking":false,"_monsterinsights_sitenote_active":false,"_monsterinsights_sitenote_note":"","_monsterinsights_sitenote_category":0},"product_brand":[],"product_cat":[257,73,86],"product_tag":[],"class_list":{"0":"post-8970","1":"product","2":"type-product","3":"status-publish","4":"has-post-thumbnail","6":"product_cat-new-innovatve-products","7":"product_cat-starter-sets","8":"product_cat-formicariums","10":"first","11":"instock","12":"taxable","13":"shipping-taxable","14":"purchasable","15":"product-type-simple"},"acf":[],"aioseo_notices":[],"jetpack_sharing_enabled":true,"_links":{"self":[{"href":"https:\/\/antcube.shop\/lt\/wp-json\/wp\/v2\/product\/8970","targetHints":{"allow":["GET"]}}],"collection":[{"href":"https:\/\/antcube.shop\/lt\/wp-json\/wp\/v2\/product"}],"about":[{"href":"https:\/\/antcube.shop\/lt\/wp-json\/wp\/v2\/types\/product"}],"replies":[{"embeddable":true,"href":"https:\/\/antcube.shop\/lt\/wp-json\/wp\/v2\/comments?post=8970"}],"wp:featuredmedia":[{"embeddable":true,"href":"https:\/\/antcube.shop\/lt\/wp-json\/wp\/v2\/media\/8995"}],"wp:attachment":[{"href":"https:\/\/antcube.shop\/lt\/wp-json\/wp\/v2\/media?parent=8970"}],"wp:term":[{"taxonomy":"product_brand","embeddable":true,"href":"https:\/\/antcube.shop\/lt\/wp-json\/wp\/v2\/product_brand?post=8970"},{"taxonomy":"product_cat","embeddable":true,"href":"https:\/\/antcube.shop\/lt\/wp-json\/wp\/v2\/product_cat?post=8970"},{"taxonomy":"product_tag","embeddable":true,"href":"https:\/\/antcube.shop\/lt\/wp-json\/wp\/v2\/product_tag?post=8970"}],"curies":[{"name":"wp","href":"https:\/\/api.w.org\/{rel}","templated":true}]}}