{"id":8968,"date":"2024-08-19T20:47:21","date_gmt":"2024-08-19T18:47:21","guid":{"rendered":"https:\/\/antcube.shop\/product\/wand-ameisenfarm-l-30x30-glas\/"},"modified":"2026-01-12T12:39:31","modified_gmt":"2026-01-12T11:39:31","slug":"sieninis-skruzdelynas-l-30x30-stiklas","status":"publish","type":"product","link":"https:\/\/antcube.shop\/lt\/produktas\/sieninis-skruzdelynas-l-30x30-stiklas\/","title":{"rendered":"Sieninis skruzd\u0117lynas - L - 30\u00d730 - Stiklas"},"content":{"rendered":"<p><strong>Matmenys (LxH):<\/strong><br \/>\nGalin\u0117 sienel\u0117 (6 mm storio) : 400x293 mm<\/p>\n<p>I\u0161or\u0117 (be galinio skydelio)<br \/>\n334x28x296 mm<\/p>\n<p>Viduje<br \/>\n284x20x290 mm<\/p>\n<p><strong>Med\u017eiaga:<\/strong><br \/>\nPl\u016bdusis stiklas<\/p>\n<p><strong>Spalva:<\/strong><br \/>\nkri\u0161tolo skaidrumo<\/p>\n<p><strong>Turinys:<\/strong><br \/>\nSieninis skruzd\u0117lynas - L - 30\u00d730 - Stiklas<br \/>\n1x dangtis skruzd\u0117lynas<br \/>\n4x guminis \u012fd\u0117klas gr\u0119\u017eimo skyl\u0117ms kaip apsauga<br \/>\n4x pover\u017el\u0117 gr\u0119\u017eimo skyl\u0117ms<br \/>\n4x ki\u0161tukai ir var\u017etai<\/p>\n<p><strong>Ry\u0161ys:<\/strong><br \/>\n2x 14\/16\/18\/20 x 20 mm lizdas<\/p>\n<p>14\/10 \u017earna tvirtai \u012fki\u0161ta \u012f 14 mm lizd\u0105<br \/>\n20\/16 \u017earna yra tvirtai pritvirtinta prie pirmojo 16 mm laiptelio<\/p>\n<p><strong>Apra\u0161ymas:<\/strong><br \/>\n\u0160is skruzd\u0117lynas sukurtas montuoti ant sienos, tod\u0117l j\u012f lengva \u012frengti ant medini\u0173 ir akmenini\u0173 sien\u0173. Jis visi\u0161kai permatomas ir leid\u017eia gerai matyti lizd\u0105. Skruzd\u0117l\u0117ms galima naudoti sm\u0117l\u012f ir mol\u012f arba vien\u0105 i\u0161 m\u016bs\u0173 tinkam\u0173 lizd\u0173 \u012fd\u0117kl\u0173, pagamint\u0173 i\u0161 kam\u0161tienos arba Digfix. Be to, prie \u0161onini\u0173 prijungimo lizd\u0173 galima prijungti \u017earn\u0105, skaidr\u0173 akrilo vamzdel\u012f arba \"skruzd\u017ei\u0173 laiptus\". Taip pat si\u016blome 30\u00d715 arba 30\u00d730 dyd\u017ei\u0173 sienini\u0173 skruzd\u0117lyn\u0173, tinkan\u010di\u0173 prie sieninio skruzd\u0117lyno.<\/p>\n<p><strong>Montavimo instrukcijos:<\/strong><br \/>\n<strong>Kadangi stiklo plok\u0161t\u0117 yra galin\u0117 siena, po ja esanti siena turi b\u016bti visi\u0161kai tiesi.<\/strong><br \/>\n4 \"S6\" kai\u0161\u010diams sienoje pritvirtinti reikia gr\u0105\u017eto su 6 mm gr\u0105\u017etu (med\u017eio, akmens arba metalo, priklausomai nuo med\u017eiagos).<br \/>\nSienoje reikia i\u0161gr\u0119\u017eti 45 mm gylio skyles, kad b\u016bt\u0173 galima \u012fleisti 6x30 mm kai\u0161\u010dius su 4,5x40 mm var\u017etais.<br \/>\n<strong>Reikia surinkti:<\/strong><br \/>\n- guls\u010diukas<br \/>\n- Lipni juosta, kad nereik\u0117t\u0173 \u017eym\u0117ti ant \u017eemiau esan\u010dios sienos.<br \/>\n- Kry\u017eminis atsuktuvas<br \/>\n- Gr\u0119\u017etuvas \/ gr\u0119\u017etuvas, priklausomai nuo sienos<br \/>\n- 6 mm gr\u0105\u017etas (med\u017eio, akmens arba metalo, priklausomai nuo pavir\u0161iaus)<br \/>\n- Taip pat naudinga i\u0161 popieriaus lapo pasidaryti skyli\u0173 \u0161ablon\u0105. Tiesiog pad\u0117kite j\u012f po galine sienele ir pa\u017eym\u0117kite skyles.<\/p>\n<p><strong>Pastabos apie gamyb\u0105<\/strong><br \/>\nStiklas pjaustomas pagal DIN 1249, leistina paklaida +\/- 1 mm. Itin ma\u017eoms skruzd\u0117li\u0173 r\u016b\u0161ims b\u016btina papildoma apsauga nuo i\u0161tr\u016bkimo.<br \/>\nKadangi m\u016bs\u0173 gaminiai gaminami rankomis, nepaisant did\u017eiausio kruop\u0161tumo, gali pasitaikyti minimali\u0173 nukrypim\u0173.<\/p>\n<p><strong>Pastaba apie \u016bk\u012f<\/strong><br \/>\nPrijungdami arba nuimdami \u017earnas, atkreipkite d\u0117mes\u012f \u012f \u0161iuos dalykus:<br \/>\nJei vamzdel\u012f labai sunku pritvirtinti prie jungties lizdo, lizd\u0105 reikia lengvai patepti la\u0161eliu m\u016bs\u0173 apsaugin\u0117s alyvos arba milteli\u0173. Tuomet \u017earn\u0105 \u012f lizd\u0105 reikia \u012fstumti sukamaisiais arba prisukamaisiais judesiais, ne\u012ftempiant lizdo judesiais auk\u0161tyn ir \u017eemyn. Tas pats galioja ir nuimant \u017earnas nuo \u016bkio jungiamojo lizdo. Negalima jos tiesiog i\u0161traukti!<\/p>","protected":false},"excerpt":{"rendered":"<p>Ry\u0161ys: Atstumas tarp plok\u0161teli\u0173: 2x 14\/16 x 20 mm; atstumas tarp plok\u0161teli\u0173: Vidinis 20 mm atstumas<\/p>\n<p>Dydis: <span style=\"color: #0000ff;\"><strong>L<\/strong> <\/span><\/p>","protected":false},"featured_media":8997,"comment_status":"open","ping_status":"closed","template":"","meta":{"_acf_changed":false,"content-type":"","_monsterinsights_skip_tracking":false,"_monsterinsights_sitenote_active":false,"_monsterinsights_sitenote_note":"","_monsterinsights_sitenote_category":0},"product_brand":[],"product_cat":[257,80,83,86],"product_tag":[],"class_list":{"0":"post-8968","1":"product","2":"type-product","3":"status-publish","4":"has-post-thumbnail","6":"product_cat-new-innovatve-products","7":"product_cat-antfarms","8":"product_cat-antfarms-l","9":"product_cat-formicariums","11":"first","12":"instock","13":"taxable","14":"shipping-taxable","15":"purchasable","16":"product-type-simple"},"acf":[],"aioseo_notices":[],"jetpack_sharing_enabled":true,"_links":{"self":[{"href":"https:\/\/antcube.shop\/lt\/wp-json\/wp\/v2\/product\/8968","targetHints":{"allow":["GET"]}}],"collection":[{"href":"https:\/\/antcube.shop\/lt\/wp-json\/wp\/v2\/product"}],"about":[{"href":"https:\/\/antcube.shop\/lt\/wp-json\/wp\/v2\/types\/product"}],"replies":[{"embeddable":true,"href":"https:\/\/antcube.shop\/lt\/wp-json\/wp\/v2\/comments?post=8968"}],"wp:featuredmedia":[{"embeddable":true,"href":"https:\/\/antcube.shop\/lt\/wp-json\/wp\/v2\/media\/8997"}],"wp:attachment":[{"href":"https:\/\/antcube.shop\/lt\/wp-json\/wp\/v2\/media?parent=8968"}],"wp:term":[{"taxonomy":"product_brand","embeddable":true,"href":"https:\/\/antcube.shop\/lt\/wp-json\/wp\/v2\/product_brand?post=8968"},{"taxonomy":"product_cat","embeddable":true,"href":"https:\/\/antcube.shop\/lt\/wp-json\/wp\/v2\/product_cat?post=8968"},{"taxonomy":"product_tag","embeddable":true,"href":"https:\/\/antcube.shop\/lt\/wp-json\/wp\/v2\/product_tag?post=8968"}],"curies":[{"name":"wp","href":"https:\/\/api.w.org\/{rel}","templated":true}]}}