{"id":8967,"date":"2024-08-19T20:46:59","date_gmt":"2024-08-19T18:46:59","guid":{"rendered":"https:\/\/antcube.shop\/product\/wand-ameisenarena-30x15x15\/"},"modified":"2026-03-16T10:36:54","modified_gmt":"2026-03-16T09:36:54","slug":"sieninis-skruzdelynas-30x15x15","status":"publish","type":"product","link":"https:\/\/antcube.shop\/lt\/produktas\/sieninis-skruzdelynas-30x15x15\/","title":{"rendered":"Sieninis skruzd\u0117lynas - 30x15x15"},"content":{"rendered":"<p><strong>Matmenys (Dx\u0160xV):<\/strong><br \/>\nGalin\u0117 sienel\u0117 (6 mm): 400x150 mm<\/p>\n<p>Arena (be galinio skydelio): 300x146x150 mm<\/p>\n<p><strong>Med\u017eiaga:<\/strong><br \/>\nPl\u016bdusis stiklas<\/p>\n<p><strong>Spalva:<\/strong><br \/>\nkri\u0161tolo skaidrumo<\/p>\n<p><strong>Turinys:<\/strong><br \/>\n1x sieninis skruzd\u0117lynas - 30x15x15<br \/>\n4x guminis \u012fd\u0117klas gr\u0119\u017eimo skyl\u0117ms kaip apsauga<br \/>\n4x pover\u017el\u0117 gr\u0119\u017eimo skyl\u0117ms<br \/>\n4x ki\u0161tukai ir var\u017etai<\/p>\n<p><strong>Ry\u0161ys:<\/strong><br \/>\n<strong>D\u0116MESIO 4x ki\u0161tukai \/ tinklelio \u012fd\u0117klai \/ jungtys (pagal poreik\u012f) \u0161onin\u0117ms 50 mm skyl\u0117ms \u012f pristatymo apimt\u012f ne\u012feina<\/strong><br \/>\n2x 27 mm skyl\u0117<\/p>\n<p><strong>Apra\u0161ymas:<\/strong><br \/>\n\u0160is skruzd\u0117lynas sukurtas montuoti ant sienos, j\u012f lengva \u012frengti ant medini\u0173 ir akmenini\u0173 sien\u0173. Papildomus skruzd\u0117lynus ir skruzd\u0117lynus galima prijungti per \u0161one esan\u010dias 50 mm skyles. Jung\u010diai galima naudoti \u017earn\u0105 arba skaidr\u0173 akrilo vamzdel\u012f. Taip pat si\u016blome sienin\u012f skruzd\u0117lyn\u0105, derant\u012f prie sienin\u0117s skruzd\u0117lyno arenos.<br \/>\nAtitinkamus gaminius Ant arenos dangtis 30\u00d715 ir Ant arenos r\u0117mas 30\u00d715 reikia u\u017esisakyti atskirai.<\/p>\n<p><strong>Montavimo instrukcijos:<\/strong><br \/>\nKadangi stiklo plok\u0161t\u0117 yra galin\u0117 siena, po ja esanti siena turi b\u016bti visi\u0161kai tiesi.<br \/>\nPriklausomai nuo med\u017eiagos, jums reik\u0117s gr\u0105\u017eto su 6 mm gr\u0105\u017etu (med\u017eio, akmens arba metalo), kad sienoje pritvirtintum\u0117te 4 \"S6\" sieninius kai\u0161\u010dius.<br \/>\nSienoje reikia i\u0161gr\u0119\u017eti 40 mm gylio skyles, kad b\u016bt\u0173 galima \u012fleisti 6x30 mm kai\u0161\u010dius su 4,5x40 mm var\u017etais.<br \/>\nB\u016btina montuoti:<br \/>\n- Guls\u010diukas<br \/>\n- Lipni juosta, kad nereik\u0117t\u0173 \u017eym\u0117ti ant \u017eemiau esan\u010dios sienos.<br \/>\n- Kry\u017eminis atsuktuvas<br \/>\n- Gr\u0119\u017etuvas \/ gr\u0119\u017etuvas, priklausomai nuo sienos<br \/>\n- 6 mm gr\u0105\u017etas (med\u017eio, akmens arba metalo, priklausomai nuo pavir\u0161iaus)<br \/>\n- Taip pat naudinga i\u0161 popieriaus lapo pasidaryti skyli\u0173 \u0161ablon\u0105. Tiesiog pad\u0117kite j\u012f po galine sienele ir pa\u017eym\u0117kite skyles.<\/p>\n<p><strong>Pastabos apie gamyb\u0105<\/strong><br \/>\nStiklas pjaustomas pagal DIN 1249, leistina paklaida +\/- 1 mm. Itin ma\u017eoms skruzd\u0117li\u0173 r\u016b\u0161ims b\u016btina papildoma apsauga nuo i\u0161tr\u016bkimo.<br \/>\nKadangi m\u016bs\u0173 gaminiai gaminami rankomis, nepaisant did\u017eiausio kruop\u0161tumo, gali pasitaikyti minimali\u0173 nukrypim\u0173.<\/p>\n<p><strong>Pastaba apie \u016bk\u012f<\/strong><br \/>\nPrijungdami arba nuimdami \u017earnas, atkreipkite d\u0117mes\u012f \u012f \u0161iuos dalykus:<br \/>\nJei vamzdel\u012f labai sunku pritvirtinti prie jungties lizdo, lizd\u0105 reikia lengvai patepti la\u0161eliu m\u016bs\u0173 apsaugin\u0117s alyvos arba milteli\u0173. Tuomet \u017earn\u0105 \u012f lizd\u0105 reikia \u012fstumti sukamaisiais arba prisukamaisiais judesiais, ne\u012ftempiant lizdo judesiais auk\u0161tyn ir \u017eemyn. Tas pats galioja ir nuimant \u017earnas nuo \u016bkio jungiamojo lizdo. Negalima jos tiesiog i\u0161traukti!<\/p>\n<p>&nbsp;<\/p>","protected":false},"excerpt":{"rendered":"<p>Ry\u0161ys: Skyl\u0117 2x 27 mm<\/p>","protected":false},"featured_media":8982,"comment_status":"open","ping_status":"closed","template":"","meta":{"_acf_changed":false,"content-type":"","_monsterinsights_skip_tracking":false,"_monsterinsights_sitenote_active":false,"_monsterinsights_sitenote_note":"","_monsterinsights_sitenote_category":0},"product_brand":[],"product_cat":[257,85,86],"product_tag":[],"class_list":{"0":"post-8967","1":"product","2":"type-product","3":"status-publish","4":"has-post-thumbnail","6":"product_cat-new-innovatve-products","7":"product_cat-ant-arenas","8":"product_cat-formicariums","10":"first","11":"instock","12":"taxable","13":"shipping-taxable","14":"purchasable","15":"product-type-simple"},"acf":[],"aioseo_notices":[],"jetpack_sharing_enabled":true,"_links":{"self":[{"href":"https:\/\/antcube.shop\/lt\/wp-json\/wp\/v2\/product\/8967","targetHints":{"allow":["GET"]}}],"collection":[{"href":"https:\/\/antcube.shop\/lt\/wp-json\/wp\/v2\/product"}],"about":[{"href":"https:\/\/antcube.shop\/lt\/wp-json\/wp\/v2\/types\/product"}],"replies":[{"embeddable":true,"href":"https:\/\/antcube.shop\/lt\/wp-json\/wp\/v2\/comments?post=8967"}],"wp:featuredmedia":[{"embeddable":true,"href":"https:\/\/antcube.shop\/lt\/wp-json\/wp\/v2\/media\/8982"}],"wp:attachment":[{"href":"https:\/\/antcube.shop\/lt\/wp-json\/wp\/v2\/media?parent=8967"}],"wp:term":[{"taxonomy":"product_brand","embeddable":true,"href":"https:\/\/antcube.shop\/lt\/wp-json\/wp\/v2\/product_brand?post=8967"},{"taxonomy":"product_cat","embeddable":true,"href":"https:\/\/antcube.shop\/lt\/wp-json\/wp\/v2\/product_cat?post=8967"},{"taxonomy":"product_tag","embeddable":true,"href":"https:\/\/antcube.shop\/lt\/wp-json\/wp\/v2\/product_tag?post=8967"}],"curies":[{"name":"wp","href":"https:\/\/api.w.org\/{rel}","templated":true}]}}