{"id":8854,"date":"2024-08-01T15:37:58","date_gmt":"2024-08-01T13:37:58","guid":{"rendered":"https:\/\/antcube.shop\/product\/bundle-offer-myrmica-rubra\/"},"modified":"2026-03-17T18:05:43","modified_gmt":"2026-03-17T17:05:43","slug":"paketo-pasiulymas-myrmica-rubra","status":"publish","type":"product","link":"https:\/\/antcube.shop\/lt\/produktas\/paketo-pasiulymas-myrmica-rubra\/","title":{"rendered":"Paketo pasi\u016blymas - Myrmica rubra"},"content":{"rendered":"<p><span data-text-color=\"secondary\"><strong>Si\u016blomas paketas su Myrmica rubra skruzd\u0117li\u0173 kolonija (motin\u0117l\u0117 su 11-25 darbinink\u0117mis ir jaunikliais)<\/strong><\/span><\/p>\n<p><span data-text-color=\"alert\"><strong>Tik kol yra atsarg\u0173.<\/strong><\/span><\/p>\n<p><strong>Viskas, ko reikia Myrmica rubra skruzd\u0117li\u0173 kolonijai:<\/strong><br \/>\n\u0160iame rinkinyje yra viskas, ko reikia, kad Myrmica rubra kolonija s\u0117kmingai i\u0161gyvent\u0173 pirmuosius kelis m\u0117nesius. J\u012f galima lanks\u010diai i\u0161pl\u0117sti ir jis buvo i\u0161bandytas per kelerius metus su \u0161ia skruzd\u0117li\u0173 r\u016b\u0161imi.<\/p>\n<p><strong>Myrmica rubra skruzd\u0117li\u0173 r\u016b\u0161is - europin\u0117 ugnin\u0117 skruzd\u0117l\u0117:<\/strong><br \/>\nMyrmica rubra yra labai pla\u010diai Europoje paplitusi skruzd\u017ei\u0173 r\u016b\u0161is. Ji dar vadinama raudon\u0105ja sodo skruzd\u0117le arba Europos ugnine skruzd\u0117le. Ji m\u0117gsta dr\u0117gnas ir pusiau pav\u0117singas vietas, tod\u0117l da\u017eniausiai aptinkama soduose, pievose ir mi\u0161kuose. Jos taip pat galima rasti kai kuriose Kanados ir JAV dalyse, ta\u010diau ten ji yra invazin\u0117, t. y. nevietin\u0117. Kaip ir dauguma invazini\u0173 skruzd\u0117li\u0173 r\u016b\u0161i\u0173, ji ten buvo \u012fve\u017eta kartu su augalais apie 1900 m.<\/p>\n<p>Myrmica rubra yra poliginin\u0117 r\u016b\u0161is, t. y. laukin\u0117je gamtoje paprastai turi kelias motin\u0117les. Yra net prane\u0161im\u0173 apie vadinam\u0105sias superkolonijas, kuriose gyvena iki 600 motin\u0117li\u0173 ir apie 20 000 darbinink\u0173. Myrmica rubra agresyviai gina savo lizd\u0105 ir turi gynybinius dyglius. Ta\u010diau jos nuodai nekenksmingi, i\u0161skyrus alergi\u0161kiems \u017emon\u0117ms.<\/p>\n<p>Myrmica rubra laukin\u0117je gamtoje \u017eiemoja nuo spalio pabaigos iki kovo pabaigos ma\u017edaug 5-8\u00b0 temperat\u016broje.<\/p>\n<p><strong>Myrmica rubra lizdas:<\/strong><br \/>\nGamtoje Myrmica rubra lizdus suka po saman\u0173 pagalv\u0117l\u0117mis, akmenimis laukuose ir pievose, \u017eem\u0117je, kur stato piliakalnius, ar net supuvusioje medienoje. Svarbiausia jiems - dr\u0117gna lizdaviet\u0117.<\/p>\n<p>\u012e \u0161\u012f pradin\u012f rinkin\u012f \u012ftrauk\u0117me vien\u0105 i\u0161 m\u016bs\u0173 \"Digfix\" plok\u0161teli\u0173 kaip lizdin\u0119 med\u017eiag\u0105. Ji imituoja nat\u016bral\u0173 lizd\u0105 \u017eem\u0117je ir gali b\u016bti laikoma labai dr\u0117gna. Be to, kasdami gyv\u016bnai negali sutepti skruzd\u0117lyno lang\u0173, tod\u0117l nuolat gerai matosi kameros ir pra\u0117jimai. Be to, \u0161i med\u017eiaga skruzd\u0117lyne yra daug stabilesn\u0117 nei \u012fprastas sm\u0117lio ir molio mi\u0161inys, tod\u0117l kameros ir tuneliai nesugri\u016bva.<\/p>\n<p><strong>Myrmica rubra maistas:<\/strong><br \/>\nMyrmica rubra yra visa\u0117dis ir gamtoje minta lavonais, vabzd\u017eiais ir nektaru. Kaip ir, pavyzd\u017eiui, Lasius niger, Myrmica rubra taip pat saugo amar\u0173 kolonijas ir jas gina.<\/p>\n<p>\u012e \u0161\u012f rinkin\u012f kaip maist\u0105 \u012ftrauk\u0117me sveikus blan\u0161iruotus vik\u0161rus ir medune\u0161\u012f. Abu \u0161iuos produktus Myrmica rubra labai gerai priima ir d\u0117l juose esan\u010di\u0173 maistini\u0173 med\u017eiag\u0173 palaiko nat\u016bral\u0173 ir teigiam\u0105 kolonijos vystym\u0105si.<\/p>\n<p><strong>Optimalios klimato s\u0105lygos Myrmica rubra yra \u0161ios:<\/strong><br \/>\nDr\u0117gm\u0117:<br \/>\nArena: Lizdo plotas: 30 - 50%: 50 - 70%<br \/>\nTemperat\u016bra:<br \/>\nArena: 18-28 \u00b0C Lizdo plotas: 21 - 24\u00b0C<\/p>\n<p><strong>Turinys:<\/strong><\/p>\n<p>1x Myrmica rubra motin\u0117l\u0117 + 11-25 darbinink\u0173 ir jaunikliai<br \/>\n1x \"Cricket Jam\" 25g<br \/>\n1x medaus dervos mi\u0161inys (HT) - papildoma pakuot\u0117 10ml<br \/>\n1x Formikariumo pagrindas - 20x20 cm<br \/>\n1x formikariumo pagrindas - 20x6cm<\/p>\n<p>1x ANTCUBE - arena 20x20x10 - plok\u0161\u010dia<br \/>\n1x skruzd\u0117lyno r\u0117mas 20\u00d720<br \/>\n1x skruzd\u0117lyno dangtis 20\u00d720<br \/>\n4x arenos dang\u010dio tvirtinimo vieta<br \/>\n2x ANTCUBE - skruzd\u0117lynas - M - 20\u00d720 - vertikalus<br \/>\n1x ANTCUBE - Digfix plok\u0161tel\u0117 20\u00d720 - M<\/p>\n<p>1x 0,5 m skaidrus 14\/10 mm vamzdelis<br \/>\n2x ANTCUBE - Raudona folija 20\u00d720 - filtras<br \/>\n1x lipn\u016bs spaustukai - skaidr\u016bs 2 vnt.<br \/>\n1x substratas - sm\u0117lio molis sm\u0117lio spalvos - 200g<\/p>\n<p>1x Grid cap &#8211; 10mm &#8211; stainless steel<br \/>\n2x Grid insert acrylic &#8211; 50 mm with sealing ring<br \/>\n1x Grid insert acrylic &#8211; 27 mm with sealing ring<\/p>\n<p>1x bako \u017earnos jungtis 27-14,16,20 mm - skaidri<br \/>\n1x Foil thermometer &#8211; farm<br \/>\n1x Foil thermometer Display<br \/>\n1x drinking clear 5ml &#8211; sponge<br \/>\n1x Feeding dish white rectangle &#8211; 3 compartments<br \/>\n1x Drinking trough 2ml &#8211; 360 Degrees<br \/>\n1x Apsauginis aliejus nuo skruzd\u017ei\u0173 10ml<br \/>\n1x Pincetas spyruoklinis plienas - platus - mink\u0161tas<br \/>\n1x Pincetas plastikinis skaidrus<br \/>\n1x plastikin\u0117 3 ml pipet\u0117<br \/>\n1x rankinis didinamasis stiklas - 2x - 30 mm<br \/>\n1x put\u0173 valytuvas 150x18x2,5 mm<br \/>\n1x foto nugara - pieva - 20\u00d710<\/p>\n<p>&nbsp;<\/p>\n<p><strong>Apra\u0161ymas:<\/strong><br \/>\n\u0160iame i\u0161ple\u010diamame Myrmica rubra pradiniame rinkinyje yra ne tik optimaliai pritaikytas formikariumas, bet ir tinkami priedai \u0161iai skruzd\u0117li\u0173 r\u016b\u0161iai laikyti. \"Gertuv\u0117 skaidri 20 ml - kempin\u0117l\u0117\" skirta vandeniui, \"gertuv\u0117 2 ml - 360 laipsni\u0173\" - medaus rasos mi\u0161iniui.<\/p>\n<p><span data-text-color=\"alert\"><strong>Svarbu:<\/strong><\/span> Prie\u0161 naudodami sudr\u0117kinkite dykumos substrat\u0105, kad mi\u0161inys gal\u0117t\u0173 sukibti ir tvirtai \u012fsitvirtinti skruzd\u0117lyne. Be to, sausas ir dulk\u0117tas substratas gali u\u017ekim\u0161ti skruzd\u017ei\u0173 kv\u0117pavimo takus, o blogiausiu atveju gyv\u016bnai gali u\u017edusti.<\/p>\n<p><strong>Pastabos apie gamyb\u0105<\/strong><br \/>\nStiklas pjaunamas pagal DIN 1249 reikalavimus, leistina paklaida +\/- 1 mm. Papildoma apsauga nuo i\u0161lau\u017eimo b\u016btina itin ma\u017eoms skruzd\u0117li\u0173 r\u016b\u0161ims.<\/p>\n<p><strong>Pastaba d\u0117l blan\u0161iruot\u0173 vik\u0161r\u0173:<\/strong><br \/>\nM\u016bs\u0173 \"Cricket Jam\" - tai paprastas b\u016bdas apr\u016bpinti skruzd\u0117les \u0161vie\u017eiai konservuotu baltyminiu maistu, nemaitinant j\u0173 gyvais vabzd\u017eiais. Sud\u0117tyje esantys vik\u0161rai (Acheta domesticus) buvo \u0161velniai i\u0161virti, kad b\u016bt\u0173 i\u0161saugotos maistin\u0117s vert\u0117s, skonis ir aromatas. Be to, taip sumink\u0161tinamas chitininis vabzd\u017ei\u0173 apvalkalas, kad jis b\u016bt\u0173 lengviau vir\u0161kinamas. Kolageno baltym\u0173 jungtys suardomos, kad skruzd\u0117s gal\u0117t\u0173 juos geriau panaudoti. Konservuoti Acheta domesticus turi toki\u0105 pa\u010di\u0105 maistin\u0119 vert\u0119 kaip ir gyvi vik\u0161rai, ta\u010diau yra lengviau vir\u0161kinami.<\/p>\n<p>Blan\u0161iruoti vik\u0161rai netinka med\u017eioti skruzd\u017ei\u0173 r\u016b\u0161ims, kurioms reikalingas gyvas maistas (pvz., ponerin\u0117ms (did\u017eiosioms skruzd\u0117ms), tokioms kaip Harpegnathos arba Odontomachus).<\/p>\n<p><strong>Kiti privalumai:<\/strong><br \/>\nGarantuotai be erki\u0173<br \/>\nGalima dalyti porcijomis<br \/>\nSterilizuota ir i\u0161siurbta<br \/>\nBe pried\u0173<br \/>\nVik\u0161rai i\u0161 tvaraus ekologinio veisimo, maitinami organin\u0117mis atliekomis<\/p>\n<p><strong>Atkreipkite d\u0117mes\u012f:<\/strong><br \/>\nAtidarius galima laikyti \u0161aldytuve apie keturias dienas. Ilgiau galioja u\u017e\u0161ald\u017eius.<\/p>\n<p><strong>Pastaba apie medaus rie\u0161utus:<\/strong><br \/>\nTurinys: 10 ml<br \/>\nTai nat\u016bralus produktas, kur\u012f po ilg\u0173 bandym\u0173 laboratorijoje patobulinome ir suk\u016br\u0117me skruzd\u0117l\u0117ms puikiai priimtin\u0105 maist\u0105. Prie\u017eastis ta, kad neapdorotas medune\u0161io medus savo koncentruota pradine forma n\u0117ra gerai priimamas skruzd\u017ei\u0173 ir j\u0173 med\u017eiag\u0173 apykaitos.<br \/>\nM\u016bs\u0173 medune\u0161is surinktas neu\u017eter\u0161tuose laukiniuose Bulgarijos kaln\u0173 mi\u0161kuose. Medune\u0161is u\u017eauga labai trumpam, ma\u017edaug dviem m\u0117nesiams vasar\u0105. Tod\u0117l jis yra labai retas. D\u0117l specifini\u0173 mi\u0161k\u0173 dirvo\u017eemio savybi\u0173 ir klimato med\u017ei\u0173 lapuose kaupiasi b\u016btinos maistin\u0117s med\u017eiagos, kurias pasisavina amarai. B\u016btent d\u0117l to \u0161is medune\u0161io mi\u0161inys yra toks geid\u017eiamas skruzd\u0117l\u0117ms.<\/p>\n<p><strong>Taikymas:<\/strong><br \/>\nMaisto kiek\u012f reikia suvartoti ma\u017edaug per 3 dienas.<\/p>\n<p><strong>Apra\u0161ymas:<\/strong><br \/>\nMedune\u0161is, kitaip nei g\u0117li\u0173 medus, gaunamas i\u0161 vabzd\u017ei\u0173, kurie \u010diulpia augalus, pavyzd\u017eiui, amar\u0173, i\u0161skyr\u0173. Medune\u0161is yra populiarus daugelio vabzd\u017ei\u0173, pavyzd\u017eiui, skruzd\u0117li\u0173, bi\u010di\u0173 ir kamani\u0173, maisto \u0161altinis. Bit\u0117s ir kaman\u0117s j\u012f lai\u017eo nuo \u012fvairi\u0173 med\u017ei\u0173 lap\u0173 ar spygli\u0173. Skruzd\u0117l\u0117s, pavyzd\u017eiui, Lasius niger, tiesiog saugo amarus. Jos net gina juos nuo pl\u0117\u0161r\u016bn\u0173 ir perne\u0161a \u012f \u0161vie\u017eius \u016bglius.<\/p>\n<p>Medaus ras\u0105 skruzd\u0117s ypa\u010d m\u0117gsta d\u0117l kiek kitoki\u0173 sudedam\u0173j\u0173 dali\u0173. Pagrindiniai medune\u0161io cukr\u016bs yra sacharoz\u0117 ir fruktoz\u0117, ta\u010diau ma\u017eesniais kiekiais yra ir maltoz\u0117s, trehaloz\u0117s, melezitoz\u0117s, rafinoz\u0117s bei kit\u0173 oligosacharid\u0173. Be cukraus ir vandens, meduje taip pat yra nepakei\u010diam\u0173j\u0173 aminor\u016bg\u0161\u010di\u0173, mineral\u0173, mikroelement\u0173, adenozin\u0173, fosfat\u0173 ir kit\u0173 sudedam\u0173j\u0173 dali\u0173, pavyzd\u017eiui, vitamin\u0173.<\/p>\n<p><strong>Naudojimas:<\/strong><br \/>\nMedumi mintan\u010di\u0173 skruzd\u0117li\u0173 (Meliphagidae) r\u016b\u0161ims<br \/>\nTai papildomas pa\u0161aras<br \/>\nJis gali b\u016bti tiekiamas gyv\u016bnams. Kadangi d\u0117l dr\u0117gm\u0117s suma\u017e\u0117ja cukraus koncentracija ir prasideda fermentacijos procesas, pa\u0161ar\u0105 reikia keisti kas 3 dienas. Prie\u0161 pakartotinai naudodami kruop\u0161\u010diai i\u0161valykite \u0161\u0117rimo duben\u0117l\u012f ir (arba) m\u0117gintuv\u0117l\u012f.<br \/>\nAtidaryt\u0105 pakuot\u0119 reikia laikyti sandariai u\u017edaryt\u0105, kol baigsis jos galiojimo laikas.<\/p>\n<p><strong>Maistingumo informacija 100 g:<\/strong><br \/>\napie 2,7 % riebal\u0173<br \/>\ni\u0161 kuri\u0173 prisotinta apie 0,45 %<br \/>\napie 95 % angliavandeni\u0173<br \/>\ni\u0161 kuri\u0173 apie 71 proc. sudaro cukrus<br \/>\napie 2,85% baltym\u0173<\/p>\n<p>Mineralin\u0117s med\u017eiagos (kalis, kalcis, varis, gele\u017eis, natris, magnis, fosforas, cinkas ir kiti mikroelementai) Aminor\u016bg\u0161tys (prolinas, leucinas, fenilalaninas, alaninas, histidinas, izoleucinas, glutamo r\u016bg\u0161tis, argininas, asparagino r\u016bg\u0161tis ir kt.) Organin\u0117s r\u016bg\u0161tys Fermentai (fermentai) Aromatai Inhibitoriai (antibakterin\u0117s med\u017eiagos) G\u0117l\u0117s \u017diedadulk\u0117s<\/p>\n<p><strong>Saugojimas:<\/strong><br \/>\nKad pa\u0161arai b\u016bt\u0173 kokybi\u0161ki, juos reikia laikyti tamsioje ir sausoje vietoje.<\/p>\n<p><strong>Pastaba:<\/strong><br \/>\nPapildomas medumi mintan\u010di\u0173 skruzd\u0117li\u0173 pa\u0161aras.<br \/>\nSud\u0117t\u012f, analitines sudedam\u0105sias dalis, tinkamumo vartoti termin\u0105 ir partijos numer\u012f rasite pakuot\u0117s lapelyje.<\/p>\n<p>Informacijos telefono linija +49 30 439703870<\/p>\n<p><strong>Atsakinga veterinarijos ir maisto inspekcija:<\/strong><br \/>\nSteglitzo veterinarijos biuras<br \/>\nK\u00f6nigin-Luise-Str. 92<br \/>\n14195 Berlynas<\/p>","protected":false},"excerpt":{"rendered":"<p>Rinkin\u012f sudaro 34 dalys<\/p>","protected":false},"featured_media":8856,"comment_status":"open","ping_status":"closed","template":"","meta":{"_acf_changed":false,"content-type":"","_monsterinsights_skip_tracking":false,"_monsterinsights_sitenote_active":false,"_monsterinsights_sitenote_note":"","_monsterinsights_sitenote_category":0},"product_brand":[],"product_cat":[355,73],"product_tag":[],"class_list":{"0":"post-8854","1":"product","2":"type-product","3":"status-publish","4":"has-post-thumbnail","6":"product_cat-bundle-offers","7":"product_cat-starter-sets","9":"first","10":"instock","11":"taxable","12":"shipping-taxable","13":"purchasable","14":"product-type-simple"},"acf":[],"aioseo_notices":[],"jetpack_sharing_enabled":true,"_links":{"self":[{"href":"https:\/\/antcube.shop\/lt\/wp-json\/wp\/v2\/product\/8854","targetHints":{"allow":["GET"]}}],"collection":[{"href":"https:\/\/antcube.shop\/lt\/wp-json\/wp\/v2\/product"}],"about":[{"href":"https:\/\/antcube.shop\/lt\/wp-json\/wp\/v2\/types\/product"}],"replies":[{"embeddable":true,"href":"https:\/\/antcube.shop\/lt\/wp-json\/wp\/v2\/comments?post=8854"}],"wp:featuredmedia":[{"embeddable":true,"href":"https:\/\/antcube.shop\/lt\/wp-json\/wp\/v2\/media\/8856"}],"wp:attachment":[{"href":"https:\/\/antcube.shop\/lt\/wp-json\/wp\/v2\/media?parent=8854"}],"wp:term":[{"taxonomy":"product_brand","embeddable":true,"href":"https:\/\/antcube.shop\/lt\/wp-json\/wp\/v2\/product_brand?post=8854"},{"taxonomy":"product_cat","embeddable":true,"href":"https:\/\/antcube.shop\/lt\/wp-json\/wp\/v2\/product_cat?post=8854"},{"taxonomy":"product_tag","embeddable":true,"href":"https:\/\/antcube.shop\/lt\/wp-json\/wp\/v2\/product_tag?post=8854"}],"curies":[{"name":"wp","href":"https:\/\/api.w.org\/{rel}","templated":true}]}}