{"id":8718,"date":"2024-07-22T15:43:52","date_gmt":"2024-07-22T13:43:52","guid":{"rendered":"https:\/\/antcube.shop\/product\/bonsai-tree-deko\/"},"modified":"2026-01-20T18:00:36","modified_gmt":"2026-01-20T17:00:36","slug":"bonsai-medelis-deko","status":"publish","type":"product","link":"https:\/\/antcube.shop\/lt\/produktas\/bonsai-medelis-deko\/","title":{"rendered":"Bonsai med\u017eiai"},"content":{"rendered":"<p>Dydis \/ auk\u0161tis nuo 20 cm iki 28 cm<br \/>\nSkersmuo ~ 10 cm -20 cm, idealiai tinka 30x30x30 cm ir didesn\u0117ms arenoms.<br \/>\nSvoris svyruoja nuo 250 iki 400 gram\u0173.<\/p>\n<p>M\u016bs\u0173 bonsai medis - puiki j\u016bs\u0173 formikariumo puo\u0161mena. J\u012f galima naudoti tiek laisvai stovint\u012f fromikariume, tiek nat\u016braliai apsodintuose vivariumuose. Kadangi skruzd\u0117s gali sl\u0117ptis po bonsai arba jo viduje, rekomenduojame j\u012f naudoti tik tada, kai skruzd\u017ei\u0173 kolonija jau \u012fsik\u016br\u0117 savo lizde. Prie\u0161ingu atveju jos gali pasirinkti \u0161i\u0105 viet\u0105 kaip lizdaviet\u0119 ir j\u016bs neteksite lizdo i\u0161 aki\u0173.<\/p>\n<p><strong>D\u0116MESIO:<\/strong> Ned\u0117kite \u012f labai dr\u0117gnas patalpas (daugiau kaip 60% dr\u0117gm\u0117s). Bonsai gali prad\u0117ti pelyti. Labai gerai v\u0117dinant, bonsai gali b\u016bti laikomi ir dr\u0117gnesniuose formikariumuose.<\/p>\n<p><span data-text-color=\"alert\"><strong>SVARBI PASTABA APIE STRAIPSN\u012e:<\/strong><\/span><br \/>\nKadangi tai yra nat\u016bralus \/ unikalus produktas, \u010dia pateiktos nuotraukos n\u0117ra visi\u0161kai identi\u0161kos prekei, kuri\u0105 gausite. Galimi mini med\u017eio dyd\u017eio, formos ir spalvos, taip pat karjero skal\u016bno pagrindo plok\u0161tel\u0117s dyd\u017eio, formos ir spalvos skirtumai. Garantuojame tik did\u017eiausi\u0105 gaminio auk\u0161t\u012f.<\/p>\n<p>U\u017esisakydami \u0161i\u0105 prek\u0119 sutinkate ir sutinkate su pirmiau nurodytais galimais gaminio dyd\u017eio, formos ir spalvos variantais pirkimo metu.<\/p>","protected":false},"excerpt":{"rendered":"<p>Matmenys: 20-28 cm auk\u0161\u010dio<\/p>","protected":false},"featured_media":8721,"comment_status":"open","ping_status":"closed","template":"","meta":{"_acf_changed":false,"content-type":"","_monsterinsights_skip_tracking":false,"_monsterinsights_sitenote_active":false,"_monsterinsights_sitenote_note":"","_monsterinsights_sitenote_category":0},"product_brand":[],"product_cat":[95,98],"product_tag":[],"class_list":{"0":"post-8718","1":"product","2":"type-product","3":"status-publish","4":"has-post-thumbnail","6":"product_cat-accessories-for-ants","7":"product_cat-decoration","9":"first","10":"outofstock","11":"taxable","12":"shipping-taxable","13":"purchasable","14":"product-type-simple"},"acf":[],"aioseo_notices":[],"jetpack_sharing_enabled":true,"_links":{"self":[{"href":"https:\/\/antcube.shop\/lt\/wp-json\/wp\/v2\/product\/8718","targetHints":{"allow":["GET"]}}],"collection":[{"href":"https:\/\/antcube.shop\/lt\/wp-json\/wp\/v2\/product"}],"about":[{"href":"https:\/\/antcube.shop\/lt\/wp-json\/wp\/v2\/types\/product"}],"replies":[{"embeddable":true,"href":"https:\/\/antcube.shop\/lt\/wp-json\/wp\/v2\/comments?post=8718"}],"wp:featuredmedia":[{"embeddable":true,"href":"https:\/\/antcube.shop\/lt\/wp-json\/wp\/v2\/media\/8721"}],"wp:attachment":[{"href":"https:\/\/antcube.shop\/lt\/wp-json\/wp\/v2\/media?parent=8718"}],"wp:term":[{"taxonomy":"product_brand","embeddable":true,"href":"https:\/\/antcube.shop\/lt\/wp-json\/wp\/v2\/product_brand?post=8718"},{"taxonomy":"product_cat","embeddable":true,"href":"https:\/\/antcube.shop\/lt\/wp-json\/wp\/v2\/product_cat?post=8718"},{"taxonomy":"product_tag","embeddable":true,"href":"https:\/\/antcube.shop\/lt\/wp-json\/wp\/v2\/product_tag?post=8718"}],"curies":[{"name":"wp","href":"https:\/\/api.w.org\/{rel}","templated":true}]}}