{"id":8717,"date":"2024-07-22T15:37:55","date_gmt":"2024-07-22T13:37:55","guid":{"rendered":"https:\/\/antcube.shop\/product\/bundle-offer-harpegnathos-venator\/"},"modified":"2026-03-04T16:55:50","modified_gmt":"2026-03-04T15:55:50","slug":"paketo-pasiulymas-harpegnathos-venator","status":"publish","type":"product","link":"https:\/\/antcube.shop\/lt\/produktas\/paketo-pasiulymas-harpegnathos-venator\/","title":{"rendered":"Paketo pasi\u016blymas - Harpegnathos venator"},"content":{"rendered":"<p><span data-text-color=\"secondary\"><strong>Si\u016blomas paketas su Harpegnathos venator skruzd\u0117li\u0173 kolonija (motin\u0117l\u0117 su 11-25 darbinink\u0117mis ir jaunikliais)<\/strong><\/span><\/p>\n<p><span data-text-color=\"alert\"><strong>Tik kol yra atsarg\u0173. <\/strong><\/span><\/p>\n<p><span data-text-color=\"alert\"><strong>Siuntimas galimas tik per \"GO!\" Vokietijoje.<\/strong><\/span><\/p>\n<p>1x Harpegnathos venator motin\u0117l\u0117 + 11-25 darbinink\u0173 + jaunikliai<\/p>\n<p>1x Ytong lizdas - 40\u00d720 su arena<br \/>\n1x stiklin\u0117 vonia 40\u00d720<br \/>\n1x 40x20 cm formikariumo pagalv\u0117l\u0117<br \/>\n1x raudona dengiamoji plok\u0161t\u0117 20\u00d720 - horizontali<\/p>\n<p>1x Molio spalva - sm\u0117lio spalvos - 100ml<br \/>\n1x substratas - atogr\u0105\u017e\u0173 mi\u0161kas - 1 kg<br \/>\n1x Formicarium granul\u0117s 200 ml - juodos spalvos<br \/>\n1x nuotrauk\u0173 nugar\u0117l\u0117 - atogr\u0105\u017e\u0173 mi\u0161kas - 20\u00d710<\/p>\n<p>2x Grid insert acrylic &#8211; 50 mm with sealing ring<br \/>\n1x Grid insert acrylic &#8211; 27 mm with sealing ring<\/p>\n<p>1x \"Cricket Jam\" 25g<br \/>\n1x \"Honeydew Mix\" (HT) - papildoma pakuot\u0117 10ml<\/p>\n<p>1x drinking clear 5ml &#8211; sponge<br \/>\n1x Feeding dish white rectangle &#8211; 3 compartments<br \/>\n1x Drinking trough 2ml &#8211; 360 Degrees<\/p>\n<p>1x Foil thermometer Display<\/p>\n<p>1x Apsauginis aliejus nuo skruzd\u017ei\u0173 10ml<br \/>\n1x Pincetas spyruoklinis plienas - platus - mink\u0161tas<br \/>\n1x Pincetas plastikinis skaidrus<br \/>\n1x plastikin\u0117 3 ml pipet\u0117<br \/>\n1x rankinis didinamasis stiklas - 2x - 30 mm<br \/>\n1x put\u0173 valytuvas 150x18x2,5 mm<\/p>\n<p><strong>Skruzd\u0117li\u0173 r\u016b\u0161is Harpegnathos venator:<\/strong><br \/>\nHarpegnathos venator yra labai gra\u017ei ir labai didel\u0117 skruzd\u017ei\u0173 r\u016b\u0161is i\u0161 Pietry\u010di\u0173 Azijos. Jos daugiausia aktyvios nakt\u012f, ta\u010diau d\u0117l paprastai ma\u017eesnio \u0161viesos intensyvumo namuose b\u016bna aktyvios ir dien\u0105. \u0160i skruzd\u0117li\u0173 r\u016b\u0161is gali nu\u0161okti apie 8-10 cm, vaik\u0161\u010dioti atbulomis ir turi labai ger\u0105 reg\u0117jim\u0105. \u017di\u016brint i\u0161 profilio, \u017eandikauliai yra sabalo formos. Med\u017eiodamos jos pasi\u017eymi \u012fdomiu elgesiu - prie\u0161 puldamos virpina gaster\u012f.<\/p>\n<p>Jas galite maitinti cukraus ir medaus tirpalu, medumi ir baltyminiu maistu arba, pageidautina, smulkiais gyvais vabzd\u017eiais, pavyzd\u017eiui, vik\u0161rais ir vaisin\u0117mis musel\u0117mis. Harpegnathos venator pasi\u017eymi labai ry\u0161kiu med\u017eiokliniu elgesiu, tod\u0117l daug geriau priima gyv\u0105 maist\u0105.<\/p>\n<p>Dr\u0117gm\u0117 ir temperat\u016bra arenoje turi b\u016bti ne daugiau kaip \u0161iek tiek padidinta, ta\u010diau lizdas visada turi b\u016bti dr\u0117gnas. Gyv\u016bnams labiau patinka skirtingai dr\u0117gnos lizdo vietos.<\/p>\n<p>Surenkamos kameros ir koridoriai gali b\u016bti tiesiogiai naudojami kolonijoje. Ytong lizd\u0105 galima lengvai sudr\u0117kinti naudojant pridedam\u0105 pad\u0117kl\u0105. Tiesiog \u012fpilkite \u0161iek tiek vandens \u012f pad\u0117kl\u0105 ir palaukite, kol Ytong akmuo pats sugers vanden\u012f.<\/p>\n<p><strong>Informacija apie Ytong lizd\u0105 su arena:<\/strong><br \/>\nSud\u0117tyje yra:<br \/>\nMed\u017eiaga: akytasis betonas, stiklas, PMMA plastikas ir PVC<\/p>\n<p><strong>Ry\u0161ys:<\/strong> 1x 14 mm anga; 1x 27 mm anga<\/p>\n<p><strong>Turinys:<\/strong><br \/>\n1x akytojo betono blokas 40x20x5 cm su 20 mm gylio kameromis.<br \/>\n1 stiklin\u0117 plok\u0161tel\u0117 40\u00d720 cm su 50 mm anga ir arena 20\u00d720 cm<br \/>\n1x skruzd\u0117lyno r\u0117mas 20\u00d720<br \/>\n1x skruzd\u0117lyno dangtis 20\u00d720<br \/>\n1x 50 mm \u017eiedas su 27 mm anga<br \/>\n1x 13 mm formikariumo kam\u0161tis<br \/>\n2x 27 mm formikariumo kam\u0161\u010diai<br \/>\n2x 50 mm formikariumo ki\u0161tukai<\/p>\n<p>D\u0117l vanden\u012f sulaikan\u010di\u0173 savybi\u0173 \u0161i med\u017eiaga puikiai tinka skruzd\u0117l\u0117ms laikyti. J\u0105 galima naudoti daugeliui skruzd\u0117lynuose gyvenan\u010di\u0173 r\u016b\u0161i\u0173 tiek sausose, tiek dr\u0117gnose buvein\u0117se. Priklausomai nuo skruzd\u0117li\u0173 r\u016b\u0161ies, patartina kamer\u0173 dugn\u0105 padengti moliniais da\u017eais ir gruntiniu substratu. Kai kurios r\u016b\u0161ys taip jau\u010diasi patogiau, o, pavyzd\u017eiui, Ponerinae r\u016b\u0161ims reikia dirvo\u017eemio, kad j\u0173 lervos gal\u0117t\u0173 tinkamai apsivaisinti. Kadangi \u0161iame lizde jau yra arena, j\u012f galima naudoti kaip u\u017ebaigt\u0105 formikariumo sistem\u0105.<\/p>\n<p><strong>Pastaba:<\/strong><br \/>\nKad sudr\u0117kinus lizd\u0105 i\u0161 \"Ytong\" nei\u0161b\u0117gt\u0173 vanduo ir nesikaupt\u0173 ant po juo esan\u010di\u0173 bald\u0173 pavir\u0161iaus arba \u0161iurk\u0161ti med\u017eiaga nesubrai\u017eyt\u0173 pavir\u0161i\u0173, \"Ytong\" lizdams rekomenduojame naudoti vien\u0105 i\u0161 prie j\u0173 deran\u010di\u0173 stiklini\u0173 pad\u0117kl\u0173. Jie yra atspar\u016bs vandeniui ir veiksmingai apsaugo po jais esan\u010dius pavir\u0161ius nuo vandens ir \u012fbr\u0117\u017eim\u0173.<\/p>\n<p><strong>Naudojimas:<\/strong><br \/>\nM - L dyd\u017eio skruzd\u0117li\u0173 r\u016b\u0161ims<br \/>\nAkytasis betonas yra labai trapi ir trapi med\u017eiaga. Tod\u0117l ne\u012fmanoma i\u0161vengti, kad gamybos metu kampai ir briaunos nenul\u016b\u017et\u0173 ir netapt\u0173 \u0161iek tiek nelygios. D\u0117l \u0161ios prie\u017easties \"Ytong\" lizdai netinka labai ma\u017eoms S dyd\u017eio skruzd\u0117li\u0173 r\u016b\u0161ims, nes \u0161ios r\u016b\u0161ys gali lengvai i\u0161tr\u016bkti.<\/p>\n<p><span data-text-color=\"alert\"><strong>Svarbu:<\/strong><\/span> Prie\u0161 naudodami sudr\u0117kinkite substrat\u0105, kad mi\u0161inys gal\u0117t\u0173 sukibti ir tvirtai \u012fsitvirtinti skruzd\u0117lyne. Jei substratas per sausas ir dulk\u0117tas, jis gali u\u017ekim\u0161ti skruzd\u017ei\u0173 kv\u0117pavimo takus ir, blogiausiu atveju, jos gali u\u017edusti.<\/p>\n<p><strong>Rekomendacija:<\/strong> Rekomenduojame 2 mm auk\u0161\u010dio substrato sluoksn\u012f, kad gyv\u016bnai negal\u0117t\u0173 \u012fl\u012fsti \u012f aren\u0105, o naudot\u0173si tam skirta ferma. Taip pat rekomenduojame fermoje esan\u010di\u0105 lizdin\u0119 med\u017eiag\u0105 (sm\u0117l\u012f\/sm\u0117l\u012f, Digfix ir kt.) vienoje vietoje lengvai pabadyti, kad gyv\u016bnams b\u016bt\u0173 lengviau kasti.<\/p>\n<p><strong>Pastabos apie gamyb\u0105<\/strong><br \/>\nStiklas pjaunamas pagal DIN 1249 reikalavimus, leistina paklaida +\/- 1 mm. Papildoma apsauga nuo i\u0161lau\u017eimo b\u016btina itin ma\u017eoms skruzd\u0117li\u0173 r\u016b\u0161ims.<\/p>\n<p><strong>Pastaba Molio da\u017eai:<\/strong><\/p>\n<p><strong>Apra\u0161ymas:<\/strong> \u0160is mi\u0161inys netoksi\u0161kas ir gana atsparus vandeniui ant tinko ir betono, ta\u010diau kitais atvejais tirpsta vandenyje.<\/p>\n<p><strong>Naudojimo instrukcijos:<\/strong><br \/>\n\u0160is mi\u0161inys yra paruo\u0161tas naudoti ir gali b\u016bti i\u0161 karto teptuku tepamas ant tinko ar akytojo betono.<br \/>\n100 ml u\u017etenka ma\u017edaug 1\/4 m\u00b2 akytojo betono arba 1\/2 m\u00b2 tinko.<br \/>\nKai pavir\u0161ius yra dr\u0117gnas, j\u012f galima pabarstyti, pavyzd\u017eiui, sm\u0117liu, kad atrodyt\u0173 dar nat\u016braliau.<\/p>","protected":false},"excerpt":{"rendered":"<p>Ry\u0161ys: 1x14mm 1x27mm<br \/>\nDydis: <strong><span style=\"color: #339966;\">M<\/span><\/strong><strong> &#8211; <span style=\"color: #0000ff;\">L<\/span><\/strong><\/p>","protected":false},"featured_media":8720,"comment_status":"open","ping_status":"closed","template":"","meta":{"_acf_changed":false,"content-type":"","_monsterinsights_skip_tracking":false,"_monsterinsights_sitenote_active":false,"_monsterinsights_sitenote_note":"","_monsterinsights_sitenote_category":0},"product_brand":[],"product_cat":[355,73],"product_tag":[],"class_list":{"0":"post-8717","1":"product","2":"type-product","3":"status-publish","4":"has-post-thumbnail","6":"product_cat-bundle-offers","7":"product_cat-starter-sets","8":"product_shipping_class-germany-only","10":"first","11":"outofstock","12":"taxable","13":"shipping-taxable","14":"purchasable","15":"product-type-simple"},"acf":[],"aioseo_notices":[],"jetpack_sharing_enabled":true,"_links":{"self":[{"href":"https:\/\/antcube.shop\/lt\/wp-json\/wp\/v2\/product\/8717","targetHints":{"allow":["GET"]}}],"collection":[{"href":"https:\/\/antcube.shop\/lt\/wp-json\/wp\/v2\/product"}],"about":[{"href":"https:\/\/antcube.shop\/lt\/wp-json\/wp\/v2\/types\/product"}],"replies":[{"embeddable":true,"href":"https:\/\/antcube.shop\/lt\/wp-json\/wp\/v2\/comments?post=8717"}],"wp:featuredmedia":[{"embeddable":true,"href":"https:\/\/antcube.shop\/lt\/wp-json\/wp\/v2\/media\/8720"}],"wp:attachment":[{"href":"https:\/\/antcube.shop\/lt\/wp-json\/wp\/v2\/media?parent=8717"}],"wp:term":[{"taxonomy":"product_brand","embeddable":true,"href":"https:\/\/antcube.shop\/lt\/wp-json\/wp\/v2\/product_brand?post=8717"},{"taxonomy":"product_cat","embeddable":true,"href":"https:\/\/antcube.shop\/lt\/wp-json\/wp\/v2\/product_cat?post=8717"},{"taxonomy":"product_tag","embeddable":true,"href":"https:\/\/antcube.shop\/lt\/wp-json\/wp\/v2\/product_tag?post=8717"}],"curies":[{"name":"wp","href":"https:\/\/api.w.org\/{rel}","templated":true}]}}