{"id":8518,"date":"2024-06-10T10:41:37","date_gmt":"2024-06-10T08:41:37","guid":{"rendered":"https:\/\/antcube.shop\/product\/poster\/"},"modified":"2025-09-30T10:22:23","modified_gmt":"2025-09-30T08:22:23","slug":"plakatu-anatomija","status":"publish","type":"product","link":"https:\/\/antcube.shop\/lt\/produktas\/plakatu-anatomija\/","title":{"rendered":"Plakato anatomija"},"content":{"rendered":"<p>Muziejin\u0117s kokyb\u0117s plakatai pagaminti ant storo matinio popieriaus. \u0160iais plakatais, kurie tikrai praskaidrins bet koki\u0105 aplink\u0105, gal\u0117site papildyti savo kambar\u012f ar biur\u0105 nuostabiu akcentu.<\/p>\n<p>- Popieriaus storis: 10,3 mln.<br \/>\n- Popieriaus svoris: 189 g\/m\u00b2<br \/>\n- Neskaidrumas: 94%<br \/>\n- ISO ry\u0161kumas: 104%<br \/>\n- Popierius tiekiamas i\u0161 Japonijos<\/p>\n<p>\u0160is produktas gaminamas specialiai jums, kai tik pateikiate u\u017esakym\u0105, tod\u0117l jo pristatymas jums u\u017etrunka \u0161iek tiek ilgiau. Gamini\u0173 gamyba pagal u\u017esakym\u0105, o ne urmu, padeda suma\u017einti perprodukcij\u0105, tod\u0117l d\u0117kojame, kad priimate apgalvotus pirkimo sprendimus!<\/p>","protected":false},"excerpt":{"rendered":"<p>Muziejin\u0117s kokyb\u0117s plakatai pagaminti ant storo matinio popieriaus. \u0160iais plakatais, kurie tikrai praskaidrins bet koki\u0105 aplink\u0105, gal\u0117site papildyti savo kambar\u012f ar biur\u0105 nuostabiu akcentu. - Popieriaus storis: 10,3 milimetro - Popieriaus svoris: 189 g\/m\u00b2 - Nepermatomumas: 94% - ISO ry\u0161kumas: 104% - Popierius tiekiamas i\u0161 Japonijos \u0160is gaminys pagamintas specialiai","protected":false},"featured_media":8523,"comment_status":"open","ping_status":"closed","template":"","meta":{"_acf_changed":false,"content-type":"","_monsterinsights_skip_tracking":false,"_monsterinsights_sitenote_active":false,"_monsterinsights_sitenote_note":"","_monsterinsights_sitenote_category":0},"product_brand":[],"product_cat":[245],"product_tag":[],"class_list":{"0":"post-8518","1":"product","2":"type-product","3":"status-publish","4":"has-post-thumbnail","6":"product_cat-merchandise","8":"first","9":"instock","10":"taxable","11":"shipping-taxable","12":"purchasable","13":"product-type-variable"},"acf":[],"aioseo_notices":[],"jetpack_sharing_enabled":true,"_links":{"self":[{"href":"https:\/\/antcube.shop\/lt\/wp-json\/wp\/v2\/product\/8518","targetHints":{"allow":["GET"]}}],"collection":[{"href":"https:\/\/antcube.shop\/lt\/wp-json\/wp\/v2\/product"}],"about":[{"href":"https:\/\/antcube.shop\/lt\/wp-json\/wp\/v2\/types\/product"}],"replies":[{"embeddable":true,"href":"https:\/\/antcube.shop\/lt\/wp-json\/wp\/v2\/comments?post=8518"}],"wp:featuredmedia":[{"embeddable":true,"href":"https:\/\/antcube.shop\/lt\/wp-json\/wp\/v2\/media\/8523"}],"wp:attachment":[{"href":"https:\/\/antcube.shop\/lt\/wp-json\/wp\/v2\/media?parent=8518"}],"wp:term":[{"taxonomy":"product_brand","embeddable":true,"href":"https:\/\/antcube.shop\/lt\/wp-json\/wp\/v2\/product_brand?post=8518"},{"taxonomy":"product_cat","embeddable":true,"href":"https:\/\/antcube.shop\/lt\/wp-json\/wp\/v2\/product_cat?post=8518"},{"taxonomy":"product_tag","embeddable":true,"href":"https:\/\/antcube.shop\/lt\/wp-json\/wp\/v2\/product_tag?post=8518"}],"curies":[{"name":"wp","href":"https:\/\/api.w.org\/{rel}","templated":true}]}}