{"id":8505,"date":"2024-06-10T10:40:55","date_gmt":"2024-06-10T08:40:55","guid":{"rendered":"https:\/\/antcube.shop\/product\/sports-water-bottle\/"},"modified":"2025-12-03T21:47:07","modified_gmt":"2025-12-03T20:47:07","slug":"sportinis-vandens-buteliukas","status":"publish","type":"product","link":"https:\/\/antcube.shop\/lt\/produktas\/sportinis-vandens-buteliukas\/","title":{"rendered":"Sportinis vandens buteliukas"},"content":{"rendered":"<p>\u012esigykite asmenin\u012f ir sportin\u012f vandens buteliuk\u0105, pagamint\u0105 i\u0161 50% perdirbto plastiko, kad gal\u0117tum\u0117te stilingai apsir\u016bpinti vandeniu. Atsparus d\u0117m\u0117ms, d\u016b\u017eiams ir kvapams, jis i\u0161laiko g\u0117rimus \u0161vie\u017eius, o nuo i\u0161siliejimo apsaugotas dangtelis ir u\u017ekandimo vo\u017etuvas neleid\u017eia i\u0161tek\u0117ti. \u0160io butelio itin didelis dydis taip pat tinka bet kokiai ilgai treniruotei sporto sal\u0117je, darbui ar mokymuisi! - 25<\/p>\n<p>- 25 oz (739 ml) <br \/>\n- Matmenys: 10\u2033 \u00d7 3\u2033 (25,4 \u00d7 7,62 cm)<br \/>\n- Perdirbta med\u017eiaga be BPA Eastman Tritan\u2122 Renew 50% <br \/>\n- Atsparus d\u0117m\u0117ms, d\u016b\u017eiams ir kvapams<br \/>\n- U\u017esukamas u\u017esukamas dangtelis su \u012fkandimo vo\u017etuvu, apsaugotas nuo i\u0161siliejimo<br \/>\n- Vieno pir\u0161to rankena<\/p>","protected":false},"excerpt":{"rendered":"<p>\u012esigykite asmenin\u012f ir sportin\u012f vandens buteliuk\u0105, pagamint\u0105 i\u0161 50% perdirbto plastiko, kad gal\u0117tum\u0117te stilingai apsir\u016bpinti vandeniu. Atsparus d\u0117m\u0117ms, d\u016b\u017eiams ir kvapams, jis i\u0161laiko g\u0117rimus \u0161vie\u017eius, o nuo i\u0161siliejimo apsaugotas dangtelis ir u\u017ekandimo vo\u017etuvas neleid\u017eia i\u0161tek\u0117ti. \u0160io butelio itin didelis dydis taip pat tinka bet kokiai ilgai treniruotei sporto sal\u0117je, darbui ar mokymuisi! - 25","protected":false},"featured_media":0,"comment_status":"open","ping_status":"closed","template":"","meta":{"_acf_changed":false,"content-type":"","_monsterinsights_skip_tracking":false,"_monsterinsights_sitenote_active":false,"_monsterinsights_sitenote_note":"","_monsterinsights_sitenote_category":0},"product_brand":[],"product_cat":[245],"product_tag":[],"class_list":{"0":"post-8505","1":"product","2":"type-product","3":"status-publish","5":"product_cat-merchandise","7":"first","8":"outofstock","9":"taxable","10":"shipping-taxable","11":"product-type-variable"},"acf":[],"aioseo_notices":[],"jetpack_sharing_enabled":true,"_links":{"self":[{"href":"https:\/\/antcube.shop\/lt\/wp-json\/wp\/v2\/product\/8505","targetHints":{"allow":["GET"]}}],"collection":[{"href":"https:\/\/antcube.shop\/lt\/wp-json\/wp\/v2\/product"}],"about":[{"href":"https:\/\/antcube.shop\/lt\/wp-json\/wp\/v2\/types\/product"}],"replies":[{"embeddable":true,"href":"https:\/\/antcube.shop\/lt\/wp-json\/wp\/v2\/comments?post=8505"}],"wp:attachment":[{"href":"https:\/\/antcube.shop\/lt\/wp-json\/wp\/v2\/media?parent=8505"}],"wp:term":[{"taxonomy":"product_brand","embeddable":true,"href":"https:\/\/antcube.shop\/lt\/wp-json\/wp\/v2\/product_brand?post=8505"},{"taxonomy":"product_cat","embeddable":true,"href":"https:\/\/antcube.shop\/lt\/wp-json\/wp\/v2\/product_cat?post=8505"},{"taxonomy":"product_tag","embeddable":true,"href":"https:\/\/antcube.shop\/lt\/wp-json\/wp\/v2\/product_tag?post=8505"}],"curies":[{"name":"wp","href":"https:\/\/api.w.org\/{rel}","templated":true}]}}