{"id":8197,"date":"2024-06-10T10:30:29","date_gmt":"2024-06-10T08:30:29","guid":{"rendered":"https:\/\/antcube.shop\/product\/unisex-hoodie-2\/"},"modified":"2024-12-12T11:08:24","modified_gmt":"2024-12-12T10:08:24","slug":"unisex-dzemperis-su-gobtuvu-2","status":"publish","type":"product","link":"https:\/\/antcube.shop\/lt\/produktas\/unisex-dzemperis-su-gobtuvu-2\/","title":{"rendered":"Unisex d\u017eemperis su gobtuvu"},"content":{"rendered":"<p>Kiekvienam reikia jaukaus, patogaus ir patogaus megztinio su gobtuvu, tod\u0117l rinkit\u0117s tok\u012f, kuris b\u016bt\u0173 mink\u0161tas, \u0161velnus ir stilingas. Tai puikus pasirinkimas v\u0117sesniems vakarams!<\/p>\n<p>- 50% i\u0161 anksto i\u0161mirkyta medviln\u0117, 50% poliesteris<br \/>\n- Audinio svoris: 8,0 oz\/yd\u00b2 (271,25 g\/m\u00b2)<br \/>\n- Oro srove verpiami verpalai, pasi\u017eymintys \u0161velnumu ir ma\u017eesniu pilingo susidarymu<br \/>\n- Dvigubo pamu\u0161alo gobtuvas su atitinkamu rai\u0161teliu<br \/>\n- Ketvirtadaliu pasuktas k\u016bnas, kad b\u016bt\u0173 i\u0161vengta rauk\u0161l\u0117s viduryje<br \/>\n- 1 \u00d7 1 sportiniai megzti rankogaliai ir juosmens juosta su elastanu<br \/>\n- Priekin\u0117 ki\u0161en\u0117<br \/>\n- Dukart susi\u016bta apykakl\u0117, pe\u010diai, rankov\u0117s, rankogaliai ir apa\u010dia<br \/>\n- Tu\u0161\u010dias gaminys, kurio kilm\u0117s \u0161alis yra Banglade\u0161as, Nikaragva, Hond\u016bras arba Salvadoras<\/p>\n<p>\u0160is produktas gaminamas specialiai jums, kai tik pateikiate u\u017esakym\u0105, tod\u0117l jo pristatymas jums u\u017etrunka \u0161iek tiek ilgiau. Gamini\u0173 gamyba pagal u\u017esakym\u0105, o ne urmu, padeda suma\u017einti perprodukcij\u0105, tod\u0117l d\u0117kojame, kad priimate apgalvotus pirkimo sprendimus!<\/p>","protected":false},"excerpt":{"rendered":"<p>Kiekvienam reikia jaukaus, patogaus ir patogaus megztinio su gobtuvu, tod\u0117l rinkit\u0117s tok\u012f, kuris b\u016bt\u0173 mink\u0161tas, \u0161velnus ir stilingas. Tai puikus pasirinkimas v\u0117sesniems vakarams! - 50% i\u0161 anksto i\u0161mirkyta medviln\u0117, 50% poliesteris - Audinio svoris: 8,0 oz\/yd\u00b2 (271,25 g\/m\u00b2) - Oro srove verpiami si\u016blai, \u0161veln\u016bs ir ma\u017eiau p\u016bsl\u0117jantys - Dvigubo pamu\u0161alo gobtuvas su atitinkamu pamu\u0161alu","protected":false},"featured_media":8290,"comment_status":"open","ping_status":"closed","template":"","meta":{"_acf_changed":false,"content-type":"","_monsterinsights_skip_tracking":false,"_monsterinsights_sitenote_active":false,"_monsterinsights_sitenote_note":"","_monsterinsights_sitenote_category":0},"product_brand":[],"product_cat":[245],"product_tag":[],"class_list":{"0":"post-8197","1":"product","2":"type-product","3":"status-publish","4":"has-post-thumbnail","6":"product_cat-merchandise","8":"first","9":"instock","10":"taxable","11":"shipping-taxable","12":"purchasable","13":"product-type-variable"},"acf":[],"aioseo_notices":[],"jetpack_sharing_enabled":true,"_links":{"self":[{"href":"https:\/\/antcube.shop\/lt\/wp-json\/wp\/v2\/product\/8197","targetHints":{"allow":["GET"]}}],"collection":[{"href":"https:\/\/antcube.shop\/lt\/wp-json\/wp\/v2\/product"}],"about":[{"href":"https:\/\/antcube.shop\/lt\/wp-json\/wp\/v2\/types\/product"}],"replies":[{"embeddable":true,"href":"https:\/\/antcube.shop\/lt\/wp-json\/wp\/v2\/comments?post=8197"}],"wp:featuredmedia":[{"embeddable":true,"href":"https:\/\/antcube.shop\/lt\/wp-json\/wp\/v2\/media\/8290"}],"wp:attachment":[{"href":"https:\/\/antcube.shop\/lt\/wp-json\/wp\/v2\/media?parent=8197"}],"wp:term":[{"taxonomy":"product_brand","embeddable":true,"href":"https:\/\/antcube.shop\/lt\/wp-json\/wp\/v2\/product_brand?post=8197"},{"taxonomy":"product_cat","embeddable":true,"href":"https:\/\/antcube.shop\/lt\/wp-json\/wp\/v2\/product_cat?post=8197"},{"taxonomy":"product_tag","embeddable":true,"href":"https:\/\/antcube.shop\/lt\/wp-json\/wp\/v2\/product_tag?post=8197"}],"curies":[{"name":"wp","href":"https:\/\/api.w.org\/{rel}","templated":true}]}}