{"id":8185,"date":"2024-06-10T10:28:06","date_gmt":"2024-06-10T08:28:06","guid":{"rendered":"https:\/\/antcube.shop\/product\/boxer-briefs\/"},"modified":"2024-12-12T11:08:38","modified_gmt":"2024-12-12T10:08:38","slug":"boksininku-kelnaites","status":"publish","type":"product","link":"https:\/\/antcube.shop\/lt\/produktas\/boksininku-kelnaites\/","title":{"rendered":"Boksinink\u0173 kelnait\u0117s"},"content":{"rendered":"<p>\u0160ios boksinink\u0173 kelnait\u0117s pagamintos i\u0161 mink\u0161tos ir elastingos med\u017eiagos, kuri u\u017etikrina patogum\u0105 vis\u0105 dien\u0105. Boksinink\u0173 kelnait\u0117s neturi u\u017epakalin\u0117s si\u016bl\u0117s ir turi pamu\u0161alu i\u0161klot\u0105 priekin\u012f mai\u0161el\u012f, kad b\u016bt\u0173 patogiau ir patogiau. <\/p>\n<p>- 95% poliesteris, 5% elastanas (audinio sud\u0117tis gali skirtis 1%)<br \/>\n- Vidutinio auk\u0161\u010dio<br \/>\n- Pamu\u0161alu i\u0161klotas priekinis mai\u0161elis, suteikiantis papildom\u0105 atram\u0105<br \/>\n- 4 cm plo\u010dio elastinga juosmens juosta, padengta audiniu<br \/>\n- Tarpkojo skydelis <br \/>\n- Overlokas ir vir\u0161elio dygsnis <br \/>\n- N\u0117ra galin\u0117s si\u016bl\u0117s, kad b\u016bt\u0173 patogiau<br \/>\n- I\u0161 Lietuvos \u012fve\u017eami tu\u0161\u010di\u0173 gamini\u0173 komponentai ES<br \/>\n- I\u0161 JAV ir Kinijos \u012f Meksik\u0105 atgabentos tu\u0161\u010dios gamini\u0173 sudedamosios dalys<\/p>","protected":false},"excerpt":{"rendered":"<p>\u0160ios boksinink\u0173 kelnait\u0117s pagamintos i\u0161 mink\u0161tos ir elastingos med\u017eiagos, kuri u\u017etikrina patogum\u0105 vis\u0105 dien\u0105. Boksinink\u0173 kelnait\u0117s neturi u\u017epakalin\u0117s si\u016bl\u0117s ir turi pamu\u0161alu i\u0161klot\u0105 priekin\u012f mai\u0161el\u012f, kad b\u016bt\u0173 patogiau ir patogiau. - 95% poliesteris, 5% elastanas (audinio sud\u0117tis gali skirtis 1%) - Vidutinio auk\u0161\u010dio.","protected":false},"featured_media":8195,"comment_status":"open","ping_status":"closed","template":"","meta":{"_acf_changed":false,"content-type":"","_monsterinsights_skip_tracking":false,"_monsterinsights_sitenote_active":false,"_monsterinsights_sitenote_note":"","_monsterinsights_sitenote_category":0},"product_brand":[],"product_cat":[245],"product_tag":[],"class_list":{"0":"post-8185","1":"product","2":"type-product","3":"status-publish","4":"has-post-thumbnail","6":"product_cat-merchandise","8":"first","9":"instock","10":"taxable","11":"shipping-taxable","12":"purchasable","13":"product-type-variable"},"acf":[],"aioseo_notices":[],"jetpack_sharing_enabled":true,"_links":{"self":[{"href":"https:\/\/antcube.shop\/lt\/wp-json\/wp\/v2\/product\/8185","targetHints":{"allow":["GET"]}}],"collection":[{"href":"https:\/\/antcube.shop\/lt\/wp-json\/wp\/v2\/product"}],"about":[{"href":"https:\/\/antcube.shop\/lt\/wp-json\/wp\/v2\/types\/product"}],"replies":[{"embeddable":true,"href":"https:\/\/antcube.shop\/lt\/wp-json\/wp\/v2\/comments?post=8185"}],"wp:featuredmedia":[{"embeddable":true,"href":"https:\/\/antcube.shop\/lt\/wp-json\/wp\/v2\/media\/8195"}],"wp:attachment":[{"href":"https:\/\/antcube.shop\/lt\/wp-json\/wp\/v2\/media?parent=8185"}],"wp:term":[{"taxonomy":"product_brand","embeddable":true,"href":"https:\/\/antcube.shop\/lt\/wp-json\/wp\/v2\/product_brand?post=8185"},{"taxonomy":"product_cat","embeddable":true,"href":"https:\/\/antcube.shop\/lt\/wp-json\/wp\/v2\/product_cat?post=8185"},{"taxonomy":"product_tag","embeddable":true,"href":"https:\/\/antcube.shop\/lt\/wp-json\/wp\/v2\/product_tag?post=8185"}],"curies":[{"name":"wp","href":"https:\/\/api.w.org\/{rel}","templated":true}]}}