{"id":8070,"date":"2024-06-07T18:24:40","date_gmt":"2024-06-07T16:24:40","guid":{"rendered":"https:\/\/antcube.shop\/product\/unisex-t-shirt\/"},"modified":"2024-12-12T11:08:49","modified_gmt":"2024-12-12T10:08:49","slug":"unisex-marskineliai","status":"publish","type":"product","link":"https:\/\/antcube.shop\/lt\/produktas\/unisex-marskineliai\/","title":{"rendered":"Viengungio mar\u0161kin\u0117liai"},"content":{"rendered":"<p>\u0160ie mar\u0161kin\u0117liai yra viskas, apie k\u0105 svajojote, ir dar daugiau. Mar\u0161kin\u0117liai yra mink\u0161ti ir lengvi, su tinkamu elastingumu. Jis patogus ir priglundantis visiems. <\/p>\n<p>- 100% \u0161ukuotin\u0117 ir \u017eiedinio sukimo medviln\u0117 (Heather spalv\u0173 sud\u0117tyje yra poliesterio)<br \/>\n- Audinio svoris: 4,2 oz.\/yd.\u00b2 (142 g\/m\u00b2)<br \/>\n- I\u0161ankstinio susitraukimo audinys<br \/>\n- \u0160onini\u0173 si\u016bli\u0173 konstrukcija<br \/>\n- Juost\u0173 klijavimas nuo peties iki peties<br \/>\n- Tu\u0161\u010dias produktas, kurio kilm\u0117s \u0161alis yra Nikaragva, Meksika, Hond\u016bras arba JAV<\/p>\n<p>\u0160is produktas gaminamas specialiai jums, kai tik pateikiate u\u017esakym\u0105, tod\u0117l jo pristatymas jums u\u017etrunka \u0161iek tiek ilgiau. Gamini\u0173 gamyba pagal u\u017esakym\u0105, o ne urmu, padeda suma\u017einti perprodukcij\u0105, tod\u0117l d\u0117kojame, kad priimate apgalvotus pirkimo sprendimus!<\/p>","protected":false},"excerpt":{"rendered":"<p>\u0160ie mar\u0161kin\u0117liai yra viskas, apie k\u0105 svajojote, ir dar daugiau. Mar\u0161kin\u0117liai yra mink\u0161ti ir lengvi, su tinkamu elastingumu. Jis patogus ir priglundantis visiems. - 100% \u0161ukuotin\u0117 ir \u017eiedinio sukimo medviln\u0117 (Heather spalvose yra poliesterio) - Audinio svoris: 4,2 oz.\/yd.\u00b2 (142 g\/m\u00b2) - I\u0161 anksto i\u0161mirkytas audinys - Konstrukcija su \u0161onin\u0117mis si\u016bl\u0117mis - Juostos nuo pe\u010di\u0173 iki pe\u010di\u0173 - Neperdirbtas gaminys","protected":false},"featured_media":8150,"comment_status":"open","ping_status":"closed","template":"","meta":{"_acf_changed":false,"content-type":"","_monsterinsights_skip_tracking":false,"_monsterinsights_sitenote_active":false,"_monsterinsights_sitenote_note":"","_monsterinsights_sitenote_category":0},"product_brand":[],"product_cat":[245],"product_tag":[],"class_list":{"0":"post-8070","1":"product","2":"type-product","3":"status-publish","4":"has-post-thumbnail","6":"product_cat-merchandise","8":"first","9":"instock","10":"taxable","11":"shipping-taxable","12":"purchasable","13":"product-type-variable"},"acf":[],"aioseo_notices":[],"jetpack_sharing_enabled":true,"_links":{"self":[{"href":"https:\/\/antcube.shop\/lt\/wp-json\/wp\/v2\/product\/8070","targetHints":{"allow":["GET"]}}],"collection":[{"href":"https:\/\/antcube.shop\/lt\/wp-json\/wp\/v2\/product"}],"about":[{"href":"https:\/\/antcube.shop\/lt\/wp-json\/wp\/v2\/types\/product"}],"replies":[{"embeddable":true,"href":"https:\/\/antcube.shop\/lt\/wp-json\/wp\/v2\/comments?post=8070"}],"wp:featuredmedia":[{"embeddable":true,"href":"https:\/\/antcube.shop\/lt\/wp-json\/wp\/v2\/media\/8150"}],"wp:attachment":[{"href":"https:\/\/antcube.shop\/lt\/wp-json\/wp\/v2\/media?parent=8070"}],"wp:term":[{"taxonomy":"product_brand","embeddable":true,"href":"https:\/\/antcube.shop\/lt\/wp-json\/wp\/v2\/product_brand?post=8070"},{"taxonomy":"product_cat","embeddable":true,"href":"https:\/\/antcube.shop\/lt\/wp-json\/wp\/v2\/product_cat?post=8070"},{"taxonomy":"product_tag","embeddable":true,"href":"https:\/\/antcube.shop\/lt\/wp-json\/wp\/v2\/product_tag?post=8070"}],"curies":[{"name":"wp","href":"https:\/\/api.w.org\/{rel}","templated":true}]}}