{"id":7590,"date":"2024-04-04T16:24:13","date_gmt":"2024-04-04T14:24:13","guid":{"rendered":"https:\/\/antcube.shop\/product\/thermo-hygrometer-analog-display-43mm-hangend\/"},"modified":"2026-04-13T10:49:00","modified_gmt":"2026-04-13T08:49:00","slug":"termohigrometras-su-analoginiu-ekranu-43mm-pakabinamas","status":"publish","type":"product","link":"https:\/\/antcube.shop\/lt\/produktas\/termohigrometras-su-analoginiu-ekranu-43mm-pakabinamas\/","title":{"rendered":"Analoginis termo-higrometras - ekranas - 43 mm - pakabinamas"},"content":{"rendered":"<p><strong>Matmenys:<\/strong> 73 mm x 63 mm, 20 mm gylio<\/p>\n<p><strong>Med\u017eiaga:<\/strong> metalas \/ akrilas<\/p>\n<p><strong>Spalva:<\/strong> metalas, sidabras \/ skaidrus<\/p>\n<p><strong>Turinys:<\/strong> 1x metalinis analoginis termohigrometras - 43 mm, 1x akrilo stiklo laikiklis su \u012fduba matavimo prietaisui - 73x59 mm, 1x akrilo stiklo pagrindas - 73x20 mm, 2x skaidrios lipnios pagalv\u0117l\u0117s - 30x20 mm.<\/p>\n<p><strong>Apra\u0161ymas:<\/strong><br \/>\nRinkin\u012f sudaro analoginis termometras ir higrometras, pagaminti i\u0161 metalo (43 mm), kuris \u012fd\u0117tas \u012f akrilo stiklo plok\u0161tel\u0119 (73x59 mm). Ekranas pritvirtinamas naudojant du skaidrius lipnius pad\u0117kliukus, kuriais pagrind\u0105 (73x20 mm) galima pritvirtinti vir\u0161 galvos prie arenos dang\u010di\u0173 ar r\u0117meli\u0173.<\/p>\n<p><strong>Svarbu:<\/strong><br \/>\nMatuoklio galin\u0117 dalis turi b\u016bti laisva, kitaip gali atsirasti matavimo paklaid\u0173.<\/p>\n<p><strong>Tikslumo termometras:<\/strong> +\/- 2\u00b0C, +\/- 4\u00b0F<br \/>\n<strong>Higrometro tikslumas:<\/strong> +\/- 5%<\/p>","protected":false},"excerpt":{"rendered":"<p>Metalinio termometro ir higrometro rinkinys (43 mm), \u012fd\u0117tas \u012f akrilo stiklo plok\u0161tel\u0119 (73x63 mm)<\/p>","protected":false},"featured_media":7580,"comment_status":"open","ping_status":"closed","template":"","meta":{"_acf_changed":false,"content-type":"","_monsterinsights_skip_tracking":false,"_monsterinsights_sitenote_active":false,"_monsterinsights_sitenote_note":"","_monsterinsights_sitenote_category":0},"product_brand":[],"product_cat":[359,119],"product_tag":[],"class_list":{"0":"post-7590","1":"product","2":"type-product","3":"status-publish","4":"has-post-thumbnail","6":"product_cat-light-heat-humidity","7":"product_cat-formicarium-components","9":"first","10":"instock","11":"taxable","12":"shipping-taxable","13":"purchasable","14":"product-type-simple"},"acf":[],"aioseo_notices":[],"jetpack_sharing_enabled":true,"_links":{"self":[{"href":"https:\/\/antcube.shop\/lt\/wp-json\/wp\/v2\/product\/7590","targetHints":{"allow":["GET"]}}],"collection":[{"href":"https:\/\/antcube.shop\/lt\/wp-json\/wp\/v2\/product"}],"about":[{"href":"https:\/\/antcube.shop\/lt\/wp-json\/wp\/v2\/types\/product"}],"replies":[{"embeddable":true,"href":"https:\/\/antcube.shop\/lt\/wp-json\/wp\/v2\/comments?post=7590"}],"wp:featuredmedia":[{"embeddable":true,"href":"https:\/\/antcube.shop\/lt\/wp-json\/wp\/v2\/media\/7580"}],"wp:attachment":[{"href":"https:\/\/antcube.shop\/lt\/wp-json\/wp\/v2\/media?parent=7590"}],"wp:term":[{"taxonomy":"product_brand","embeddable":true,"href":"https:\/\/antcube.shop\/lt\/wp-json\/wp\/v2\/product_brand?post=7590"},{"taxonomy":"product_cat","embeddable":true,"href":"https:\/\/antcube.shop\/lt\/wp-json\/wp\/v2\/product_cat?post=7590"},{"taxonomy":"product_tag","embeddable":true,"href":"https:\/\/antcube.shop\/lt\/wp-json\/wp\/v2\/product_tag?post=7590"}],"curies":[{"name":"wp","href":"https:\/\/api.w.org\/{rel}","templated":true}]}}