{"id":7589,"date":"2024-04-04T16:24:06","date_gmt":"2024-04-04T14:24:06","guid":{"rendered":"https:\/\/antcube.shop\/product\/mini-thermo-hygrometer-analog-metall-43mm\/"},"modified":"2026-04-15T09:42:42","modified_gmt":"2026-04-15T07:42:42","slug":"mini-termohigrometras-analoginis-metalinis-43mm","status":"publish","type":"product","link":"https:\/\/antcube.shop\/lt\/produktas\/mini-termohigrometras-analoginis-metalinis-43mm\/","title":{"rendered":"Mini termohiprometras analoginis metalinis - 43 mm"},"content":{"rendered":"<p><strong>Dydis:<\/strong> 43 mm (40 mm skylei)<\/p>\n<p><strong>Med\u017eiaga \/ spalva:<\/strong> metalas, sidabras<\/p>\n<p><strong>Matavimas:<\/strong><\/p>\n<p><strong>Termometras:<\/strong> Nuo -20 iki +50\u00b0C \/ nuo -10 iki +130\u00b0F<br \/>\n<strong>Tikslumas:<\/strong> +\/- 2\u00b0C, +\/- 4\u00b0F<\/p>\n<p><strong>Higrometras:<\/strong> Nuo 0 iki 100%<br \/>\n<strong>Tikslumas:<\/strong> +\/- 5%<\/p>\n<p><strong>Apra\u0161ymas:<\/strong><br \/>\nAnaloginis termometras ir higrometras, kuris ypa\u010d tinka labai ma\u017eoms formikarijoms.<\/p>\n<p><strong>Pastaba:<\/strong><br \/>\nGalin\u0117je pus\u0117je esantys matavimo prietaisai turi likti laisvi, kitaip gali atsirasti matavimo klaid\u0173.<\/p>","protected":false},"excerpt":{"rendered":"<p>Dydis: 43 mm (40 mm skylutei) Med\u017eiaga \/ spalva: metalas, sidabras Matavimas: Termometras: nuo -20 iki +50\u00b0C \/ nuo -10 iki +130\u00b0F Tikslumas: +\/- 2\u00b0C , +\/- 4\u00b0F Higrometras: nuo 0 iki 100% Tikslumas: +\/- 5% Apra\u0161ymas: Analoginis termometras \/ higrometras, kuris ypa\u010d tinka labai ma\u017eoms formikarijoms. Pastaba: matavimo prietaisai ant galin\u0117s dalies turi likti laisvi, prie\u0161ingu atveju matavimas","protected":false},"featured_media":7581,"comment_status":"open","ping_status":"closed","template":"","meta":{"_acf_changed":false,"content-type":"","_monsterinsights_skip_tracking":false,"_monsterinsights_sitenote_active":false,"_monsterinsights_sitenote_note":"","_monsterinsights_sitenote_category":0},"product_brand":[],"product_cat":[359,119],"product_tag":[],"class_list":{"0":"post-7589","1":"product","2":"type-product","3":"status-publish","4":"has-post-thumbnail","6":"product_cat-light-heat-humidity","7":"product_cat-formicarium-components","9":"first","10":"instock","11":"taxable","12":"shipping-taxable","13":"purchasable","14":"product-type-simple"},"acf":[],"aioseo_notices":[],"jetpack_sharing_enabled":true,"_links":{"self":[{"href":"https:\/\/antcube.shop\/lt\/wp-json\/wp\/v2\/product\/7589","targetHints":{"allow":["GET"]}}],"collection":[{"href":"https:\/\/antcube.shop\/lt\/wp-json\/wp\/v2\/product"}],"about":[{"href":"https:\/\/antcube.shop\/lt\/wp-json\/wp\/v2\/types\/product"}],"replies":[{"embeddable":true,"href":"https:\/\/antcube.shop\/lt\/wp-json\/wp\/v2\/comments?post=7589"}],"wp:featuredmedia":[{"embeddable":true,"href":"https:\/\/antcube.shop\/lt\/wp-json\/wp\/v2\/media\/7581"}],"wp:attachment":[{"href":"https:\/\/antcube.shop\/lt\/wp-json\/wp\/v2\/media?parent=7589"}],"wp:term":[{"taxonomy":"product_brand","embeddable":true,"href":"https:\/\/antcube.shop\/lt\/wp-json\/wp\/v2\/product_brand?post=7589"},{"taxonomy":"product_cat","embeddable":true,"href":"https:\/\/antcube.shop\/lt\/wp-json\/wp\/v2\/product_cat?post=7589"},{"taxonomy":"product_tag","embeddable":true,"href":"https:\/\/antcube.shop\/lt\/wp-json\/wp\/v2\/product_tag?post=7589"}],"curies":[{"name":"wp","href":"https:\/\/api.w.org\/{rel}","templated":true}]}}