{"id":7502,"date":"2024-04-04T11:27:29","date_gmt":"2024-04-04T09:27:29","guid":{"rendered":"https:\/\/antcube.shop\/product\/folien-thermometer-arena\/"},"modified":"2026-04-08T18:39:11","modified_gmt":"2026-04-08T16:39:11","slug":"folijos-termometro-arena","status":"publish","type":"product","link":"https:\/\/antcube.shop\/lt\/produktas\/folijos-termometro-arena\/","title":{"rendered":"Folijos termometras - arena"},"content":{"rendered":"<p><strong>Dydis:<\/strong> 30 mm x 36,5 mm<\/p>\n<p><strong>Matavimo diapazonas:<\/strong> nuo +12 \u00b0C iki +34 \u00b0C<\/p>\n<p><strong>Tikslumas:<\/strong> +\/- 1\u00b0C<\/p>\n<p><strong>Apra\u0161ymas:<\/strong><br \/>\nFolijos termometras, kur\u012f galima pritvirtinti prie skruzd\u0117lyno\/formicariumo stiklo i\u0161 vidaus. Lipnus pavir\u0161ius po folija kitoje pus\u0117je.<\/p>\n<p><strong>Temperat\u016bros rodmenims nuskaityti:<\/strong><br \/>\n\u017dalioje srityje rodoma esama temperat\u016bra.<br \/>\nJei raudona sritis ai\u0161kiai matoma, atimkite 0,5 \u00b0C<br \/>\nPrid\u0117kite 0,5 \u00b0C, jei ai\u0161kiai matoma m\u0117lyna zona<\/p>","protected":false},"excerpt":{"rendered":"<p>Matavimo diapazonas: +12\u00b0C iki +34\u00b0C<\/p>","protected":false},"featured_media":7592,"comment_status":"open","ping_status":"closed","template":"","meta":{"_acf_changed":false,"content-type":"","_monsterinsights_skip_tracking":false,"_monsterinsights_sitenote_active":false,"_monsterinsights_sitenote_note":"","_monsterinsights_sitenote_category":0},"product_brand":[],"product_cat":[359,119,239],"product_tag":[],"class_list":{"0":"post-7502","1":"product","2":"type-product","3":"status-publish","4":"has-post-thumbnail","6":"product_cat-light-heat-humidity","7":"product_cat-formicarium-components","8":"product_cat-useful-additions","10":"first","11":"instock","12":"taxable","13":"shipping-taxable","14":"purchasable","15":"product-type-simple"},"acf":[],"aioseo_notices":[],"jetpack_sharing_enabled":true,"_links":{"self":[{"href":"https:\/\/antcube.shop\/lt\/wp-json\/wp\/v2\/product\/7502","targetHints":{"allow":["GET"]}}],"collection":[{"href":"https:\/\/antcube.shop\/lt\/wp-json\/wp\/v2\/product"}],"about":[{"href":"https:\/\/antcube.shop\/lt\/wp-json\/wp\/v2\/types\/product"}],"replies":[{"embeddable":true,"href":"https:\/\/antcube.shop\/lt\/wp-json\/wp\/v2\/comments?post=7502"}],"wp:featuredmedia":[{"embeddable":true,"href":"https:\/\/antcube.shop\/lt\/wp-json\/wp\/v2\/media\/7592"}],"wp:attachment":[{"href":"https:\/\/antcube.shop\/lt\/wp-json\/wp\/v2\/media?parent=7502"}],"wp:term":[{"taxonomy":"product_brand","embeddable":true,"href":"https:\/\/antcube.shop\/lt\/wp-json\/wp\/v2\/product_brand?post=7502"},{"taxonomy":"product_cat","embeddable":true,"href":"https:\/\/antcube.shop\/lt\/wp-json\/wp\/v2\/product_cat?post=7502"},{"taxonomy":"product_tag","embeddable":true,"href":"https:\/\/antcube.shop\/lt\/wp-json\/wp\/v2\/product_tag?post=7502"}],"curies":[{"name":"wp","href":"https:\/\/api.w.org\/{rel}","templated":true}]}}