{"id":7500,"date":"2024-04-04T11:27:17","date_gmt":"2024-04-04T09:27:17","guid":{"rendered":"https:\/\/antcube.shop\/product\/ant-maze-20x20-m\/"},"modified":"2026-04-16T10:36:10","modified_gmt":"2026-04-16T08:36:10","slug":"skruzdeliu-labirintas-20x20-m","status":"publish","type":"product","link":"https:\/\/antcube.shop\/lt\/produktas\/skruzdeliu-labirintas-20x20-m\/","title":{"rendered":"Skruzd\u0117li\u0173 labirintas 20\u00d720 - M"},"content":{"rendered":"<p><strong>Matmenys:<\/strong><br \/>\n190x220x23 mm; <strong>kelio auk\u0161tis<\/strong> 10 mm <strong>kelio plotis<\/strong> 10-19 mm<br \/>\n5x slankiojo pra\u0117jimo valdiklis<\/p>\n<p><strong>Med\u017eiaga:<\/strong> akrilo stiklas<\/p>\n<p><strong>Spalva:<\/strong> kri\u0161tolo skaidrumo, skaidrus<\/p>\n<p><strong>Turinys:<\/strong><br \/>\n1x \"Ant Maze M\" su 5 kartus perstumiamu valdikliu<\/p>\n<p><strong>Ry\u0161ys:<\/strong> 2x jungiamieji lizdai 10 mm vamzd\u017eiui 14\/10 mm<\/p>\n<p><strong>Apra\u0161ymas:<\/strong> Skruzd\u0117li\u0173 labirintas, plok\u0161\u010dias formikariumas, sudarytas i\u0161 keli\u0173 sluoksniuot\u0173 plok\u0161\u010di\u0173. Skruzd\u0117li\u0173 labirint\u0105 galima i\u0161pl\u0117sti \u017earnomis arba prijungti prie skruzd\u0117lyno naudojant integruotus jungiamuosius lizdus. D\u0117l penki\u0173 \u012fmontuot\u0173 slankikli\u0173 skruzd\u0117l\u0117s gali atverti arba u\u017edaryti skirtingus labirinto kelius. \u0160\u012f \u012frengin\u012f galima naudoti eksperimentams, pavyzd\u017eiui, \u0160vietimo \u012fstaigose arba namuose steb\u0117ti, kaip skruzd\u0117l\u0117s randa keli\u0105 ir prisitaiko prie staiga kintan\u010di\u0173 mar\u0161rut\u0173, pavyzd\u017eiui, \u012f maitinimosi vietas.<\/p>\n<p><strong>Pastaba:<\/strong> Gali atsirasti 0,5 mm tarpai.<\/p>\n<p><strong>Pastaba apie ry\u0161io lizdus<\/strong><br \/>\nPrijungdami arba nuimdami \u017earnas, atkreipkite d\u0117mes\u012f \u012f \u0161iuos dalykus:<br \/>\nJei vamzdel\u012f labai sunku pritvirtinti prie jungties lizdo, lizd\u0105 reikia lengvai patepti la\u0161eliu m\u016bs\u0173 apsaugin\u0117s alyvos arba milteli\u0173. Tuomet \u017earn\u0105 \u012f lizd\u0105 reikia \u012fstumti sukamaisiais arba prisukamaisiais judesiais, ne\u012ftempiant lizdo judesiais auk\u0161tyn ir \u017eemyn. Tas pats galioja ir nuimant \u017earnas nuo \u016bkio jungiamojo lizdo. Negalima jos tiesiog i\u0161traukti!<\/p>","protected":false},"excerpt":{"rendered":"<p>Ry\u0161ys: Lizdas 2x 10 mm<\/p>","protected":false},"featured_media":7600,"comment_status":"open","ping_status":"closed","template":"","meta":{"_acf_changed":false,"content-type":"","_monsterinsights_skip_tracking":false,"_monsterinsights_sitenote_active":false,"_monsterinsights_sitenote_note":"","_monsterinsights_sitenote_category":0},"product_brand":[],"product_cat":[257,119,239,91],"product_tag":[],"class_list":{"0":"post-7500","1":"product","2":"type-product","3":"status-publish","4":"has-post-thumbnail","6":"product_cat-new-innovatve-products","7":"product_cat-formicarium-components","8":"product_cat-useful-additions","9":"product_cat-formicarium-modules","11":"first","12":"instock","13":"taxable","14":"shipping-taxable","15":"purchasable","16":"product-type-simple"},"acf":[],"aioseo_notices":[],"jetpack_sharing_enabled":true,"_links":{"self":[{"href":"https:\/\/antcube.shop\/lt\/wp-json\/wp\/v2\/product\/7500","targetHints":{"allow":["GET"]}}],"collection":[{"href":"https:\/\/antcube.shop\/lt\/wp-json\/wp\/v2\/product"}],"about":[{"href":"https:\/\/antcube.shop\/lt\/wp-json\/wp\/v2\/types\/product"}],"replies":[{"embeddable":true,"href":"https:\/\/antcube.shop\/lt\/wp-json\/wp\/v2\/comments?post=7500"}],"wp:featuredmedia":[{"embeddable":true,"href":"https:\/\/antcube.shop\/lt\/wp-json\/wp\/v2\/media\/7600"}],"wp:attachment":[{"href":"https:\/\/antcube.shop\/lt\/wp-json\/wp\/v2\/media?parent=7500"}],"wp:term":[{"taxonomy":"product_brand","embeddable":true,"href":"https:\/\/antcube.shop\/lt\/wp-json\/wp\/v2\/product_brand?post=7500"},{"taxonomy":"product_cat","embeddable":true,"href":"https:\/\/antcube.shop\/lt\/wp-json\/wp\/v2\/product_cat?post=7500"},{"taxonomy":"product_tag","embeddable":true,"href":"https:\/\/antcube.shop\/lt\/wp-json\/wp\/v2\/product_tag?post=7500"}],"curies":[{"name":"wp","href":"https:\/\/api.w.org\/{rel}","templated":true}]}}