{"id":7499,"date":"2024-04-04T11:21:32","date_gmt":"2024-04-04T09:21:32","guid":{"rendered":"https:\/\/antcube.shop\/product\/formicarienmutter-1-1-2-zoll-glasklar\/"},"modified":"2026-04-01T13:28:18","modified_gmt":"2026-04-01T11:28:18","slug":"formikariumo-verzle-1-1-2-coliu-stiklo-skaidrus","status":"publish","type":"product","link":"https:\/\/antcube.shop\/lt\/produktas\/formikariumo-verzle-1-1-2-coliu-stiklo-skaidrus\/","title":{"rendered":"Formikariumo ver\u017el\u0117 1 1\/2 colio - skaidrus stiklas"},"content":{"rendered":"<p><strong>Turinys:<\/strong> 1x prie\u0161prie\u0161in\u0117 ver\u017el\u0117<\/p>\n<p><strong>Spalva:<\/strong> skaidrus stiklas<\/p>\n<p><strong>Med\u017eiaga:<\/strong> plastikinis<\/p>\n<p><strong>Apra\u0161ymas:<\/strong> Naudodami \u0161i\u0105 prie\u0161prie\u0161in\u0119 ver\u017el\u0119 galite pritvirtinti var\u017etinius adapterius ( 1 1\/2\u2033)<\/p>\n<p>&nbsp;<\/p>","protected":false},"excerpt":{"rendered":"<p>Turinys: Spalva: skaidrus stiklas Med\u017eiaga: plastikas Apra\u0161ymas: Su \u0161ia ver\u017ele galite tvirtinti var\u017etinius adapterius (1 1\/2\"). &nbsp;<\/p>","protected":false},"featured_media":7515,"comment_status":"open","ping_status":"closed","template":"","meta":{"_acf_changed":false,"content-type":"","_monsterinsights_skip_tracking":false,"_monsterinsights_sitenote_active":false,"_monsterinsights_sitenote_note":"","_monsterinsights_sitenote_category":0},"product_brand":[],"product_cat":[257,345,119,121],"product_tag":[],"class_list":{"0":"post-7499","1":"product","2":"type-product","3":"status-publish","4":"has-post-thumbnail","6":"product_cat-new-innovatve-products","7":"product_cat-pipe-connectors","8":"product_cat-formicarium-components","9":"product_cat-connectors","11":"first","12":"instock","13":"taxable","14":"shipping-taxable","15":"purchasable","16":"product-type-simple"},"acf":[],"aioseo_notices":[],"jetpack_sharing_enabled":true,"_links":{"self":[{"href":"https:\/\/antcube.shop\/lt\/wp-json\/wp\/v2\/product\/7499","targetHints":{"allow":["GET"]}}],"collection":[{"href":"https:\/\/antcube.shop\/lt\/wp-json\/wp\/v2\/product"}],"about":[{"href":"https:\/\/antcube.shop\/lt\/wp-json\/wp\/v2\/types\/product"}],"replies":[{"embeddable":true,"href":"https:\/\/antcube.shop\/lt\/wp-json\/wp\/v2\/comments?post=7499"}],"wp:featuredmedia":[{"embeddable":true,"href":"https:\/\/antcube.shop\/lt\/wp-json\/wp\/v2\/media\/7515"}],"wp:attachment":[{"href":"https:\/\/antcube.shop\/lt\/wp-json\/wp\/v2\/media?parent=7499"}],"wp:term":[{"taxonomy":"product_brand","embeddable":true,"href":"https:\/\/antcube.shop\/lt\/wp-json\/wp\/v2\/product_brand?post=7499"},{"taxonomy":"product_cat","embeddable":true,"href":"https:\/\/antcube.shop\/lt\/wp-json\/wp\/v2\/product_cat?post=7499"},{"taxonomy":"product_tag","embeddable":true,"href":"https:\/\/antcube.shop\/lt\/wp-json\/wp\/v2\/product_tag?post=7499"}],"curies":[{"name":"wp","href":"https:\/\/api.w.org\/{rel}","templated":true}]}}