{"id":7495,"date":"2024-04-04T11:21:06","date_gmt":"2024-04-04T09:21:06","guid":{"rendered":"https:\/\/antcube.shop\/product\/beckenverbinder-3-4-zu-20mm-glasklar\/"},"modified":"2026-04-04T20:31:13","modified_gmt":"2026-04-04T18:31:13","slug":"baseino-jungtis-3-4-20-mm-skaidrus-stiklas","status":"publish","type":"product","link":"https:\/\/antcube.shop\/lt\/produktas\/baseino-jungtis-3-4-20-mm-skaidrus-stiklas\/","title":{"rendered":"Praustuvo jungtis nuo 3\/4\u2033 iki 20 mm - skaidrus stiklas"},"content":{"rendered":"<p><span data-text-color=\"alert\"><strong>D\u0117mesio:<\/strong> <\/span>tvirtinimui reikaling\u0105 ver\u017el\u0119 reikia u\u017esakyti atskirai<\/p>\n<p><strong>Kiekis:<\/strong> 1 vnt.<\/p>\n<p><strong>Spalva:<\/strong> glasclear<\/p>\n<p><strong>Med\u017eiaga:<\/strong> Plastikinis<\/p>\n<p><strong>Apra\u0161ymas:<\/strong> \u0160i 3\/4\" baseino vamzd\u017eio jungtis tinka 27 mm skylei ir 20 mm i\u0161oriniam vamzd\u017eio skersmeniui.<\/p>","protected":false},"excerpt":{"rendered":"<p>D\u0117mesio: tvirtinimui reikaling\u0105 ver\u017el\u0119 reikia u\u017esisakyti atskirai Kiekis: Spalva: skaidrus stiklas Med\u017eiaga: 1 vnt: Plastikas Apra\u0161ymas: \u0160i 3\/4\" praustuvo vamzd\u017eio jungtis tinka 27 mm skylei ir 20 mm i\u0161oriniam vamzd\u017eio skersmeniui.<\/p>","protected":false},"featured_media":7510,"comment_status":"open","ping_status":"closed","template":"","meta":{"_acf_changed":false,"content-type":"","_monsterinsights_skip_tracking":false,"_monsterinsights_sitenote_active":false,"_monsterinsights_sitenote_note":"","_monsterinsights_sitenote_category":0},"product_brand":[],"product_cat":[257,345,119,121],"product_tag":[],"class_list":{"0":"post-7495","1":"product","2":"type-product","3":"status-publish","4":"has-post-thumbnail","6":"product_cat-new-innovatve-products","7":"product_cat-pipe-connectors","8":"product_cat-formicarium-components","9":"product_cat-connectors","11":"first","12":"instock","13":"taxable","14":"shipping-taxable","15":"purchasable","16":"product-type-simple"},"acf":[],"aioseo_notices":[],"jetpack_sharing_enabled":true,"_links":{"self":[{"href":"https:\/\/antcube.shop\/lt\/wp-json\/wp\/v2\/product\/7495","targetHints":{"allow":["GET"]}}],"collection":[{"href":"https:\/\/antcube.shop\/lt\/wp-json\/wp\/v2\/product"}],"about":[{"href":"https:\/\/antcube.shop\/lt\/wp-json\/wp\/v2\/types\/product"}],"replies":[{"embeddable":true,"href":"https:\/\/antcube.shop\/lt\/wp-json\/wp\/v2\/comments?post=7495"}],"wp:featuredmedia":[{"embeddable":true,"href":"https:\/\/antcube.shop\/lt\/wp-json\/wp\/v2\/media\/7510"}],"wp:attachment":[{"href":"https:\/\/antcube.shop\/lt\/wp-json\/wp\/v2\/media?parent=7495"}],"wp:term":[{"taxonomy":"product_brand","embeddable":true,"href":"https:\/\/antcube.shop\/lt\/wp-json\/wp\/v2\/product_brand?post=7495"},{"taxonomy":"product_cat","embeddable":true,"href":"https:\/\/antcube.shop\/lt\/wp-json\/wp\/v2\/product_cat?post=7495"},{"taxonomy":"product_tag","embeddable":true,"href":"https:\/\/antcube.shop\/lt\/wp-json\/wp\/v2\/product_tag?post=7495"}],"curies":[{"name":"wp","href":"https:\/\/api.w.org\/{rel}","templated":true}]}}