{"id":6739,"date":"2023-12-12T15:09:04","date_gmt":"2023-12-12T14:09:04","guid":{"rendered":"https:\/\/antcube.shop\/product\/ameisenarena-abdeckung-60x30\/"},"modified":"2026-04-13T10:48:44","modified_gmt":"2026-04-13T08:48:44","slug":"skruzdelyno-danga-60x30","status":"publish","type":"product","link":"https:\/\/antcube.shop\/lt\/produktas\/skruzdelyno-danga-60x30\/","title":{"rendered":"Skruzd\u0117lyno danga 60\u00d730"},"content":{"rendered":"<p><strong>Matmenys (Dx\u0160xV):<\/strong> 60x30x0,4 cm<\/p>\n<p><strong>Med\u017eiaga:<\/strong> Pl\u016bdusis stiklas<\/p>\n<p><strong>Spalva:<\/strong> skaidrus \/ skaidrus<\/p>\n<p><strong>Turinys:<\/strong><br \/>\n1x skruzd\u0117lyno dangtis<br \/>\n1x fiksavimo ta\u0161kai 4 vnt.<\/p>\n<p><strong>Apra\u0161ymas:<\/strong><br \/>\nStiklo dangtis skruzd\u0117lynui kaip apsauga nuo pab\u0117gimo<\/p>\n<p><strong>Kaip naudoti:<\/strong><br \/>\nI\u0161 stiklo pagamintas skruzd\u0117lyno dangtis gali b\u016bti dedamas ant skruzd\u0117lyno kaip apsauga nuo pab\u0117gimo ir klimato reguliavimas.<br \/>\n\u012e 50 mm angas galima \u012fstatyti \u012fvairius klimato kontrol\u0117s modulius, pvz., v\u0117dinimo groteles, ap\u0161vietim\u0105 ar dr\u0117kinim\u0105.<br \/>\nKad skruzd\u0117s negal\u0117t\u0173 i\u0161tr\u016bkti pro angas, apatin\u0119 pus\u0119 aplink angas reikia patepti apsaugine priemone (aliejumi, milteliais arba laku).<\/p>\n<p><strong>Pastaba:<\/strong><br \/>\nKadangi gaminys pagamintas i\u0161 stiklo ir yra trapus, su juo reikia elgtis labai atsargiai.<\/p>","protected":false},"excerpt":{"rendered":"<p>Stiklinis skruzd\u0117lyno dangtis ir (arba) dangtelis kaip apsauga nuo pab\u0117gimo<\/p>","protected":false},"featured_media":6730,"comment_status":"open","ping_status":"closed","template":"","meta":{"_acf_changed":false,"content-type":"","_monsterinsights_skip_tracking":false,"_monsterinsights_sitenote_active":false,"_monsterinsights_sitenote_note":"","_monsterinsights_sitenote_category":0},"product_brand":[],"product_cat":[91,92],"product_tag":[],"class_list":{"0":"post-6739","1":"product","2":"type-product","3":"status-publish","4":"has-post-thumbnail","6":"product_cat-formicarium-modules","7":"product_cat-arena-cover","9":"first","10":"instock","11":"taxable","12":"shipping-taxable","13":"purchasable","14":"product-type-simple"},"acf":[],"aioseo_notices":[],"jetpack_sharing_enabled":true,"_links":{"self":[{"href":"https:\/\/antcube.shop\/lt\/wp-json\/wp\/v2\/product\/6739","targetHints":{"allow":["GET"]}}],"collection":[{"href":"https:\/\/antcube.shop\/lt\/wp-json\/wp\/v2\/product"}],"about":[{"href":"https:\/\/antcube.shop\/lt\/wp-json\/wp\/v2\/types\/product"}],"replies":[{"embeddable":true,"href":"https:\/\/antcube.shop\/lt\/wp-json\/wp\/v2\/comments?post=6739"}],"wp:featuredmedia":[{"embeddable":true,"href":"https:\/\/antcube.shop\/lt\/wp-json\/wp\/v2\/media\/6730"}],"wp:attachment":[{"href":"https:\/\/antcube.shop\/lt\/wp-json\/wp\/v2\/media?parent=6739"}],"wp:term":[{"taxonomy":"product_brand","embeddable":true,"href":"https:\/\/antcube.shop\/lt\/wp-json\/wp\/v2\/product_brand?post=6739"},{"taxonomy":"product_cat","embeddable":true,"href":"https:\/\/antcube.shop\/lt\/wp-json\/wp\/v2\/product_cat?post=6739"},{"taxonomy":"product_tag","embeddable":true,"href":"https:\/\/antcube.shop\/lt\/wp-json\/wp\/v2\/product_tag?post=6739"}],"curies":[{"name":"wp","href":"https:\/\/api.w.org\/{rel}","templated":true}]}}