{"id":6738,"date":"2023-12-12T15:03:31","date_gmt":"2023-12-12T14:03:31","guid":{"rendered":"https:\/\/antcube.shop\/product\/rahmen-fur-schiebetur\/"},"modified":"2026-04-01T13:28:15","modified_gmt":"2026-04-01T11:28:15","slug":"stumdomuju-duru-remas","status":"publish","type":"product","link":"https:\/\/antcube.shop\/lt\/produktas\/stumdomuju-duru-remas\/","title":{"rendered":"Stumdom\u0173j\u0173 dur\u0173 r\u0117mas"},"content":{"rendered":"<p><strong>Matmenys:<\/strong> 250x 270x 20 mm<\/p>\n<p><strong>Med\u017eiaga:<\/strong> PMMA<\/p>\n<p><strong>Turinys:<\/strong><br \/>\n1x r\u0117mas<br \/>\n4x \u0161onin\u0117s juostos<br \/>\n4x \u012fleistiniai var\u017etai M4 20 mm<\/p>\n<p><strong>Spalva:<\/strong> Kri\u0161tolo skaidrumo<\/p>\n<p><strong>Apra\u0161ymas:<\/strong><br \/>\nTiksliai priglud\u0119s apsauginis r\u0117mas, skirtas m\u016bs\u0173 stumdom\u0173 dur\u0173 formikariumams 30x30x60.<\/p>\n<p><strong>Priedas:<\/strong><br \/>\nGalima u\u017ed\u0117ti tiesiai ant slankiojan\u010diose duryse esan\u010dio formikariumo var\u017eto.<\/p>","protected":false},"excerpt":{"rendered":"<p>Akrilo r\u0117mas kaip ANTCUBE slankiojan\u010di\u0173 dur\u0173 apsauga nuo protr\u016bki\u0173 Formicarium<\/p>","protected":false},"featured_media":6716,"comment_status":"open","ping_status":"closed","template":"","meta":{"_acf_changed":false,"content-type":"","_monsterinsights_skip_tracking":false,"_monsterinsights_sitenote_active":false,"_monsterinsights_sitenote_note":"","_monsterinsights_sitenote_category":0},"product_brand":[],"product_cat":[91,93],"product_tag":[],"class_list":{"0":"post-6738","1":"product","2":"type-product","3":"status-publish","4":"has-post-thumbnail","6":"product_cat-formicarium-modules","7":"product_cat-arena-frame","9":"first","10":"outofstock","11":"taxable","12":"shipping-taxable","13":"purchasable","14":"product-type-simple"},"acf":[],"aioseo_notices":[],"jetpack_sharing_enabled":true,"_links":{"self":[{"href":"https:\/\/antcube.shop\/lt\/wp-json\/wp\/v2\/product\/6738","targetHints":{"allow":["GET"]}}],"collection":[{"href":"https:\/\/antcube.shop\/lt\/wp-json\/wp\/v2\/product"}],"about":[{"href":"https:\/\/antcube.shop\/lt\/wp-json\/wp\/v2\/types\/product"}],"replies":[{"embeddable":true,"href":"https:\/\/antcube.shop\/lt\/wp-json\/wp\/v2\/comments?post=6738"}],"wp:featuredmedia":[{"embeddable":true,"href":"https:\/\/antcube.shop\/lt\/wp-json\/wp\/v2\/media\/6716"}],"wp:attachment":[{"href":"https:\/\/antcube.shop\/lt\/wp-json\/wp\/v2\/media?parent=6738"}],"wp:term":[{"taxonomy":"product_brand","embeddable":true,"href":"https:\/\/antcube.shop\/lt\/wp-json\/wp\/v2\/product_brand?post=6738"},{"taxonomy":"product_cat","embeddable":true,"href":"https:\/\/antcube.shop\/lt\/wp-json\/wp\/v2\/product_cat?post=6738"},{"taxonomy":"product_tag","embeddable":true,"href":"https:\/\/antcube.shop\/lt\/wp-json\/wp\/v2\/product_tag?post=6738"}],"curies":[{"name":"wp","href":"https:\/\/api.w.org\/{rel}","templated":true}]}}