{"id":6737,"date":"2023-12-12T15:03:25","date_gmt":"2023-12-12T14:03:25","guid":{"rendered":"https:\/\/antcube.shop\/product\/antcube-starter-set-fur-weberameisen-gros\/"},"modified":"2026-04-01T13:28:16","modified_gmt":"2026-04-01T11:28:16","slug":"pradinis-rinkinys-audeju-skruzdelems-didelis","status":"publish","type":"product","link":"https:\/\/antcube.shop\/lt\/produktas\/pradinis-rinkinys-audeju-skruzdelems-didelis\/","title":{"rendered":"ANTCUBE - Pradinis rinkinys skruzd\u0117l\u0117ms - didelis"},"content":{"rendered":"<p><span data-text-color=\"alert\"><strong>Siuntimas galimas tik persiun\u010diant ant palet\u0117s.<\/strong><\/span><\/p>\n<p><strong>Turinys:<\/strong><br \/>\n1x ANTCUBE Arena 30x30x60 su stumdomomis durimis<br \/>\n1x skruzd\u0117lyno r\u0117mas 30\u00d730<br \/>\n1x skruzd\u0117lyno dangtis 30\u00d730<br \/>\n1x arenos dang\u010dio tvirtinimo ta\u0161kas (4 vnt.)<\/p>\n<p>1x stumdom\u0173j\u0173 dur\u0173 r\u0117mas<br \/>\n0,5 litro talpos purk\u0161tuvas - \u017ealvarinis antgalis<br \/>\n1x Nuotrauk\u0173 nugar\u0117l\u0117 - atogr\u0105\u017e\u0173 mi\u0161kas - 30\u00d760 - auk\u0161ta<br \/>\n1x 30\u00d730 cm formikariumo pagrindas<br \/>\n1x substratas Rainforest 1 kg<\/p>\n<p>5x Grid insert acrylic &#8211; 50 mm with sealing ring<br \/>\n1x drinking clear 5ml &#8211; sponge<br \/>\n1x Feeding dish white rectangle &#8211; 3 compartments<br \/>\n1x Drinking trough 2ml &#8211; 360 Degrees<br \/>\n1x spyruoklinio plieno pincetas platus - mink\u0161tas<br \/>\n1x Plastikinis pincetas standartinis<br \/>\n1x apsauginis aliejus nuo skruzd\u017ei\u0173 protr\u016bki\u0173<br \/>\n1x rankinis didinamasis stiklas - 2x - 30 mm<br \/>\n1x put\u0173 valytuvas 150x18x2,5 mm<\/p>\n<p><strong>Can be ordered with shipping by forwarding agent on pallet in our second store ANTCUBE:<\/strong><\/p>\n<blockquote class=\"wp-embedded-content\" data-secret=\"OWgk0U6RxI\"><p><a href=\"https:\/\/antcube.shop\/product\/starter-set-for-weaver-ants-large\/\">ANTCUBE - Pradinis rinkinys skruzd\u0117l\u0117ms - didelis<\/a><\/p><\/blockquote>\n<p><iframe loading=\"lazy\" class=\"wp-embedded-content\" sandbox=\"allow-scripts\" security=\"restricted\" style=\"position: absolute; visibility: hidden;\" title=\"&#8222;ANTCUBE &#8211; Starter set for weaver ants &#8211; large&#8220; &#8211; ANTCUBE\" src=\"https:\/\/antcube.shop\/product\/starter-set-for-weaver-ants-large\/embed\/#?secret=wA9rHSrKI4#?secret=OWgk0U6RxI\" data-secret=\"OWgk0U6RxI\" width=\"600\" height=\"338\" frameborder=\"0\" marginwidth=\"0\" marginheight=\"0\" scrolling=\"no\"><\/iframe><\/p>\n<p><strong>Apra\u0161ymas:<\/strong><br \/>\n\u0160iame i\u0161ple\u010diamame pradiniame rinkinyje, skirtame \u012fvairioms audimo skruzd\u0117li\u0173 r\u016b\u0161ims, pavyzd\u017eiui, Polyrhachis spec. arba Oecophylla spec., yra ne tik optimaliai pritaikytas formikariumas, bet ir tinkami priedai \u0161ioms skruzd\u0117li\u0173 r\u016b\u0161ims laikyti.<\/p>\n<p>The sliding door in the front (opening 150x200mm) facilitates the work in the formicarium, even with large colonies or planting of the formicarium with a host plant for example Oecophylla smaragdina. Additional formicariums can be connected via the two 50mm holes on the side. The stainless steel grid inserts provide good ventilation and are robust against mechanical impact. If necessary, the humidity can be increased with the spray bottle. The drinker clear 5ml &#8211; sponge is intended for the supply of fresh water, the drinker 2ml &#8211; 360 degrees for honey or sugar solution.<\/p>\n<p><strong>Svarbu: <\/strong>Prie\u0161 naudodami sudr\u0117kinkite substrat\u0105, kad mi\u0161inys susijungt\u0173 ir tvirtai \u012fsitvirtint\u0173 skruzd\u0117lyne. Be to, per sausas ir dulk\u0117tas substratas gali u\u017ekim\u0161ti skruzd\u0117li\u0173 kv\u0117pavimo takus, o blogiausiu atveju gyv\u016bnai gali u\u017edusti.<\/p>\n<p><strong>Svarbi pastaba apie stumdom\u0173 dur\u0173 r\u0117m\u0105:<\/strong><br \/>\nR\u0117m\u0105 galima lengvai pritvirtinti prie var\u017et\u0173, pritvirtint\u0173 prie stumdom\u0173j\u0173 dur\u0173 b\u0117gi\u0173. Nor\u0117dami tai padaryti, atsargiai atlaisvinkite <strong>tik<\/strong> viduje esan\u010dias ver\u017eles. Reikalingas ma\u017eas kry\u017eminis atsuktuvas (kry\u017eminis atsuktuvas). Sud\u0117kite r\u0117m\u0105 ir pakabinkite viduje ant var\u017et\u0173. Tada atsargiai v\u0117l pritvirtinkite ver\u017eles ir <strong>under no circumstances turn too tightly<\/strong>, otherwise the glass may be damaged.<\/p>\n<p><u><strong>Pastabos apie gamyb\u0105<\/strong><\/u><br \/>\nStiklas pjaustomas pagal DIN 1249, leistina paklaida +\/- 1 mm. Ypa\u010d ma\u017eoms skruzd\u0117li\u0173 r\u016b\u0161ims b\u016btina papildoma apsauga nuo i\u0161lau\u017eimo.<\/p>","protected":false},"excerpt":{"rendered":"<p>The set consists of 22 parts.<br \/>\nDydis: <span style=\"color: #ed1c24;\"><strong>XL<\/strong><\/span><\/p>","protected":false},"featured_media":6710,"comment_status":"open","ping_status":"closed","template":"","meta":{"_acf_changed":false,"content-type":"","_monsterinsights_skip_tracking":false,"_monsterinsights_sitenote_active":false,"_monsterinsights_sitenote_note":"","_monsterinsights_sitenote_category":0},"product_brand":[],"product_cat":[354,73],"product_tag":[],"class_list":{"0":"post-6737","1":"product","2":"type-product","3":"status-publish","4":"has-post-thumbnail","6":"product_cat-starter-sets-for-weaver-ants","7":"product_cat-starter-sets","8":"product_shipping_class-forwarding-on-pallet","10":"first","11":"outofstock","12":"taxable","13":"shipping-taxable","14":"purchasable","15":"product-type-simple"},"acf":[],"aioseo_notices":[],"jetpack_sharing_enabled":true,"_links":{"self":[{"href":"https:\/\/antcube.shop\/lt\/wp-json\/wp\/v2\/product\/6737","targetHints":{"allow":["GET"]}}],"collection":[{"href":"https:\/\/antcube.shop\/lt\/wp-json\/wp\/v2\/product"}],"about":[{"href":"https:\/\/antcube.shop\/lt\/wp-json\/wp\/v2\/types\/product"}],"replies":[{"embeddable":true,"href":"https:\/\/antcube.shop\/lt\/wp-json\/wp\/v2\/comments?post=6737"}],"wp:featuredmedia":[{"embeddable":true,"href":"https:\/\/antcube.shop\/lt\/wp-json\/wp\/v2\/media\/6710"}],"wp:attachment":[{"href":"https:\/\/antcube.shop\/lt\/wp-json\/wp\/v2\/media?parent=6737"}],"wp:term":[{"taxonomy":"product_brand","embeddable":true,"href":"https:\/\/antcube.shop\/lt\/wp-json\/wp\/v2\/product_brand?post=6737"},{"taxonomy":"product_cat","embeddable":true,"href":"https:\/\/antcube.shop\/lt\/wp-json\/wp\/v2\/product_cat?post=6737"},{"taxonomy":"product_tag","embeddable":true,"href":"https:\/\/antcube.shop\/lt\/wp-json\/wp\/v2\/product_tag?post=6737"}],"curies":[{"name":"wp","href":"https:\/\/api.w.org\/{rel}","templated":true}]}}