{"id":6736,"date":"2023-12-12T15:03:19","date_gmt":"2023-12-12T14:03:19","guid":{"rendered":"https:\/\/antcube.shop\/product\/antcube-arena-30x30x60-mit-schiebetur\/"},"modified":"2026-04-15T13:37:58","modified_gmt":"2026-04-15T11:37:58","slug":"antcube-arena-30x30x60-su-stumdomomis-durimis","status":"publish","type":"product","link":"https:\/\/antcube.shop\/lt\/produktas\/antcube-arena-30x30x60-su-stumdomomis-durimis\/","title":{"rendered":"ANTCUBE Arena 30x30x60 su stumdomomis durimis"},"content":{"rendered":"<p><span data-text-color=\"alert\"><strong>Siuntimas galimas tik persiun\u010diant ant palet\u0117s.<\/strong><\/span><\/p>\n<p>ANTCUBE Arena 30x30x60 cm su stumdomomis durimis ir 2x 50 mm skyl\u0117mis.<\/p>\n<p><strong>Matmenys:<\/strong> 300 x 300 x 600 mm; 4 mm storio stiklas.<br \/>\n<strong>Med\u017eiaga:<\/strong> floatinis stiklas<br \/>\n<strong>Ry\u0161ys:<\/strong> 2x skyl\u0117 50 mm<\/p>\n<p><strong>Priekinis atidarymas (stumdomos durys):<\/strong> 150\u00d7200 mm<\/p>\n<p><strong>Apra\u0161ymas:<\/strong> M\u016bs\u0173 ANTCUBE Arena 30x30x60 su stumdomomis durimis sukurta taip, kad b\u016bt\u0173 patogu dirbti net ir pilnuose formikariumuose. Jos ypa\u010d naudingos kaip formikariumas audimo skruzd\u0117l\u0117ms (Polyrhachis ir Oeacophylla), nes jos m\u0117gsta statytis auk\u0161tai arba joms reikia augalo \u0161eimininko. M\u016bs\u0173 \u012fprastose 30x30x60 dyd\u017eio arenose gali b\u016bti sunku pa\u0161alinti, pavyzd\u017eiui, formikariumo dugne esan\u010dias gyv\u016bn\u0173 atliekas. \u0160iame specialiai pritaikytame baseine tai neb\u0117ra problema. Be to, lapini\u0173 skruzd\u0117li\u0173 Acromyrmex arba Atta maitinimo baseinuose labai prakti\u0161kos stumdomos durel\u0117s, nes augal\u0173 liekanas ir kitas atliekas galima patogiai i\u0161mesti. Be to, kad dirbant gyv\u016bnai nei\u0161b\u0117gt\u0173, galima naudoti atskirai \u012fsigyjam\u0105 stumdom\u0173 dureli\u0173 r\u0117m\u0105 (gaminio Nr. 1005648). \u012eprastam vir\u0161utiniam atidarymui atskirai taip pat galima \u012fsigyti 30\u00d730 apsaugos nuo i\u0161lau\u017eimo r\u0117mel\u012f ir 30\u00d730 arenos dangt\u012f.<\/p>\n<p><strong>Pastaba:<\/strong> Stiklas pjaustomas pagal DIN 1249, leistina paklaida +\/- 1 mm. Ypa\u010d ma\u017eoms skruzd\u0117li\u0173 r\u016b\u0161ims b\u016btina papildoma apsauga nuo i\u0161lau\u017eimo.<\/p>","protected":false},"excerpt":{"rendered":"<p><strong>Ry\u0161ys:<\/strong> 2x skyl\u0117 50 mm<\/p>","protected":false},"featured_media":6727,"comment_status":"open","ping_status":"closed","template":"","meta":{"_acf_changed":false,"content-type":"","_monsterinsights_skip_tracking":false,"_monsterinsights_sitenote_active":false,"_monsterinsights_sitenote_note":"","_monsterinsights_sitenote_category":0},"product_brand":[],"product_cat":[85,86],"product_tag":[],"class_list":{"0":"post-6736","1":"product","2":"type-product","3":"status-publish","4":"has-post-thumbnail","6":"product_cat-ant-arenas","7":"product_cat-formicariums","8":"product_shipping_class-forwarding-on-pallet","10":"first","11":"instock","12":"taxable","13":"shipping-taxable","14":"purchasable","15":"product-type-simple"},"acf":[],"aioseo_notices":[],"jetpack_sharing_enabled":true,"_links":{"self":[{"href":"https:\/\/antcube.shop\/lt\/wp-json\/wp\/v2\/product\/6736","targetHints":{"allow":["GET"]}}],"collection":[{"href":"https:\/\/antcube.shop\/lt\/wp-json\/wp\/v2\/product"}],"about":[{"href":"https:\/\/antcube.shop\/lt\/wp-json\/wp\/v2\/types\/product"}],"replies":[{"embeddable":true,"href":"https:\/\/antcube.shop\/lt\/wp-json\/wp\/v2\/comments?post=6736"}],"wp:featuredmedia":[{"embeddable":true,"href":"https:\/\/antcube.shop\/lt\/wp-json\/wp\/v2\/media\/6727"}],"wp:attachment":[{"href":"https:\/\/antcube.shop\/lt\/wp-json\/wp\/v2\/media?parent=6736"}],"wp:term":[{"taxonomy":"product_brand","embeddable":true,"href":"https:\/\/antcube.shop\/lt\/wp-json\/wp\/v2\/product_brand?post=6736"},{"taxonomy":"product_cat","embeddable":true,"href":"https:\/\/antcube.shop\/lt\/wp-json\/wp\/v2\/product_cat?post=6736"},{"taxonomy":"product_tag","embeddable":true,"href":"https:\/\/antcube.shop\/lt\/wp-json\/wp\/v2\/product_tag?post=6736"}],"curies":[{"name":"wp","href":"https:\/\/api.w.org\/{rel}","templated":true}]}}