{"id":6668,"date":"2023-12-05T14:03:20","date_gmt":"2023-12-05T13:03:20","guid":{"rendered":"https:\/\/antcube.shop\/product\/arena-hochstand-20x20cm\/"},"modified":"2026-04-20T09:57:46","modified_gmt":"2026-04-20T07:57:46","slug":"aukstas-arenos-stendas-20x20cm","status":"publish","type":"product","link":"https:\/\/antcube.shop\/lt\/produktas\/aukstas-arenos-stendas-20x20cm\/","title":{"rendered":"Arenos auk\u0161tas stovas 20x20cm"},"content":{"rendered":"<div class=\"tab-body active\">\n<p><strong>Matmenys:<\/strong> 20x20x10<\/p>\n<p><strong>Med\u017eiaga: <\/strong>PMMA<\/p>\n<p><strong>Spalva: <\/strong>kri\u0161tolo skaidrumo, permatomas, skaidrus<\/p>\n<p><strong>Turinys:<\/strong><br \/>\n4x auk\u0161tas stovo pagrindas<br \/>\n2x priekyje ir gale su logotipu<br \/>\n2x \u0161onin\u0117 dalis be logotipo<\/p>\n<p><strong>Pastaba:<\/strong> Dalys tiekiamos kaip komplektas arba prijungiama sistema. Klijuoti nereikia.<\/p>\n<p><span data-text-color=\"alert\"><strong>D\u0116MESIO:<\/strong><\/span> Dalis montuokite atsargiai, nes kai kurios jungtys yra jautrios.<\/p>\n<p><strong>Apra\u0161ymas:<\/strong> Auk\u0161tas skruzd\u0117lyno stovas buvo sukurtas tam, kad ANTCUBE skruzd\u0117lynus b\u016bt\u0173 galima pastatyti tokiame auk\u0161tyje, kuris atitikt\u0173 skruzd\u0117lyn\u0173 sujungimo auk\u0161t\u012f. Tai leid\u017eia daug taupiau naudoti skruzd\u0117lyn\u0105, kai skruzd\u0117lyn\u0105 ir skruzd\u0117lyn\u0105 jungia trumpesnis vamzdelis. Tai taip pat leid\u017eia naudoti m\u016bs\u0173 kri\u0161tolo skaidrumo akrilo skruzd\u0117lyno vamzdelius kaip jungt\u012f, nedirbant su alk\u016bn\u0117mis.<\/p>\n<p><strong>Taikymas:<\/strong> skruzd\u0117lynui su <strong>grind\u0173 plotas 20x20 cm<\/strong><\/p>\n<\/div>","protected":false},"excerpt":{"rendered":"<p>Skruzd\u0117lynui, kurio grind\u0173 plotas 20x20 cm<\/p>","protected":false},"featured_media":6586,"comment_status":"open","ping_status":"closed","template":"","meta":{"_acf_changed":false,"content-type":"","_monsterinsights_skip_tracking":false,"_monsterinsights_sitenote_active":false,"_monsterinsights_sitenote_note":"","_monsterinsights_sitenote_category":0},"product_brand":[],"product_cat":[119,239],"product_tag":[],"class_list":{"0":"post-6668","1":"product","2":"type-product","3":"status-publish","4":"has-post-thumbnail","6":"product_cat-formicarium-components","7":"product_cat-useful-additions","9":"first","10":"instock","11":"taxable","12":"shipping-taxable","13":"purchasable","14":"product-type-simple"},"acf":[],"aioseo_notices":[],"jetpack_sharing_enabled":true,"_links":{"self":[{"href":"https:\/\/antcube.shop\/lt\/wp-json\/wp\/v2\/product\/6668","targetHints":{"allow":["GET"]}}],"collection":[{"href":"https:\/\/antcube.shop\/lt\/wp-json\/wp\/v2\/product"}],"about":[{"href":"https:\/\/antcube.shop\/lt\/wp-json\/wp\/v2\/types\/product"}],"replies":[{"embeddable":true,"href":"https:\/\/antcube.shop\/lt\/wp-json\/wp\/v2\/comments?post=6668"}],"wp:featuredmedia":[{"embeddable":true,"href":"https:\/\/antcube.shop\/lt\/wp-json\/wp\/v2\/media\/6586"}],"wp:attachment":[{"href":"https:\/\/antcube.shop\/lt\/wp-json\/wp\/v2\/media?parent=6668"}],"wp:term":[{"taxonomy":"product_brand","embeddable":true,"href":"https:\/\/antcube.shop\/lt\/wp-json\/wp\/v2\/product_brand?post=6668"},{"taxonomy":"product_cat","embeddable":true,"href":"https:\/\/antcube.shop\/lt\/wp-json\/wp\/v2\/product_cat?post=6668"},{"taxonomy":"product_tag","embeddable":true,"href":"https:\/\/antcube.shop\/lt\/wp-json\/wp\/v2\/product_tag?post=6668"}],"curies":[{"name":"wp","href":"https:\/\/api.w.org\/{rel}","templated":true}]}}