{"id":6631,"date":"2023-12-04T15:12:05","date_gmt":"2023-12-04T14:12:05","guid":{"rendered":"https:\/\/antcube.shop\/product\/klebeklammern-transparent-2-stk\/"},"modified":"2026-04-21T13:09:48","modified_gmt":"2026-04-21T11:09:48","slug":"lipnus-klipai-skaidrus-2-vnt","status":"publish","type":"product","link":"https:\/\/antcube.shop\/lt\/produktas\/lipnus-klipai-skaidrus-2-vnt\/","title":{"rendered":"Lipn\u016bs spaustukai - skaidr\u016bs 2 vnt."},"content":{"rendered":"<p><strong>Matmenys:<\/strong> 24 x 13 mm<br \/>\n<strong>Med\u017eiaga:<\/strong> Akrilas<br \/>\n<strong>Kiekis:<\/strong> 2 vienetai<\/p>\n<p><strong>Apra\u0161ymas:<\/strong> Skaidr\u016bs plastikiniai klipsai su lipniu pavir\u0161iumi. Puikiai tinka m\u016bs\u0173 raudonoms pl\u0117vel\u0117ms ir \u0161ildymo kilim\u0117liams tvirtinti prie skruzd\u0117lyn\u0173 priekio arba galo. Taigi \u0161ildymo kilim\u0117li\u0173 nereikia tvirtai klijuoti prie skruzd\u0117lyno galin\u0117s dalies, juos galima pritvirtinti pagal poreik\u012f. D\u0117l skaidrios med\u017eiagos optika netrikdoma.<\/p>\n<p><strong>Spalva:<\/strong> skaidrus<\/p>","protected":false},"excerpt":{"rendered":"<p>Matmenys: 24 x 13 mm Med\u017eiaga: Akrilas Kiekis: 2 vnt: Akriliniai klipai, skaidraus plastiko klipai su lipniu pavir\u0161iumi. Puikiai tinka m\u016bs\u0173 raudonoms pl\u0117vel\u0117ms ir \u0161ildymo kilim\u0117liams tvirtinti prie skruzd\u0117lyn\u0173 priekio arba galo. Tokiu b\u016bdu \u0161ildymo kilim\u0117li\u0173 nereikia tvirtai klijuoti prie skruzd\u0117lyno galin\u0117s dalies ir juos galima","protected":false},"featured_media":6628,"comment_status":"open","ping_status":"closed","template":"","meta":{"_acf_changed":false,"content-type":"","_monsterinsights_skip_tracking":false,"_monsterinsights_sitenote_active":false,"_monsterinsights_sitenote_note":"","_monsterinsights_sitenote_category":0},"product_brand":[],"product_cat":[359,119,239],"product_tag":[],"class_list":{"0":"post-6631","1":"product","2":"type-product","3":"status-publish","4":"has-post-thumbnail","6":"product_cat-light-heat-humidity","7":"product_cat-formicarium-components","8":"product_cat-useful-additions","10":"first","11":"instock","12":"taxable","13":"shipping-taxable","14":"purchasable","15":"product-type-simple"},"acf":[],"aioseo_notices":[],"jetpack_sharing_enabled":true,"_links":{"self":[{"href":"https:\/\/antcube.shop\/lt\/wp-json\/wp\/v2\/product\/6631","targetHints":{"allow":["GET"]}}],"collection":[{"href":"https:\/\/antcube.shop\/lt\/wp-json\/wp\/v2\/product"}],"about":[{"href":"https:\/\/antcube.shop\/lt\/wp-json\/wp\/v2\/types\/product"}],"replies":[{"embeddable":true,"href":"https:\/\/antcube.shop\/lt\/wp-json\/wp\/v2\/comments?post=6631"}],"wp:featuredmedia":[{"embeddable":true,"href":"https:\/\/antcube.shop\/lt\/wp-json\/wp\/v2\/media\/6628"}],"wp:attachment":[{"href":"https:\/\/antcube.shop\/lt\/wp-json\/wp\/v2\/media?parent=6631"}],"wp:term":[{"taxonomy":"product_brand","embeddable":true,"href":"https:\/\/antcube.shop\/lt\/wp-json\/wp\/v2\/product_brand?post=6631"},{"taxonomy":"product_cat","embeddable":true,"href":"https:\/\/antcube.shop\/lt\/wp-json\/wp\/v2\/product_cat?post=6631"},{"taxonomy":"product_tag","embeddable":true,"href":"https:\/\/antcube.shop\/lt\/wp-json\/wp\/v2\/product_tag?post=6631"}],"curies":[{"name":"wp","href":"https:\/\/api.w.org\/{rel}","templated":true}]}}