{"id":6581,"date":"2023-12-04T13:54:37","date_gmt":"2023-12-04T12:54:37","guid":{"rendered":"https:\/\/antcube.shop\/product\/humidity-control-ii-timer\/"},"modified":"2026-04-02T12:12:11","modified_gmt":"2026-04-02T10:12:11","slug":"dregmes-kontrole-ii-laikmatis","status":"publish","type":"product","link":"https:\/\/antcube.shop\/lt\/produktas\/dregmes-kontrole-ii-laikmatis\/","title":{"rendered":"Dr\u0117gm\u0117s kontrol\u0117 II + laikmatis"},"content":{"rendered":"<p><strong>Apra\u0161ymas:<\/strong> \"Humidity Control 2\" - tai skaitmeninis higrostatas, kuris nepalieka nieko, ko b\u016bt\u0173 galima nor\u0117ti, u\u017e dar nereg\u0117t\u0105 kain\u0105.<br \/>\nJis turi dvi grandines, kurios leid\u017eia nustatyti skirtingus dienos ir nakties nustatymus. Prietaise integruotas realaus laiko laikrodis, tod\u0117l dien\u0105 ir nakt\u012f galima lanks\u010diai perjungti pagal laik\u0105. Taip pat integruotas laikmatis, tod\u0117l per laikrod\u012f galima nustatyti du \u012fjungimo ir i\u0161jungimo laikus. Ma\u017eiausias laiko tarpas yra viena minut\u0117.<br \/>\nKitos funkcijos: signalizacijos funkcija (vaizdin\u0117 ir garsin\u0117), galimyb\u0117 perjungti dr\u0117kintuvo re\u017eim\u0105 \u012f oro sausintuvo re\u017eim\u0105, pvz., naudojant su ventiliatoriais, ir galimyb\u0117 daryti \u012ftak\u0105 higrostato perjungimo re\u017eimui. Galite nustatyti nuokryp\u012f, kuriam esant higrostatas persijungia. Pavyzd\u017eiui, \u010dia galite pasirinkti vert\u0119 15, t. y. oro dr\u0117kintuvas \u012fsijungia tik tada, kai i\u0161matuota dr\u0117gm\u0117 yra 15% ma\u017eesn\u0117 u\u017e nustatyt\u0105j\u0105 vert\u0119. Tai gali b\u016bti naudinga siekiant i\u0161vengti nuolatinio dr\u0117kintuvo \u012fjungimo ir i\u0161jungimo, nes dr\u0117gm\u0117 gamtoje taip pat svyruoja.<br \/>\nPrietaisai jungiami \"Schuko\" jungtimis. Did\u017eiausia perjungimo galia - 1000 W. Ekrane nuolat rodoma i\u0161matuota dr\u0117gm\u0117. Diapazonas yra nuo 1 iki 99%.<\/p>\n<p>- Dvi grandin\u0117s skirtingiems dr\u0117gm\u0117s nustatymams dien\u0105 ir nakt\u012f<br \/>\n- Realaus laiko laikrodis, dienos laikas nustatomas pagal laik\u0105<br \/>\n- Integruotas laikmatis<br \/>\n- Nuolatinis dr\u0117gm\u0117s rodmuo<br \/>\n- \u012erengin\u012f galima perjungti \u012f dr\u0117kinimo ir sausinimo re\u017eim\u0105<br \/>\n- Pavojaus signalo funkcija nuokrypio atveju (reguliuojama nuo 1% iki 50% santykin\u0117s dr\u0117gm\u0117s)<br \/>\n- Tikslus nuotolinis jutiklis<br \/>\n- \u012e\u017eeminti lizdai<br \/>\n- Maksimalus perjungimo paj\u0117gumas. 1000<\/p>","protected":false},"excerpt":{"rendered":"<p>Apra\u0161ymas: \"Humidity Control 2\" - tai skaitmeninis higrostatas, kuris nepalieka nieko, ko b\u016bt\u0173 galima pageidauti, u\u017e beprecedent\u0119 kain\u0105. Jis turi dvi grandines, kurios leid\u017eia nustatyti skirtingus nustatymus dienai ir nak\u010diai. Prietaise integruotas realaus laiko laikrodis, tod\u0117l perjungimas tarp dienos ir nakties atliekamas lanks\u010diai pagal laik\u0105. Laikmatis yra","protected":false},"featured_media":6602,"comment_status":"open","ping_status":"closed","template":"","meta":{"_acf_changed":false,"content-type":"","_monsterinsights_skip_tracking":false,"_monsterinsights_sitenote_active":false,"_monsterinsights_sitenote_note":"","_monsterinsights_sitenote_category":0},"product_brand":[],"product_cat":[359,119],"product_tag":[],"class_list":{"0":"post-6581","1":"product","2":"type-product","3":"status-publish","4":"has-post-thumbnail","6":"product_cat-light-heat-humidity","7":"product_cat-formicarium-components","9":"first","10":"instock","11":"taxable","12":"shipping-taxable","13":"purchasable","14":"product-type-simple"},"acf":[],"aioseo_notices":[],"jetpack_sharing_enabled":true,"_links":{"self":[{"href":"https:\/\/antcube.shop\/lt\/wp-json\/wp\/v2\/product\/6581","targetHints":{"allow":["GET"]}}],"collection":[{"href":"https:\/\/antcube.shop\/lt\/wp-json\/wp\/v2\/product"}],"about":[{"href":"https:\/\/antcube.shop\/lt\/wp-json\/wp\/v2\/types\/product"}],"replies":[{"embeddable":true,"href":"https:\/\/antcube.shop\/lt\/wp-json\/wp\/v2\/comments?post=6581"}],"wp:featuredmedia":[{"embeddable":true,"href":"https:\/\/antcube.shop\/lt\/wp-json\/wp\/v2\/media\/6602"}],"wp:attachment":[{"href":"https:\/\/antcube.shop\/lt\/wp-json\/wp\/v2\/media?parent=6581"}],"wp:term":[{"taxonomy":"product_brand","embeddable":true,"href":"https:\/\/antcube.shop\/lt\/wp-json\/wp\/v2\/product_brand?post=6581"},{"taxonomy":"product_cat","embeddable":true,"href":"https:\/\/antcube.shop\/lt\/wp-json\/wp\/v2\/product_cat?post=6581"},{"taxonomy":"product_tag","embeddable":true,"href":"https:\/\/antcube.shop\/lt\/wp-json\/wp\/v2\/product_tag?post=6581"}],"curies":[{"name":"wp","href":"https:\/\/api.w.org\/{rel}","templated":true}]}}