{"id":6580,"date":"2023-12-04T13:54:31","date_gmt":"2023-12-04T12:54:31","guid":{"rendered":"https:\/\/antcube.shop\/product\/thermo-control-pro-ii\/"},"modified":"2026-04-14T09:35:30","modified_gmt":"2026-04-14T07:35:30","slug":"thermo-control-pro-ii","status":"publish","type":"product","link":"https:\/\/antcube.shop\/lt\/produktas\/thermo-control-pro-ii\/","title":{"rendered":"\"Thermo Control Pro II"},"content":{"rendered":"<p><strong>Apra\u0161ymas:<\/strong> \"Thermo Control PRO II\" yra tolesnis \"Thermo Control II\" patobulinimas. Pagrindiniai skirtumai - realaus laiko laikrodis ir dvi temperat\u016bros grandin\u0117s, kad b\u016bt\u0173 galima nustatyti skirting\u0105 temperat\u016br\u0105 dien\u0105 ir nakt\u012f. Perjungimas tarp dienos ir nakties re\u017eimo valdomas pagal laik\u0105.<br \/>\nSkirtingai nei \"Thermo Control II\", \u0161io modelio laikmat\u012f galima nustatyti minu\u010di\u0173 vienetais. Galimi du \u012fjungimo ir i\u0161jungimo laikai.<br \/>\nBe to, prietais\u0105 galima perjungti \u012f \u0161ildymo ir v\u0117sinimo re\u017eim\u0105, pvz., norint valdyti ventiliatorius. Pasiekus nustatyt\u0105 temperat\u016br\u0105, termostatas \u012fsijungia, o ne i\u0161sijungia.<br \/>\nDid\u017eiausia perjungimo galia yra 1000 W. Temperat\u016bros diapazonas 0-50 \u00b0C.<\/p>\n<p>- Dvi perjungimo grandin\u0117s skirtingiems dienos ir nakties nustatymams<br \/>\n- Realaus laiko laikrodis, dienos laikas nustatomas pagal laik\u0105<br \/>\n- Integruotas laikmatis<br \/>\n- Nuolatinis temperat\u016bros rodmuo<br \/>\n- Perjungiamas \u0161ildymo ir v\u0117sinimo re\u017eimas<br \/>\n- Pavojaus signalo funkcija nuokrypio atveju (reguliuojama nuo 1\u00b0C iki 15\u00b0C)<br \/>\n- 2 m ilgio nuotolinis jutiklis, taip pat tinka akvariumams<br \/>\n- \u012e\u017eeminti lizdai<br \/>\n- Maksimalus perjungimo paj\u0117gumas. 1000 vat\u0173<\/p>\n<p>- Rekomenduojama naudoti su \u0161ildymo kilim\u0117liais, \u0161ildymo kabeliais, \u0161ildymo akmenimis ir keraminiais spinduliniais \u0161ildytuvais, kad terariumas neperkaist\u0173.<\/p>\n<p><strong>Interneto nuoroda:<\/strong> http:\/\/www.antstore.net\/viewtopic.php?f=18&amp;p=108893<\/p>","protected":false},"excerpt":{"rendered":"<p>Apra\u0161ymas: Thermo Control PRO II - tai tolesnis Thermo Control II patobulinimas. Pagrindiniai skirtumai - realaus laiko laikrodis ir dvi temperat\u016bros grandin\u0117s, kad b\u016bt\u0173 galima nustatyti skirting\u0105 temperat\u016br\u0105 dien\u0105 ir nakt\u012f. Perjungimas tarp dienos ir nakties re\u017eimo valdomas pagal laik\u0105. Skirtingai nei \"Thermo Control II\", laik\u0105 galima nustatyti","protected":false},"featured_media":6600,"comment_status":"open","ping_status":"closed","template":"","meta":{"_acf_changed":false,"content-type":"","_monsterinsights_skip_tracking":false,"_monsterinsights_sitenote_active":false,"_monsterinsights_sitenote_note":"","_monsterinsights_sitenote_category":0},"product_brand":[],"product_cat":[359,119],"product_tag":[],"class_list":{"0":"post-6580","1":"product","2":"type-product","3":"status-publish","4":"has-post-thumbnail","6":"product_cat-light-heat-humidity","7":"product_cat-formicarium-components","9":"first","10":"instock","11":"taxable","12":"shipping-taxable","13":"purchasable","14":"product-type-simple"},"acf":[],"aioseo_notices":[],"jetpack_sharing_enabled":true,"_links":{"self":[{"href":"https:\/\/antcube.shop\/lt\/wp-json\/wp\/v2\/product\/6580","targetHints":{"allow":["GET"]}}],"collection":[{"href":"https:\/\/antcube.shop\/lt\/wp-json\/wp\/v2\/product"}],"about":[{"href":"https:\/\/antcube.shop\/lt\/wp-json\/wp\/v2\/types\/product"}],"replies":[{"embeddable":true,"href":"https:\/\/antcube.shop\/lt\/wp-json\/wp\/v2\/comments?post=6580"}],"wp:featuredmedia":[{"embeddable":true,"href":"https:\/\/antcube.shop\/lt\/wp-json\/wp\/v2\/media\/6600"}],"wp:attachment":[{"href":"https:\/\/antcube.shop\/lt\/wp-json\/wp\/v2\/media?parent=6580"}],"wp:term":[{"taxonomy":"product_brand","embeddable":true,"href":"https:\/\/antcube.shop\/lt\/wp-json\/wp\/v2\/product_brand?post=6580"},{"taxonomy":"product_cat","embeddable":true,"href":"https:\/\/antcube.shop\/lt\/wp-json\/wp\/v2\/product_cat?post=6580"},{"taxonomy":"product_tag","embeddable":true,"href":"https:\/\/antcube.shop\/lt\/wp-json\/wp\/v2\/product_tag?post=6580"}],"curies":[{"name":"wp","href":"https:\/\/api.w.org\/{rel}","templated":true}]}}