{"id":6579,"date":"2023-12-04T13:54:25","date_gmt":"2023-12-04T12:54:25","guid":{"rendered":"https:\/\/antcube.shop\/product\/thermo-control-ii-timer\/"},"modified":"2026-04-09T15:04:50","modified_gmt":"2026-04-09T13:04:50","slug":"thermo-control-ii-laikmatis","status":"publish","type":"product","link":"https:\/\/antcube.shop\/lt\/produktas\/thermo-control-ii-laikmatis\/","title":{"rendered":"\"Thermo Control II\" + laikmatis"},"content":{"rendered":"<p><strong>Apra\u0161ymas:<\/strong> Populiari\u0173j\u0173 \"Thermo Control\" termostat\u0173 \u012fp\u0117dinio modelio tik kaina primena pradinio lygio model\u012f.<br \/>\n\"Thermo Control 2\" yra skaitmeninis termostatas, kurio temperat\u016bros diapazonas yra 0-50 \u00b0C. D\u0117l pastovios temperat\u016bros rodmens jis taip pat veikia kaip termometras.<br \/>\n\u0160ildytuvus, kuri\u0173 bendra galia ne didesn\u0117 kaip 1200 W, galima prijungti per \"Schuko\" jungt\u012f. Kita \"Schuko\" jungtis valdoma per integruot\u0105 laikma\u010dio funkcij\u0105, kuria galima nustatyti, pavyzd\u017eiui, ap\u0161vietimo ar ventiliatori\u0173 veikimo laik\u0105. Jutiklis tinka oro ir vandens matavimams ir prie termostato jungiamas kabeliu, kaip ir jungtis bei maitinimo blokas.<br \/>\nBe to, \"Thermo Control 2\" turi pavojaus signalo funkcij\u0105, kuri \u012fsp\u0117ja vizualiai ir garsiniu signalu, jei temperat\u016bra vir\u0161ija arba nukrenta \u017eemiau pageidaujamos temperat\u016bros (galima nustatyti nuo 1 \u00b0C iki 5 \u00b0C).<br \/>\nPrietaisas, be kurio netur\u0117t\u0173 apsieiti n\u0117 vienas terariumas!<\/p>\n<p>- Su atskirai naudojamu laikma\u010diu, pvz., ap\u0161vietimui arba v\u0117dinimui.<br \/>\n- Pavojaus signalo funkcija esant temperat\u016bros nuokrypiui (reguliuojama nuo 1\u00b0C iki 5\u00b0C)<br \/>\n- I\u0161matuotos temperat\u016bros rodymas<br \/>\n- 2 m ilgio nuotolinis jutiklis, taip pat tinka akvariumams<br \/>\n- \u012e\u017eeminti lizdai<br \/>\n- 1200 vat\u0173 perjungimo galia<\/p>\n<p>- Rekomenduojama naudoti su \u0161ildymo kilim\u0117liais, \u0161ildymo kabeliais, \u0161ildymo akmenimis ir keraminiais spinduliniais \u0161ildytuvais, kad terariumas neperkaist\u0173.<\/p>\n<p><strong>Interneto nuoroda:<\/strong> http:\/\/www.antstore.net\/viewtopic.php?f=18&amp;p=108893<\/p>","protected":false},"excerpt":{"rendered":"<p>Apra\u0161ymas: Thermo Control termostat\u0173 \u012fp\u0117dinis, tik kaina primena pradinio lygio model\u012f. Thermo Control 2 yra skaitmeninis termostatas, kurio temperat\u016bros diapazonas yra 0-50 \u00b0C. D\u0117l pastovios temperat\u016bros rodmens jis veikia ir kaip termometras. \u0160ildytuvai, kuri\u0173 did\u017eiausia bendra galia yra 1200 W, gali","protected":false},"featured_media":6598,"comment_status":"open","ping_status":"closed","template":"","meta":{"_acf_changed":false,"content-type":"","_monsterinsights_skip_tracking":false,"_monsterinsights_sitenote_active":false,"_monsterinsights_sitenote_note":"","_monsterinsights_sitenote_category":0},"product_brand":[],"product_cat":[359,119],"product_tag":[],"class_list":{"0":"post-6579","1":"product","2":"type-product","3":"status-publish","4":"has-post-thumbnail","6":"product_cat-light-heat-humidity","7":"product_cat-formicarium-components","9":"first","10":"instock","11":"taxable","12":"shipping-taxable","13":"purchasable","14":"product-type-simple"},"acf":[],"aioseo_notices":[],"jetpack_sharing_enabled":true,"_links":{"self":[{"href":"https:\/\/antcube.shop\/lt\/wp-json\/wp\/v2\/product\/6579","targetHints":{"allow":["GET"]}}],"collection":[{"href":"https:\/\/antcube.shop\/lt\/wp-json\/wp\/v2\/product"}],"about":[{"href":"https:\/\/antcube.shop\/lt\/wp-json\/wp\/v2\/types\/product"}],"replies":[{"embeddable":true,"href":"https:\/\/antcube.shop\/lt\/wp-json\/wp\/v2\/comments?post=6579"}],"wp:featuredmedia":[{"embeddable":true,"href":"https:\/\/antcube.shop\/lt\/wp-json\/wp\/v2\/media\/6598"}],"wp:attachment":[{"href":"https:\/\/antcube.shop\/lt\/wp-json\/wp\/v2\/media?parent=6579"}],"wp:term":[{"taxonomy":"product_brand","embeddable":true,"href":"https:\/\/antcube.shop\/lt\/wp-json\/wp\/v2\/product_brand?post=6579"},{"taxonomy":"product_cat","embeddable":true,"href":"https:\/\/antcube.shop\/lt\/wp-json\/wp\/v2\/product_cat?post=6579"},{"taxonomy":"product_tag","embeddable":true,"href":"https:\/\/antcube.shop\/lt\/wp-json\/wp\/v2\/product_tag?post=6579"}],"curies":[{"name":"wp","href":"https:\/\/api.w.org\/{rel}","templated":true}]}}