{"id":6578,"date":"2023-12-04T13:54:19","date_gmt":"2023-12-04T12:54:19","guid":{"rendered":"https:\/\/antcube.shop\/product\/mini-thermo-hygrometer-digital-weis-selbstklebend\/"},"modified":"2026-04-04T11:44:15","modified_gmt":"2026-04-04T09:44:15","slug":"mini-termohigrometras-skaitmeninis-baltas-lipnus","status":"publish","type":"product","link":"https:\/\/antcube.shop\/lt\/produktas\/mini-termohigrometras-skaitmeninis-baltas-lipnus\/","title":{"rendered":"Skaitmeninis mini termohiprometras - baltos spalvos - lipnus"},"content":{"rendered":"<p><strong>Matavimo diapazonas:<\/strong> Nuo -10 iki +60 \u00b0C \/ nuo 10% iki 99%<\/p>\n<p><strong>Matmenys:<\/strong> 52 x39x15 mm<\/p>\n<p><strong>Apra\u0161ymas:<\/strong><br \/>\nSu max\/mini funkcija, su stovu, su baterija LR 44 mygtukinis elementas.<\/p>\n<p><strong>Pastaba:<\/strong><br \/>\nNorint gauti kuo tikslesnius matavimo rezultatus, svarbu, kad galin\u0117s ventiliacijos angos neb\u016bt\u0173 u\u017eblokuotos montavimo \u012ftaisu!<br \/>\nPritvirtindami prietais\u0105, pasir\u016bpinkite, kad gyv\u016bnai negal\u0117t\u0173 pasiekti prietaiso ar lipnios tvirtinimo detal\u0117s, naudodami tinkamas apsaugos priemones.<br \/>\nTa\u010diau, jei yra rizika, kad taip nutiks, tvirtinimui reik\u0117t\u0173 naudoti m\u016bs\u0173 skaidrius lipnius blokelius (gaminio Nr. 1002314).<\/p>\n<p><strong>WEEE reg.:<\/strong> DE 78184127<\/p>\n<p><strong>D\u0117l \u0161alinimo \u017er. akumuliatori\u0173 naudojimo taisykles:<\/strong><\/p>\n<p><a href=\"https:\/\/www.antstore.net\/shop\/de\/info\/Batterieverordnung.html\" target=\"_blank\" rel=\"noopener\">https:\/\/www.antstore.net\/shop\/de\/info\/Batterieverordnung.html<\/a><\/p>","protected":false},"excerpt":{"rendered":"<p>Matavimo diapazonas: nuo -10 iki +60 \u00b0C \/ nuo 10 iki 99% , Matmenys: 52 x 39 x 15 mm<\/p>","protected":false},"featured_media":6620,"comment_status":"open","ping_status":"closed","template":"","meta":{"_acf_changed":false,"content-type":"","_monsterinsights_skip_tracking":false,"_monsterinsights_sitenote_active":false,"_monsterinsights_sitenote_note":"","_monsterinsights_sitenote_category":0},"product_brand":[],"product_cat":[359,119,239],"product_tag":[],"class_list":{"0":"post-6578","1":"product","2":"type-product","3":"status-publish","4":"has-post-thumbnail","6":"product_cat-light-heat-humidity","7":"product_cat-formicarium-components","8":"product_cat-useful-additions","10":"first","11":"instock","12":"taxable","13":"shipping-taxable","14":"purchasable","15":"product-type-simple"},"acf":[],"aioseo_notices":[],"jetpack_sharing_enabled":true,"_links":{"self":[{"href":"https:\/\/antcube.shop\/lt\/wp-json\/wp\/v2\/product\/6578","targetHints":{"allow":["GET"]}}],"collection":[{"href":"https:\/\/antcube.shop\/lt\/wp-json\/wp\/v2\/product"}],"about":[{"href":"https:\/\/antcube.shop\/lt\/wp-json\/wp\/v2\/types\/product"}],"replies":[{"embeddable":true,"href":"https:\/\/antcube.shop\/lt\/wp-json\/wp\/v2\/comments?post=6578"}],"wp:featuredmedia":[{"embeddable":true,"href":"https:\/\/antcube.shop\/lt\/wp-json\/wp\/v2\/media\/6620"}],"wp:attachment":[{"href":"https:\/\/antcube.shop\/lt\/wp-json\/wp\/v2\/media?parent=6578"}],"wp:term":[{"taxonomy":"product_brand","embeddable":true,"href":"https:\/\/antcube.shop\/lt\/wp-json\/wp\/v2\/product_brand?post=6578"},{"taxonomy":"product_cat","embeddable":true,"href":"https:\/\/antcube.shop\/lt\/wp-json\/wp\/v2\/product_cat?post=6578"},{"taxonomy":"product_tag","embeddable":true,"href":"https:\/\/antcube.shop\/lt\/wp-json\/wp\/v2\/product_tag?post=6578"}],"curies":[{"name":"wp","href":"https:\/\/api.w.org\/{rel}","templated":true}]}}