{"id":6577,"date":"2023-12-04T13:54:13","date_gmt":"2023-12-04T12:54:13","guid":{"rendered":"https:\/\/antcube.shop\/product\/ameisenarena-nebler-gros\/"},"modified":"2026-04-24T14:25:11","modified_gmt":"2026-04-24T12:25:11","slug":"skruzdelyno-arenos-rukiklis-didelis","status":"publish","type":"product","link":"https:\/\/antcube.shop\/lt\/produktas\/skruzdelyno-arenos-rukiklis-didelis\/","title":{"rendered":"Skruzd\u0117lynas - miglotuvas - didelis"},"content":{"rendered":"<p><strong>Turinys:<\/strong><br \/>\n- Fogger<br \/>\n- Atitinkamas ki\u0161tukas su 22 mm skyle \u017earnai prie skruzd\u0117lyno dang\u010dio pritvirtinti<br \/>\n- I\u0161traukiama \u017earna<\/p>\n<p><strong>Med\u017eiaga:<\/strong> plastikinis<\/p>\n<p><strong>Spalva:<\/strong> juoda<\/p>\n<p>Technin\u0117 informacija:<br \/>\n\u012etampa: kintama 120-240 V - 50\/60 Hz<br \/>\nKabelio ilgis: 1,20 m<br \/>\nVandens bako talpa: 4 l<br \/>\n\u017darnos ilgis: individualiai prat\u0119siamas nuo 40 iki 160 cm<br \/>\nMiglos susidarymas: 150-300 ml\/h<br \/>\nDid\u017eiausias r\u016bko skleidimo auk\u0161tis: 2 m su \u017earna<br \/>\nbe triuk\u0161mo<\/p>\n<p>Apra\u0161ymas:<br \/>\nNorint sudr\u0117kinti skruzd\u0117lyn\u0105, \u0161\u012f migdom\u0105j\u012f \u012ftais\u0105 galima prijungti tiesiai prie skruzd\u0117lyno dang\u010dio.<\/p>\n<p>&nbsp;<\/p>\n<p>&nbsp;<\/p>\n<p>Pastaba: 20.01.2025 Produkto atnaujinimas - naujas modelis<\/p>","protected":false},"excerpt":{"rendered":"<p>Turinys: - Atitinkamas kam\u0161tis su 22 mm skyle \u017earnai prie skruzd\u0117lyno dang\u010dio pritvirtinti - I\u0161ple\u010diama \u017earna Med\u017eiaga: plastikas Spalva: juoda Technin\u0117 informacija: Vandens bako talpa: 4 l \u017darnos ilgis: individualiai prat\u0119siamas nuo 40 iki 160 cm: Maksimalus [...]","protected":false},"featured_media":10944,"comment_status":"open","ping_status":"closed","template":"","meta":{"_acf_changed":false,"content-type":"","_monsterinsights_skip_tracking":false,"_monsterinsights_sitenote_active":false,"_monsterinsights_sitenote_note":"","_monsterinsights_sitenote_category":0},"product_brand":[],"product_cat":[359,119,239],"product_tag":[],"class_list":{"0":"post-6577","1":"product","2":"type-product","3":"status-publish","4":"has-post-thumbnail","6":"product_cat-light-heat-humidity","7":"product_cat-formicarium-components","8":"product_cat-useful-additions","10":"first","11":"instock","12":"taxable","13":"shipping-taxable","14":"purchasable","15":"product-type-simple"},"acf":[],"aioseo_notices":[],"jetpack_sharing_enabled":true,"_links":{"self":[{"href":"https:\/\/antcube.shop\/lt\/wp-json\/wp\/v2\/product\/6577","targetHints":{"allow":["GET"]}}],"collection":[{"href":"https:\/\/antcube.shop\/lt\/wp-json\/wp\/v2\/product"}],"about":[{"href":"https:\/\/antcube.shop\/lt\/wp-json\/wp\/v2\/types\/product"}],"replies":[{"embeddable":true,"href":"https:\/\/antcube.shop\/lt\/wp-json\/wp\/v2\/comments?post=6577"}],"wp:featuredmedia":[{"embeddable":true,"href":"https:\/\/antcube.shop\/lt\/wp-json\/wp\/v2\/media\/10944"}],"wp:attachment":[{"href":"https:\/\/antcube.shop\/lt\/wp-json\/wp\/v2\/media?parent=6577"}],"wp:term":[{"taxonomy":"product_brand","embeddable":true,"href":"https:\/\/antcube.shop\/lt\/wp-json\/wp\/v2\/product_brand?post=6577"},{"taxonomy":"product_cat","embeddable":true,"href":"https:\/\/antcube.shop\/lt\/wp-json\/wp\/v2\/product_cat?post=6577"},{"taxonomy":"product_tag","embeddable":true,"href":"https:\/\/antcube.shop\/lt\/wp-json\/wp\/v2\/product_tag?post=6577"}],"curies":[{"name":"wp","href":"https:\/\/api.w.org\/{rel}","templated":true}]}}