{"id":6576,"date":"2023-12-04T13:54:06","date_gmt":"2023-12-04T12:54:06","guid":{"rendered":"https:\/\/antcube.shop\/product\/ameisenarena-nebler-klein\/"},"modified":"2026-04-05T20:47:18","modified_gmt":"2026-04-05T18:47:18","slug":"skruzdelyno-arenos-rukiklis-mazas","status":"publish","type":"product","link":"https:\/\/antcube.shop\/lt\/produktas\/skruzdelyno-arenos-rukiklis-mazas\/","title":{"rendered":"Skruzd\u0117lynas - r\u016bkiklis - ma\u017eas"},"content":{"rendered":"<p><strong>Turinys:<\/strong><br \/>\n- Fogger<br \/>\n- Atitinkamas ki\u0161tukas su 22 mm skyle \u017earnai prie skruzd\u0117lyno dang\u010dio pritvirtinti<br \/>\n- I\u0161traukiama \u017earna<\/p>\n<p><strong>Med\u017eiaga:<\/strong> plastikinis<\/p>\n<p><strong>Spalva:<\/strong> juoda\/balta<\/p>\n<p><strong>Technin\u0117s specifikacijos:<\/strong><br \/>\n\u012etampa: 230 V<br \/>\nGalingumas: 15 W (30 ml\/h)<br \/>\nKabelio ilgis: 1,40 m<br \/>\nVandens bako talpa: 360 ml<br \/>\nRy\u0161ys: Euro ki\u0161tukas<br \/>\n\u017darnos ilgis: 60 cm -&gt; galima prat\u0119sti<\/p>\n<p><strong>Apra\u0161ymas:<\/strong><br \/>\nNorint sudr\u0117kinti skruzd\u0117lyn\u0105, \u0161\u012f migdom\u0105j\u012f \u012ftais\u0105 galima \u012fd\u0117ti tiesiai \u012f skruzd\u0117lyno dangt\u012f.<br \/>\nMa\u017eas \"Ameisenarena\" miglintuvas skirtas ma\u017eiems terariumams dr\u0117kinti. \u0160iame modelyje technologija gerokai supaprastinta, tod\u0117l juo galima naudotis daug papras\u010diau. Vanduo i\u0161traukiamas kapiliariniu b\u016bdu veikiant veltinio kasetei. J\u0105 galima pakeisti keliais paprastais veiksmais, o higienos sumetimais tai reik\u0117t\u0173 daryti reguliariai. Susidariusi dulksna automati\u0161kai nukreipiama per \u017earn\u0105 d\u0117l i\u0161radingos antgalio konstrukcijos, tod\u0117l nereikia papildomo ventiliatoriaus. Tai v\u0117lgi gerokai suma\u017eina klaid\u0173 tikimyb\u0119. Miglos skleidimo na\u0161umas yra apie 30 ml\/h. Bake telpa ne daugiau kaip 360 ml. \"Super Fog Nano II\" galima valdyti laikma\u010diu arba higrostatu. D\u0117l kilnojamos ir i\u0161traukiamos \u017earnos \"Super Fog Nano II\" galima pritaikyti bet kokiam terariumui. Nauja savyb\u0117 yra ta, kad membran\u0105 galutinis naudotojas dabar gali pakeisti vos keliais paprastais veiksmais. Visas kitas dalis taip pat galima \u012fsigyti kaip atsargines dalis, tod\u0117l \"Super Fog Nano II\" yra tvarus prietaisas.<\/p>\n<p><strong>\u012esilau\u017eimas:<\/strong><br \/>\nJei reikia ilgesn\u0117s \u017earnos, prie miglos purk\u0161tuvo galima prijungti m\u016bs\u0173 20\/16 mm \u017earn\u0105 (gaminio kodas 1000107). Jums taip pat reik\u0117s 50 mm formikariumo kam\u0161\u010di\u0173 su 20 mm skyle (gaminio Nr. 1005033 + 20 mm). Ta\u010diau atkreipkite d\u0117mes\u012f, kad kuo ilgesn\u0117 \u017earna, tuo ma\u017eiau r\u016bko pasieks formikarium\u0105.<\/p>\n<p>&nbsp;<\/p>","protected":false},"excerpt":{"rendered":"<p>Turinys: - Atitinkamas kam\u0161tis su skyle \u017earnai pritvirtinti prie skruzd\u0117lyno dang\u010dio - I\u0161ple\u010diama \u017earna Med\u017eiaga: plastikas Spalva: juoda\/balta Technin\u0117s specifikacijos: \u012etampa: 230 V Galia: 15 W (30 ml\/h) Laido ilgis: 1,40 m Vandens rezervuaro talpa: 360 ml Jungtis: \u017darnos ilgis: 60 cm -&gt; galima prat\u0119sti Apra\u0161ymas: Dr\u0117kinti skruzd\u0117lyn\u0105, kad [...]","protected":false},"featured_media":6603,"comment_status":"open","ping_status":"closed","template":"","meta":{"_acf_changed":false,"content-type":"","_monsterinsights_skip_tracking":false,"_monsterinsights_sitenote_active":false,"_monsterinsights_sitenote_note":"","_monsterinsights_sitenote_category":0},"product_brand":[],"product_cat":[359,119],"product_tag":[],"class_list":{"0":"post-6576","1":"product","2":"type-product","3":"status-publish","4":"has-post-thumbnail","6":"product_cat-light-heat-humidity","7":"product_cat-formicarium-components","9":"first","10":"instock","11":"taxable","12":"shipping-taxable","13":"purchasable","14":"product-type-simple"},"acf":[],"aioseo_notices":[],"jetpack_sharing_enabled":true,"_links":{"self":[{"href":"https:\/\/antcube.shop\/lt\/wp-json\/wp\/v2\/product\/6576","targetHints":{"allow":["GET"]}}],"collection":[{"href":"https:\/\/antcube.shop\/lt\/wp-json\/wp\/v2\/product"}],"about":[{"href":"https:\/\/antcube.shop\/lt\/wp-json\/wp\/v2\/types\/product"}],"replies":[{"embeddable":true,"href":"https:\/\/antcube.shop\/lt\/wp-json\/wp\/v2\/comments?post=6576"}],"wp:featuredmedia":[{"embeddable":true,"href":"https:\/\/antcube.shop\/lt\/wp-json\/wp\/v2\/media\/6603"}],"wp:attachment":[{"href":"https:\/\/antcube.shop\/lt\/wp-json\/wp\/v2\/media?parent=6576"}],"wp:term":[{"taxonomy":"product_brand","embeddable":true,"href":"https:\/\/antcube.shop\/lt\/wp-json\/wp\/v2\/product_brand?post=6576"},{"taxonomy":"product_cat","embeddable":true,"href":"https:\/\/antcube.shop\/lt\/wp-json\/wp\/v2\/product_cat?post=6576"},{"taxonomy":"product_tag","embeddable":true,"href":"https:\/\/antcube.shop\/lt\/wp-json\/wp\/v2\/product_tag?post=6576"}],"curies":[{"name":"wp","href":"https:\/\/api.w.org\/{rel}","templated":true}]}}