{"id":6572,"date":"2023-12-04T11:34:48","date_gmt":"2023-12-04T10:34:48","guid":{"rendered":"https:\/\/antcube.shop\/product\/arena-vase-10x10cm-aus-glas\/"},"modified":"2026-03-30T10:30:50","modified_gmt":"2026-03-30T08:30:50","slug":"arenos-vaza-10x10cm-pagaminta-is-stiklo","status":"publish","type":"product","link":"https:\/\/antcube.shop\/lt\/produktas\/arenos-vaza-10x10cm-pagaminta-is-stiklo\/","title":{"rendered":"Arena vaza 10x10cm, pagaminta i\u0161 stiklo"},"content":{"rendered":"<p><strong>Matmenys:<\/strong> 10\u00d710,4 cm<\/p>\n<p><strong>Med\u017eiaga:<\/strong> stiklas, PMMA<\/p>\n<p><strong>Spalva:<\/strong> kri\u0161tolo skaidrumo, permatomas, skaidrus<\/p>\n<p><strong>Turinys:<\/strong><br \/>\n1x stiklin\u0117 vaza 10x10cm<br \/>\n1x dangtelis 10\u00d70,4 cm<\/p>\n<p><strong>Apra\u0161ymas:<\/strong> Vaza \"Arena Vase\" buvo sukurta Atta arba Acromyrmex genties lapini\u0173 skruzd\u0117li\u0173 kolonijoms maitinti. Nuimamas akrilo dangtelis su skylut\u0117mis ir ply\u0161iais pa\u0161arini\u0173 augal\u0173 \u0161akel\u0117ms i\u0161d\u0117styti ir laikyti tiesiog u\u017ededamas ant vazos. Vaza padeda ilgiau i\u0161laikyti maistinius augalus \u0161vie\u017eius ir kartu didina dr\u0117gm\u0119 formikariume, nes vanduo i\u0161 rezervuaro nuolat garuoja.<\/p>","protected":false},"excerpt":{"rendered":"<p>Matmenys: Med\u017eiaga: stiklas, PMMA Spalva: kri\u0161tolo skaidrumo, permatoma, skaidri: Sud\u0117tis: 1x stiklin\u0117 vaza 10x20cm 1x dangtelis 10x0,4cm Apra\u0161ymas: Vaza \"Arena\" buvo sukurta Atta arba Acromyrmex genties lapini\u0173 skruzd\u0117li\u0173 kolonijoms maitinti. Nuimamas akrilo dangtelis su skylut\u0117mis ir ply\u0161iais, skirtais pa\u0161arini\u0173 augal\u0173 \u0161akel\u0117ms i\u0161d\u0117styti ir laikyti, tiesiog u\u017ededamas ant","protected":false},"featured_media":6587,"comment_status":"open","ping_status":"closed","template":"","meta":{"_acf_changed":false,"content-type":"","_monsterinsights_skip_tracking":false,"_monsterinsights_sitenote_active":false,"_monsterinsights_sitenote_note":"","_monsterinsights_sitenote_category":0},"product_brand":[],"product_cat":[115,118],"product_tag":[],"class_list":{"0":"post-6572","1":"product","2":"type-product","3":"status-publish","4":"has-post-thumbnail","6":"product_cat-food-and-feeding","7":"product_cat-feeding-bowls","9":"first","10":"instock","11":"taxable","12":"shipping-taxable","13":"purchasable","14":"product-type-simple"},"acf":[],"aioseo_notices":[],"jetpack_sharing_enabled":true,"_links":{"self":[{"href":"https:\/\/antcube.shop\/lt\/wp-json\/wp\/v2\/product\/6572","targetHints":{"allow":["GET"]}}],"collection":[{"href":"https:\/\/antcube.shop\/lt\/wp-json\/wp\/v2\/product"}],"about":[{"href":"https:\/\/antcube.shop\/lt\/wp-json\/wp\/v2\/types\/product"}],"replies":[{"embeddable":true,"href":"https:\/\/antcube.shop\/lt\/wp-json\/wp\/v2\/comments?post=6572"}],"wp:featuredmedia":[{"embeddable":true,"href":"https:\/\/antcube.shop\/lt\/wp-json\/wp\/v2\/media\/6587"}],"wp:attachment":[{"href":"https:\/\/antcube.shop\/lt\/wp-json\/wp\/v2\/media?parent=6572"}],"wp:term":[{"taxonomy":"product_brand","embeddable":true,"href":"https:\/\/antcube.shop\/lt\/wp-json\/wp\/v2\/product_brand?post=6572"},{"taxonomy":"product_cat","embeddable":true,"href":"https:\/\/antcube.shop\/lt\/wp-json\/wp\/v2\/product_cat?post=6572"},{"taxonomy":"product_tag","embeddable":true,"href":"https:\/\/antcube.shop\/lt\/wp-json\/wp\/v2\/product_tag?post=6572"}],"curies":[{"name":"wp","href":"https:\/\/api.w.org\/{rel}","templated":true}]}}