{"id":6569,"date":"2023-12-04T11:34:29","date_gmt":"2023-12-04T10:34:29","guid":{"rendered":"https:\/\/antcube.shop\/product\/ameisen-treppenhaus-20cm\/"},"modified":"2026-04-16T13:10:55","modified_gmt":"2026-04-16T11:10:55","slug":"skruzdelyno-laiptai-20cm","status":"publish","type":"product","link":"https:\/\/antcube.shop\/lt\/produktas\/skruzdelyno-laiptai-20cm\/","title":{"rendered":"Skruzd\u0117li\u0173 laiptai 20cm"},"content":{"rendered":"<p><strong>Apra\u0161ymas:<\/strong> Skruzd\u0117li\u0173 laiptai naudojami norint suma\u017einti auk\u0161t\u012f nuo arenos iki skruzd\u0117lyno.<\/p>\n<p><strong>Matmenys:<\/strong> 5x5x20 cm<\/p>\n<p><strong>Med\u017eiaga: <\/strong>PMMA<\/p>\n<p><strong>Spalva: <\/strong>kri\u0161tolo skaidrumo, permatomas, skaidrus<\/p>\n<p data-padding=\"5px\" data-line-height=\"s\"><strong>Turinys:<\/strong><br \/>\n1x skruzd\u0117li\u0173 laiptai 20cm<br \/>\n2x akrilo plok\u0161tel\u0117, skirta pasirinktinai montuoti ant sienos<\/p>\n<p data-padding=\"5px\" data-line-height=\"s\">1x trinkel\u0117 skruzd\u0117lyno laiptams<\/p>\n<p><strong>Pastaba:<\/strong> Dalys tiekiamos kaip visi\u0161kai surinktas gaminys. Nor\u0117dami pritvirtinti prie sienos, tiesiog atsukite vir\u0161uje ir apa\u010dioje esan\u010dius akrilo var\u017etus ir nuimkite pagrind\u0105. V\u0117l pritvirtinkite dvi akrilo plok\u0161teles var\u017etais 1x vir\u0161uje ir 1x apa\u010dioje.<\/p>\n<p><strong>Ry\u0161ys:<\/strong> 2x \u017earna 20\/16 mm (i\u0161or\u0117je) arba \u017earna 14\/10 mm (viduje), arba 24\/20 (i\u0161or\u0117je 2-asis prijungimo etapas)<\/p>\n<p><strong>Taikymas:<\/strong> skruzd\u0117lynams matuoti <strong>20x20 cm arba 40x20 cm<\/strong><\/p>\n<p><span data-text-color=\"alert\"><strong>Svarbu naudoti su akrilo vamzdeliais:<\/strong><\/span><br \/>\nAuk\u0161tis netinka m\u016bs\u0173 <strong>XL dyd\u017eio skruzd\u0117lynai.<\/strong><br \/>\nTinklalapiui<strong> naudoti su akrilo vamzdeliais<\/strong> (pvz., ant vamzdelis - kri\u0161tolo skaidrumo 20 mm - 1 m, art. Nr. 1000320) vietoj \u017earn\u0173, i\u0161 viso reikia<strong> 3x \"Vamzd\u017eio jungtis kri\u0161tolo skaidrumo 20 mm - I\"<\/strong> (art. Nr. 1005624). 1x - antstolio lizdui ir 2x - dviem laiptin\u0117s lizdams. Be to, senuose skruzd\u0117lynuose (visuose, \u012fsigytuose iki 2023 m. gruod\u017eio 12 d.) \u012f skruzd\u0117lyno lizd\u0105 reikia \u012fstumti \"skaidr\u0173 lankst\u0173 sandarinimo \u017eied\u0105\" (art. Nr. 1001437). Prie\u0161ingu atveju \"Vamzd\u017eio jungtis kri\u0161tolo skaidrumo 20 mm - I\" (gaminio Nr. 1005624) pernelyg laisvai u\u017esideda ant skruzd\u0117lyno lizdo. Be to, jei <strong>formikariumo pad\u0117klas <\/strong>naudojamas skruzd\u0117lynui ar skruzd\u0117lynui, jis tur\u0117t\u0173 b\u016bti naudojamas ir laiptin\u0117ms, nes prie\u0161ingu atveju susidarys nedidelis auk\u0161\u010dio skirtumas tarp laiptin\u0117s lizdo ir skruzd\u0117lyno bei skruzd\u0117lyno jung\u010di\u0173.<\/p>","protected":false},"excerpt":{"rendered":"<p>Skruzd\u0117lynams, kuri\u0173 matmenys 20x20 cm arba 40x20 cm<\/p>","protected":false},"featured_media":7570,"comment_status":"open","ping_status":"closed","template":"","meta":{"_acf_changed":false,"content-type":"","_monsterinsights_skip_tracking":false,"_monsterinsights_sitenote_active":false,"_monsterinsights_sitenote_note":"","_monsterinsights_sitenote_category":0},"product_brand":[],"product_cat":[345,119,121,120,239],"product_tag":[],"class_list":{"0":"post-6569","1":"product","2":"type-product","3":"status-publish","4":"has-post-thumbnail","6":"product_cat-pipe-connectors","7":"product_cat-formicarium-components","8":"product_cat-connectors","9":"product_cat-hoses","10":"product_cat-useful-additions","12":"first","13":"instock","14":"taxable","15":"shipping-taxable","16":"purchasable","17":"product-type-simple"},"acf":[],"aioseo_notices":[],"jetpack_sharing_enabled":true,"_links":{"self":[{"href":"https:\/\/antcube.shop\/lt\/wp-json\/wp\/v2\/product\/6569","targetHints":{"allow":["GET"]}}],"collection":[{"href":"https:\/\/antcube.shop\/lt\/wp-json\/wp\/v2\/product"}],"about":[{"href":"https:\/\/antcube.shop\/lt\/wp-json\/wp\/v2\/types\/product"}],"replies":[{"embeddable":true,"href":"https:\/\/antcube.shop\/lt\/wp-json\/wp\/v2\/comments?post=6569"}],"wp:featuredmedia":[{"embeddable":true,"href":"https:\/\/antcube.shop\/lt\/wp-json\/wp\/v2\/media\/7570"}],"wp:attachment":[{"href":"https:\/\/antcube.shop\/lt\/wp-json\/wp\/v2\/media?parent=6569"}],"wp:term":[{"taxonomy":"product_brand","embeddable":true,"href":"https:\/\/antcube.shop\/lt\/wp-json\/wp\/v2\/product_brand?post=6569"},{"taxonomy":"product_cat","embeddable":true,"href":"https:\/\/antcube.shop\/lt\/wp-json\/wp\/v2\/product_cat?post=6569"},{"taxonomy":"product_tag","embeddable":true,"href":"https:\/\/antcube.shop\/lt\/wp-json\/wp\/v2\/product_tag?post=6569"}],"curies":[{"name":"wp","href":"https:\/\/api.w.org\/{rel}","templated":true}]}}