{"id":6566,"date":"2023-12-04T11:34:09","date_gmt":"2023-12-04T10:34:09","guid":{"rendered":"https:\/\/antcube.shop\/product\/kornerfutter-major-100g\/"},"modified":"2025-05-06T21:46:55","modified_gmt":"2025-05-06T19:46:55","slug":"grudu-pasaras-major-100g","status":"publish","type":"product","link":"https:\/\/antcube.shop\/lt\/produktas\/grudu-pasaras-major-100g\/","title":{"rendered":"Gr\u016bd\u0173 pa\u0161aras major 100g"},"content":{"rendered":"<div class=\"tab-body active\">\n<p><strong>Turinys:<\/strong> 100g<\/p>\n<p><span id=\"result_box\" class=\"long_text\" lang=\"en\"><strong>Apra\u0161ymas:<\/strong> <\/span>Dideli\u0173 gr\u016bd\u0173 ir s\u0117kl\u0173 mi\u0161inys suaugusioms gr\u016bd\u017eia\u0117d\u017ei\u0173 skruzd\u0117li\u0173, toki\u0173 kaip Messor, Pogonomyrmex ir Pheidole, kolonijoms.<br \/>\nIdealiai tinka \u0161eimoms, turin\u010dioms daug darbinink\u0173.<br \/>\nGrynas nat\u016bralus produktas be dirbtini\u0173 pried\u0173. Be pesticid\u0173.<\/p>\n<p><strong>Pastaba:<\/strong><br \/>\nKaip naudoti maitinimo vamzdel\u012f, rasite \u010dia: <a href=\"https:\/\/www.antstore.net\/shop\/images\/documents\/Anleitung-Ameisenfutterroehrchen.pdf\">Nuoroda<\/a><br \/>\ngr\u016bdus \u0117dan\u010di\u0173 skruzd\u0117li\u0173 pa\u0161ar\u0173 papildas.<br \/>\nSud\u0117tis, analitin\u0117s sudedamosios dalys, galiojimo laikas ir partijos numeris, \u017er. pakuot\u0117s lapel\u012f.<\/p>\n<p>Informacijos kar\u0161toji linija +49 30 439703870<\/p>\n<p>Kompetentinga veterinarin\u0117 ir maisto kontrol\u0117:<br \/>\nVeterin\u00e4ramt Steglitz<br \/>\nK\u00f6nigin-Luise-Str. 92<br \/>\n14195 Berlynas<\/p>\n<\/div>","protected":false},"excerpt":{"rendered":"<p>Papildomas pa\u0161aras<\/p>","protected":false},"featured_media":6626,"comment_status":"open","ping_status":"closed","template":"","meta":{"_acf_changed":false,"content-type":"","_monsterinsights_skip_tracking":false,"_monsterinsights_sitenote_active":false,"_monsterinsights_sitenote_note":"","_monsterinsights_sitenote_category":0},"product_brand":[],"product_cat":[115,116],"product_tag":[],"class_list":{"0":"post-6566","1":"product","2":"type-product","3":"status-publish","4":"has-post-thumbnail","6":"product_cat-food-and-feeding","7":"product_cat-food","9":"first","10":"outofstock","11":"taxable","12":"shipping-taxable","13":"purchasable","14":"product-type-simple"},"acf":[],"aioseo_notices":[],"jetpack_sharing_enabled":true,"_links":{"self":[{"href":"https:\/\/antcube.shop\/lt\/wp-json\/wp\/v2\/product\/6566","targetHints":{"allow":["GET"]}}],"collection":[{"href":"https:\/\/antcube.shop\/lt\/wp-json\/wp\/v2\/product"}],"about":[{"href":"https:\/\/antcube.shop\/lt\/wp-json\/wp\/v2\/types\/product"}],"replies":[{"embeddable":true,"href":"https:\/\/antcube.shop\/lt\/wp-json\/wp\/v2\/comments?post=6566"}],"wp:featuredmedia":[{"embeddable":true,"href":"https:\/\/antcube.shop\/lt\/wp-json\/wp\/v2\/media\/6626"}],"wp:attachment":[{"href":"https:\/\/antcube.shop\/lt\/wp-json\/wp\/v2\/media?parent=6566"}],"wp:term":[{"taxonomy":"product_brand","embeddable":true,"href":"https:\/\/antcube.shop\/lt\/wp-json\/wp\/v2\/product_brand?post=6566"},{"taxonomy":"product_cat","embeddable":true,"href":"https:\/\/antcube.shop\/lt\/wp-json\/wp\/v2\/product_cat?post=6566"},{"taxonomy":"product_tag","embeddable":true,"href":"https:\/\/antcube.shop\/lt\/wp-json\/wp\/v2\/product_tag?post=6566"}],"curies":[{"name":"wp","href":"https:\/\/api.w.org\/{rel}","templated":true}]}}