{"id":6565,"date":"2023-12-04T11:34:02","date_gmt":"2023-12-04T10:34:02","guid":{"rendered":"https:\/\/antcube.shop\/product\/schraub-adapter-50-auf-32-mm-bohrung\/"},"modified":"2026-03-18T18:07:00","modified_gmt":"2026-03-18T17:07:00","slug":"sraigtinis-adapteris-nuo-50-iki-32-mm-angos","status":"publish","type":"product","link":"https:\/\/antcube.shop\/lt\/produktas\/sraigtinis-adapteris-nuo-50-iki-32-mm-angos\/","title":{"rendered":"Sraigtinis adapteris nuo 50 iki 32 mm angos"},"content":{"rendered":"<p><strong>Turinys:<\/strong><br \/>\n2x akrilo diskas 59 x 2 mm su 32 mm skyle<br \/>\n1x 49 x 4 mm akrilo diskas su 32 mm skyle<br \/>\n2x skaidraus plastiko var\u017etas su ver\u017ele<\/p>\n<p><strong>Produkto matmenys:<\/strong> 59 x 8 mm<\/p>\n<p><strong>Med\u017eiaga:<\/strong> PMMA, PP<\/p>\n<p><strong>Spalva:<\/strong> skaidrus \/ kri\u0161tolo skaidrumo<\/p>\n<p><strong>Apra\u0161ymas:<\/strong> Adapteris, skirtas 32 mm skersmens elementams tvirtinti 50 mm skyl\u0117se.<\/p>\n<p>Taip galima saugiai, tvirtai ir vizualiai patraukliai pritvirtinti 32 mm vamzd\u017eius, \u017earnas ar kitus jungiamuosius elementus.<\/p>\n<p><strong>Pastaba:<\/strong> Tiekiamas atskiromis dalimis ir turi b\u016bti tvirtinamas kry\u017eminiu atsuktuvu.<\/p>","protected":false},"excerpt":{"rendered":"<p>Turinys: Sud\u0117tis: 2x akrilo diskas 59 x 2 mm su 32 mm skyle 1x akrilo diskas 49 x 4 mm su 32 mm skyle 2x permatomas plastikinis var\u017etas su ver\u017ele Produkto matmenys: 59 x 8 mm Med\u017eiaga: Spalva: skaidri \/ kri\u0161tolo skaidrumo Apra\u0161ymas: Adapteris 32 mm skersmens elementams tvirtinti 50 mm skyl\u0117se. Leid\u017eia","protected":false},"featured_media":6609,"comment_status":"open","ping_status":"closed","template":"","meta":{"_acf_changed":false,"content-type":"","_monsterinsights_skip_tracking":false,"_monsterinsights_sitenote_active":false,"_monsterinsights_sitenote_note":"","_monsterinsights_sitenote_category":0},"product_brand":[],"product_cat":[345,119,121,120],"product_tag":[],"class_list":{"0":"post-6565","1":"product","2":"type-product","3":"status-publish","4":"has-post-thumbnail","6":"product_cat-pipe-connectors","7":"product_cat-formicarium-components","8":"product_cat-connectors","9":"product_cat-hoses","11":"first","12":"instock","13":"taxable","14":"shipping-taxable","15":"purchasable","16":"product-type-simple"},"acf":[],"aioseo_notices":[],"jetpack_sharing_enabled":true,"_links":{"self":[{"href":"https:\/\/antcube.shop\/lt\/wp-json\/wp\/v2\/product\/6565","targetHints":{"allow":["GET"]}}],"collection":[{"href":"https:\/\/antcube.shop\/lt\/wp-json\/wp\/v2\/product"}],"about":[{"href":"https:\/\/antcube.shop\/lt\/wp-json\/wp\/v2\/types\/product"}],"replies":[{"embeddable":true,"href":"https:\/\/antcube.shop\/lt\/wp-json\/wp\/v2\/comments?post=6565"}],"wp:featuredmedia":[{"embeddable":true,"href":"https:\/\/antcube.shop\/lt\/wp-json\/wp\/v2\/media\/6609"}],"wp:attachment":[{"href":"https:\/\/antcube.shop\/lt\/wp-json\/wp\/v2\/media?parent=6565"}],"wp:term":[{"taxonomy":"product_brand","embeddable":true,"href":"https:\/\/antcube.shop\/lt\/wp-json\/wp\/v2\/product_brand?post=6565"},{"taxonomy":"product_cat","embeddable":true,"href":"https:\/\/antcube.shop\/lt\/wp-json\/wp\/v2\/product_cat?post=6565"},{"taxonomy":"product_tag","embeddable":true,"href":"https:\/\/antcube.shop\/lt\/wp-json\/wp\/v2\/product_tag?post=6565"}],"curies":[{"name":"wp","href":"https:\/\/api.w.org\/{rel}","templated":true}]}}