{"id":6564,"date":"2023-12-04T11:33:56","date_gmt":"2023-12-04T10:33:56","guid":{"rendered":"https:\/\/antcube.shop\/product\/schraub-adapter-50-auf-27-mm-bohrung\/"},"modified":"2026-04-02T12:12:13","modified_gmt":"2026-04-02T10:12:13","slug":"sraigtinis-adapteris-nuo-50-iki-27-mm-angos","status":"publish","type":"product","link":"https:\/\/antcube.shop\/lt\/produktas\/sraigtinis-adapteris-nuo-50-iki-27-mm-angos\/","title":{"rendered":"Sraigtinis adapteris nuo 50 iki 27 mm angos"},"content":{"rendered":"<p><strong>Turinys:<\/strong><br \/>\n2x akrilo diskas 59 x 2 mm su 32 mm skyle<br \/>\n1x 49 x 4 mm akrilo diskas su 27 mm skyle<br \/>\n2x skaidraus plastiko var\u017etas M4<br \/>\n2x skaidri ver\u017el\u0117 M4<\/p>\n<p><strong>Produkto matmenys:<\/strong> 59 x 8 mm<\/p>\n<p><strong>Med\u017eiaga:<\/strong> PMMA<\/p>\n<p><strong>Spalva:<\/strong> skaidrus \/ kri\u0161tolo skaidrumo<\/p>\n<p><span data-text-color=\"alert\"><strong>D\u0116MESIO:<\/strong><\/span> tik m\u016bs\u0173 baseino \u017earn\u0173 jungtims 27 mm - 14, 20, 24 mm - skaidrios<\/p>\n<p><strong>Apra\u0161ymas:<\/strong> Adapteris, skirtas 27 mm skersmens elementams tvirtinti 50 mm skyl\u0117se. M\u016bs\u0173 27 mm ki\u0161tukai taip pat tinka prie adapterio.<\/p>\n<p>Taip galima saugiai, tvirtai ir vizualiai patraukliai pritvirtinti 32 mm vamzd\u017eius, \u017earnas ar kitus jungiamuosius elementus.<\/p>\n<p><strong>Pastaba:<\/strong> Tiekiamas atskiromis dalimis ir turi b\u016bti tvirtinamas kry\u017eminiu atsuktuvu.<\/p>","protected":false},"excerpt":{"rendered":"<p>Turinys: Akrilo diskas 59 x 2 mm su 32 mm skyle 1x Akrilo diskas 49 x 4 mm su 27 mm skyle 2x Skaidrus plastikinis var\u017etas M4 2x Skaidri ver\u017el\u0117 M4 Produkto matmenys: 59 x 8 mm Med\u017eiaga: PMMA Spalva: skaidri \/ kri\u0161tolo skaidrumo D\u0116MESIO: tik m\u016bs\u0173 baseino \u017earn\u0173 jungtims 27 mm - 14, 20, 24 mm","protected":false},"featured_media":6593,"comment_status":"open","ping_status":"closed","template":"","meta":{"_acf_changed":false,"content-type":"","_monsterinsights_skip_tracking":false,"_monsterinsights_sitenote_active":false,"_monsterinsights_sitenote_note":"","_monsterinsights_sitenote_category":0},"product_brand":[],"product_cat":[345,119,121,120],"product_tag":[],"class_list":{"0":"post-6564","1":"product","2":"type-product","3":"status-publish","4":"has-post-thumbnail","6":"product_cat-pipe-connectors","7":"product_cat-formicarium-components","8":"product_cat-connectors","9":"product_cat-hoses","11":"first","12":"instock","13":"taxable","14":"shipping-taxable","15":"purchasable","16":"product-type-simple"},"acf":[],"aioseo_notices":[],"jetpack_sharing_enabled":true,"_links":{"self":[{"href":"https:\/\/antcube.shop\/lt\/wp-json\/wp\/v2\/product\/6564","targetHints":{"allow":["GET"]}}],"collection":[{"href":"https:\/\/antcube.shop\/lt\/wp-json\/wp\/v2\/product"}],"about":[{"href":"https:\/\/antcube.shop\/lt\/wp-json\/wp\/v2\/types\/product"}],"replies":[{"embeddable":true,"href":"https:\/\/antcube.shop\/lt\/wp-json\/wp\/v2\/comments?post=6564"}],"wp:featuredmedia":[{"embeddable":true,"href":"https:\/\/antcube.shop\/lt\/wp-json\/wp\/v2\/media\/6593"}],"wp:attachment":[{"href":"https:\/\/antcube.shop\/lt\/wp-json\/wp\/v2\/media?parent=6564"}],"wp:term":[{"taxonomy":"product_brand","embeddable":true,"href":"https:\/\/antcube.shop\/lt\/wp-json\/wp\/v2\/product_brand?post=6564"},{"taxonomy":"product_cat","embeddable":true,"href":"https:\/\/antcube.shop\/lt\/wp-json\/wp\/v2\/product_cat?post=6564"},{"taxonomy":"product_tag","embeddable":true,"href":"https:\/\/antcube.shop\/lt\/wp-json\/wp\/v2\/product_tag?post=6564"}],"curies":[{"name":"wp","href":"https:\/\/api.w.org\/{rel}","templated":true}]}}