{"id":6562,"date":"2023-12-04T11:33:43","date_gmt":"2023-12-04T10:33:43","guid":{"rendered":"https:\/\/antcube.shop\/product\/bundle-offer-messor-structor\/"},"modified":"2026-03-04T17:11:29","modified_gmt":"2026-03-04T16:11:29","slug":"paketo-pasiulymas-messor-structor","status":"publish","type":"product","link":"https:\/\/antcube.shop\/lt\/produktas\/paketo-pasiulymas-messor-structor\/","title":{"rendered":"Paketo pasi\u016blymas - Messor structor"},"content":{"rendered":"<p><span data-text-color=\"secondary\"><strong>Si\u016blomas paketas, kur\u012f sudaro Messor structor skruzd\u0117li\u0173 kolonija (motin\u0117l\u0117 su 11-25 darbinink\u0117mis ir jaunikliais), pradinis rinkinys \"Habitat Desert M\" su antru skruzd\u0117lynu 20\u00d720 M, 3x formikariumo pad\u0117kliukai ir indelis m\u016bs\u0173 speciali\u0173 blan\u0161iruot\u0173 vik\u0161r\u0173 10 g (dr\u0117gni baltymai).<\/strong><\/span><\/p>\n<p><span data-text-color=\"alert\"><strong>Tik kol yra atsarg\u0173.<\/strong><\/span><\/p>\n<p><strong>Viskas, ko reikia \"Messor structor\" skruzd\u0117li\u0173 kolonijai<\/strong><br \/>\n\u0160iame rinkinyje yra viskas, ko reikia norint s\u0117kmingai \u012fkurti Messor barbarus kolonij\u0105 per pirmuosius kelis m\u0117nesius. J\u012f galima lanks\u010diai pl\u0117sti ir jis ai\u0161kiai tinka pradedantiesiems skruzd\u0117li\u0173 augintojams.<\/p>\n<p><strong>Messor structor skruzd\u0117li\u0173 r\u016b\u0161ys<\/strong><br \/>\nMessor structor yra granivori\u0173 (gr\u016bdus valgan\u010di\u0173) skruzd\u0117li\u0173 r\u016b\u0161is. Daugiausia aptinkama Piet\u0173 Europoje ir Vidur\u017eemio j\u016bros regione, taip pat Vidurio Europoje, o jos paplitimo arealas t\u0119siasi iki Irano ir piet\u0173 Rusijos. Tai taip pat vienintel\u0117 Messor r\u016b\u0161is, aptinkama Vokietijoje. Darbinink\u0117s yra \u0161iek tiek ma\u017eesn\u0117s nei Messor barbarus, ta\u010diau Messor structor vadinam\u0105sias did\u017ei\u0105sias darbininkes (did\u017eiausi\u0105 darbinink\u0173 kast\u0105) i\u0161augina anks\u010diau.<\/p>\n<p>Nors Messor structor daugiausia gyvena step\u0117se, kai kuriose \u0161alyse yra populiacij\u0173, kurios gyvena kalnuotuose regionuose ar net mi\u0161riuose mi\u0161kuose. Tai rodo, kad \u0161i r\u016b\u0161is labai lengvai prisitaiko. Messor structor paprastai sudaro poliginines kolonijas (kelios motin\u0117l\u0117s vienoje kolonijoje), ta\u010diau pasitaiko ir monoginini\u0173 (tik viena motin\u0117l\u0117 kolonijoje).<\/p>\n<p>Mokslininkai jau kur\u012f laik\u0105 bando i\u0161siai\u0161kinti, ar Messor structor gal\u0117jo susiformuoti keli por\u016b\u0161iai, paplit\u0119 skirtinguose regionuose, analizuodami skirting\u0173 kolonij\u0173 genetin\u0119 med\u017eiag\u0105. Ta\u010diau tai dar n\u0117ra galutinai i\u0161ai\u0161kinta.<\/p>\n<p><strong>Lizdas Messor structor<\/strong><br \/>\nMessor structor m\u0117gsta lizdus sm\u0117l\u0117tame dirvo\u017eemyje. Ta\u010diau, skirtingai nei dauguma kit\u0173 Messor r\u016b\u0161i\u0173, jis yra gana lankstus, tod\u0117l kartais galima rasti lizd\u0105 po akmenimis ar pav\u0117singose vietose \u017eemesniuose dirvo\u017eemiuose.<\/p>\n<p><strong>Maistas Messor structor<\/strong><br \/>\nKaip ir visos Messor r\u016b\u0161ys, Messor structor daugiausia minta s\u0117klomis, kurios renkamos, laikomos ir perdirbamos \u012f vadinam\u0105j\u0105 skruzd\u017ei\u0173 duon\u0105, kuri ilgiau i\u0161silaiko ir padeda kolonijoms i\u0161gyventi laikotarpiais, kai gamtoje s\u0117kl\u0173 randama ma\u017eiau. Baltymai priimami ir negyvi, ir gyvi. Gamtoje jos \u017eudo smulkius vabzd\u017eius ir jais maitina savo jauniklius. Cukraus tirpalas arba medus priimamas tik tada, kai kolonija neturi pakankamai g\u0117lo vandens, kad patenkint\u0173 dr\u0117gm\u0117s poreik\u012f.<\/p>\n<p><strong>Optimalios Messor structor klimato s\u0105lygos yra \u0161ios:<\/strong><br \/>\n<strong>Dr\u0117gm\u0117:<\/strong><br \/>\nArena: Lizdo plotas: 30 - 50%: 50 - 70%<br \/>\n<strong>Temperat\u016bra:<\/strong><br \/>\nArena: 22-30 \u00b0C Lizdo plotas: 21- 27\u00b0C<\/p>\n<p><strong>Turinys:<\/strong><\/p>\n<p>1x Messor structor skruzd\u0117li\u0173 kolonija (motin\u0117l\u0117 + 11-25 darbininkai + jaunikliai)<br \/>\n1x \"Cricket Jam\" 25g<br \/>\n1x gr\u016bd\u0173 maistas minor 100g<br \/>\n1x Formikariumo pad\u0117klas - 20x20 cm<br \/>\n2x Formikariumo pagalv\u0117l\u0117 - 20x6cm<\/p>\n<p>1x ANTCUBE - arena 20x20x10 - plok\u0161\u010dia<br \/>\n1x skruzd\u0117lyno r\u0117mas 20\u00d720<br \/>\n1x skruzd\u0117lyno dangtis 20\u00d720<br \/>\n4x arenos dang\u010dio tvirtinimo vieta<br \/>\n2x ANTCUBE - skruzd\u0117lynas - M - 20\u00d720 - stovintis<\/p>\n<p>1x 1 m ilgio skaidrus 14\/10 mm vamzdelis<br \/>\n2x ANTCUBE - Raudona folija 20\u00d720 - filtras<br \/>\n2x lipn\u016bs spaustukai - skaidr\u016bs 2 vnt.<br \/>\n1x substratas - dykuma - 1 kg<br \/>\n1x Formicarium granul\u0117s 200ml - sm\u0117lio spalvos<\/p>\n<p>1x Grid cap &#8211; 10mm &#8211; stainless steel<br \/>\n2x Grid insert acrylic &#8211; 50 mm with sealing ring<br \/>\n1x Grid insert acrylic &#8211; 27 mm with sealing ring<\/p>\n<p>1x bako \u017earnos jungtis 27-14,16,20 mm - skaidri<br \/>\n2x Foil thermometer &#8211; farm<br \/>\n1x Foil thermometer Display<br \/>\n1x drinking clear 5ml &#8211; sponge<br \/>\n1x Feeding dish white rectangle &#8211; 3 compartments<br \/>\n1x Apsauginis aliejus nuo skruzd\u017ei\u0173 10ml<br \/>\n1x Pincetas spyruoklinis plienas - platus - mink\u0161tas<br \/>\n1x Pincetas plastikinis skaidrus<br \/>\n1x plastikin\u0117 3 ml pipet\u0117<br \/>\n1x rankinis didinamasis stiklas - 2x - 30 mm<br \/>\n1x put\u0173 valytuvas 150x18x2,5 mm<br \/>\n1x nuotrauk\u0173 nugar\u0117l\u0117 - dykuma - 20\u00d710<\/p>\n<p>&nbsp;<\/p>\n<p><strong>Apra\u0161ymas:<\/strong><br \/>\n\u0160is pradinis rinkinys \"Desert\" tinka visoms Messor genties r\u016b\u0161ims, gyvenan\u010dioms dykumose, step\u0117se ar Vidur\u017eemio j\u016bros klimato zonose. Viena i\u0161 dviej\u0173 ferm\u0173 skirta s\u0117kloms ir skruzd\u0117li\u0173 duonai laikyti, tod\u0117l j\u0105 reikia laikyti visi\u0161kai saus\u0105, kad skruzd\u0117l\u0117s joje laikomos s\u0117klos ir (arba) gr\u016bdai nesudygt\u0173 arba nesupelyt\u0173.<\/p>\n<p>Visi\u0161kai skaidriame \u016bkyje (lizde) \u016bkiui u\u017epildyti naudojamas \"substratas - dykuma\". Jei reikia, per dangtelyje esan\u010dias 50 mm skyles galima prijungti papildomus modulius, pvz., atskirai parduodamus r\u016bkiklius, ventiliatorius arba \u0161viestuvus. Arba pridedami tinkami formikariumo kam\u0161\u010diai angoms u\u017edaryti. Jei pageidaujama, formikarium\u0105 taip pat galima eksploatuoti atvir\u0105, tiesiog u\u017ed\u0117jus nuimam\u0105 r\u0117mel\u012f ant vir\u0161aus ir ant kra\u0161to u\u017etepus apsaugos nuo skruzd\u0117li\u0173 alyvos. \"Skaidri 20 ml gertuv\u0117 - kempin\u0117l\u0117\" skirta vandeniui, \"2 ml maisto dozatorius - dozatorius\" - gr\u016bd\u0117tam maistui.<\/p>\n<p><strong>Svarbu:<\/strong> Prie\u0161 naudodami sudr\u0117kinkite substrat\u0105, kad mi\u0161inys gal\u0117t\u0173 sukibti ir tvirtai \u012fsitvirtinti skruzd\u0117lyne. Be to, jei substratas bus per sausas ir dulk\u0117tas, skruzd\u017ei\u0173 kv\u0117pavimo takai gali u\u017esikim\u0161ti, o blogiausiu atveju gyv\u016bnai gali u\u017edusti.<\/p>\n<p><strong>Rekomendacija:<\/strong> Rekomenduojame 2 mm auk\u0161\u010dio substrato sluoksn\u012f, kad gyv\u016bnai negal\u0117t\u0173 \u012fl\u012fsti \u012f aren\u0105, o naudot\u0173si tam skirta ferma. Taip pat rekomenduojame fermoje esan\u010di\u0105 lizdin\u0119 med\u017eiag\u0105 (sm\u0117l\u012f\/sm\u0117l\u012f, Digfix ir kt.) vienoje vietoje lengvai pabadyti, kad gyv\u016bnams b\u016bt\u0173 lengviau kasti.<\/p>\n<p><strong>Pastabos apie gamyb\u0105<\/strong><br \/>\nStiklas pjaustomas pagal DIN 1249 reikalavimus, leistina paklaida +\/- 1 mm. Ypa\u010d ma\u017eoms skruzd\u0117li\u0173 r\u016b\u0161ims b\u016btina papildoma apsauga nuo i\u0161lau\u017eimo.<\/p>\n<p><strong>Pastabos apie \u016bk\u012f<\/strong><br \/>\nPrijungdami arba nuimdami \u017earnas, atkreipkite d\u0117mes\u012f \u012f \u0161iuos dalykus:<br \/>\nJei vamzdel\u012f labai sunku pritvirtinti prie jungties lizdo, lizd\u0105 reikia lengvai patepti la\u0161eliu m\u016bs\u0173 apsaugin\u0117s alyvos arba milteli\u0173. Tuomet \u017earn\u0105 \u012f lizd\u0105 reikia \u012fstumti sukamaisiais arba prisukamaisiais judesiais, ne\u012ftempiant lizdo judesiais auk\u0161tyn ir \u017eemyn. Tas pats galioja ir nuimant \u017earnas nuo \u016bkio jungiamojo lizdo. Negalima jos tiesiog i\u0161traukti!<\/p>\n<p><strong>Pastabos apie kriketo uogien\u0119:<\/strong><br \/>\nM\u016bs\u0173 \"Cricket Jam\" - tai paprastas b\u016bdas apr\u016bpinti skruzd\u0117les \u0161vie\u017eiai konservuotu baltyminiu maistu, nemaitinant j\u0173 gyvais vabzd\u017eiais. Sud\u0117tyje esantys vik\u0161rai (Acheta domesticus) buvo \u0161velniai i\u0161virti, kad b\u016bt\u0173 i\u0161saugotos maistin\u0117s vert\u0117s, skonis ir aromatas. Be to, taip sumink\u0161tinamas chitininis vabzd\u017ei\u0173 apvalkalas, kad jis b\u016bt\u0173 lengviau vir\u0161kinamas. Kolageno baltym\u0173 jungtys suardomos, kad skruzd\u0117s gal\u0117t\u0173 juos geriau panaudoti. Konservuoti Acheta domesticus turi toki\u0105 pa\u010di\u0105 maistin\u0119 vert\u0119 kaip ir gyvi vik\u0161rai, ta\u010diau yra lengviau vir\u0161kinami.<\/p>\n<p>\"Cricket Jam\" netinka med\u017eioti skruzd\u017ei\u0173 r\u016b\u0161ims, kurioms reikia gyvo maisto (pvz., did\u017eiosioms skruzd\u0117l\u0117ms, tokioms kaip Harpegnathos arba Odontomachus).<\/p>\n<p><strong>Kiti privalumai:<\/strong><br \/>\nGarantuotai be erki\u0173<br \/>\nGalima dalyti porcijomis ir skiesti vandeniu<br \/>\nSterilizuota ir supakuota vakuume<br \/>\nBe pried\u0173<br \/>\nVik\u0161rai i\u0161 tvaraus ekologinio veisimo, maitinami organin\u0117mis atliekomis<\/p>\n<p><strong>Pastaba:<\/strong><br \/>\nAtidarius galima laikyti \u0161aldytuve apie keturias dienas. Ilgiau galioja u\u017e\u0161ald\u017eius.<br \/>\nD\u0117mesio: Pirmiausia suvalgykite porcij\u0105, tada u\u017e\u0161aldykite.<\/p>","protected":false},"excerpt":{"rendered":"<p>Rinkin\u012f sudaro 38 dalys<\/p>\n<p>Dydis: <strong>M<\/strong><\/p>","protected":false},"featured_media":7134,"comment_status":"open","ping_status":"closed","template":"","meta":{"_acf_changed":false,"content-type":"","_monsterinsights_skip_tracking":false,"_monsterinsights_sitenote_active":false,"_monsterinsights_sitenote_note":"","_monsterinsights_sitenote_category":0},"product_brand":[],"product_cat":[355,353,73],"product_tag":[],"class_list":{"0":"post-6562","1":"product","2":"type-product","3":"status-publish","4":"has-post-thumbnail","6":"product_cat-bundle-offers","7":"product_cat-starter-sets-for-harvester-ants","8":"product_cat-starter-sets","10":"first","11":"instock","12":"taxable","13":"shipping-taxable","14":"purchasable","15":"product-type-simple"},"acf":[],"aioseo_notices":[],"jetpack_sharing_enabled":true,"_links":{"self":[{"href":"https:\/\/antcube.shop\/lt\/wp-json\/wp\/v2\/product\/6562","targetHints":{"allow":["GET"]}}],"collection":[{"href":"https:\/\/antcube.shop\/lt\/wp-json\/wp\/v2\/product"}],"about":[{"href":"https:\/\/antcube.shop\/lt\/wp-json\/wp\/v2\/types\/product"}],"replies":[{"embeddable":true,"href":"https:\/\/antcube.shop\/lt\/wp-json\/wp\/v2\/comments?post=6562"}],"wp:featuredmedia":[{"embeddable":true,"href":"https:\/\/antcube.shop\/lt\/wp-json\/wp\/v2\/media\/7134"}],"wp:attachment":[{"href":"https:\/\/antcube.shop\/lt\/wp-json\/wp\/v2\/media?parent=6562"}],"wp:term":[{"taxonomy":"product_brand","embeddable":true,"href":"https:\/\/antcube.shop\/lt\/wp-json\/wp\/v2\/product_brand?post=6562"},{"taxonomy":"product_cat","embeddable":true,"href":"https:\/\/antcube.shop\/lt\/wp-json\/wp\/v2\/product_cat?post=6562"},{"taxonomy":"product_tag","embeddable":true,"href":"https:\/\/antcube.shop\/lt\/wp-json\/wp\/v2\/product_tag?post=6562"}],"curies":[{"name":"wp","href":"https:\/\/api.w.org\/{rel}","templated":true}]}}