{"id":6561,"date":"2023-12-04T11:33:36","date_gmt":"2023-12-04T10:33:36","guid":{"rendered":"https:\/\/antcube.shop\/product\/bundle-offer-camponotus-barbaricus\/"},"modified":"2026-03-30T10:28:01","modified_gmt":"2026-03-30T08:28:01","slug":"paketo-pasiulymas-camponotus-barbaricus","status":"publish","type":"product","link":"https:\/\/antcube.shop\/lt\/produktas\/paketo-pasiulymas-camponotus-barbaricus\/","title":{"rendered":"Paketo pasi\u016blymas - Camponotus barbaricus"},"content":{"rendered":"<p><span data-text-color=\"secondary\"><strong>Si\u016blomas paketas, kur\u012f sudaro Camponotus barbaricus skruzd\u0117li\u0173 kolonija (motin\u0117l\u0117 su 5-10 darbininki\u0173 ir jaunikliais), pradinis rinkinys \"Habitat Desert L\" su 2 formikariumo pad\u0117kliukais, indelis speciali\u0173 blan\u0161iruot\u0173 vik\u0161r\u0173 (dr\u0117gni baltymai) ir 10 ml medaus rasos mi\u0161inio papildymo pakuot\u0117.<\/strong><\/span><\/p>\n<p><span data-text-color=\"alert\"><strong>Tik kol yra atsarg\u0173.<\/strong><\/span><\/p>\n<p><strong>Viskas, ko reikia Camponotus barbaricus skruzd\u0117li\u0173 kolonijai<\/strong><br \/>\n\u0160iame rinkinyje yra viskas, ko reikia, kad Camponotus barbaricus kolonija s\u0117kmingai gyvuot\u0173 kelis pirmuosius m\u0117nesius. J\u012f galima lanks\u010diai pl\u0117sti ir jis ai\u0161kiai tinka pradedantiesiems skruzd\u0117li\u0173 augintojams.<\/p>\n<p><strong>Skruzd\u0117li\u0173 r\u016b\u0161ys Camponotus barbaricus<\/strong><br \/>\nCamponotus barbaricus yra viena did\u017eiausi\u0173 skruzd\u0117li\u0173 r\u016b\u0161i\u0173 Europoje. Jos aptinkamos Portugalijoje, Ispanijoje, Sicilijoje, o u\u017e Europos rib\u0173 - Maroke, Al\u017eyre, Tunise ir Libijoje. Jos kolonijos yra vienalyt\u0117s (tik viena motin\u0117l\u0117 kolonijoje) ir, kaip ir dauguma Camponotus r\u016b\u0161i\u0173, tai labai polimorfi\u0161ka skruzd\u0117li\u0173 r\u016b\u0161is (sudaro vadinam\u0105sias kastas, t. y. ma\u017eesnius ir didesnius darbininkus).<\/p>\n<p>Laukin\u0117je gamtoje jie gali sudaryti kolonijas, kurias sudaro keliolika t\u016bkstan\u010di\u0173 individ\u0173. Camponotus barbaricus agresyviai gina savo lizd\u0105 ir med\u017eiokl\u0117s plotus ir d\u0117l savo dyd\u017eio tai daro labai s\u0117kmingai. Didieji (did\u017eiausia darbinink\u0173 kasta) pasiekia ma\u017edaug 17 mm dyd\u012f.<\/p>\n<p><strong>Camponotus barbaricus lizdas<\/strong><br \/>\nCamponotus barbaricus m\u0117gsta lizdus sm\u0117l\u0117tame dirvo\u017eemyje. Skirtingai nuo daugumos Camponotus r\u016b\u0161i\u0173, jie retai aptinkami supuvusioje medienoje. Tod\u0117l \u012f rinkin\u012f \u012ftrauktas dykumos pradinis rinkinys puikiai pritaikytas \u0161ios r\u016b\u0161ies poreikiams.<\/p>\n<p><strong>Camponotus barbaricus maistas<\/strong><br \/>\nLaukin\u0117je gamtoje Camponotus barbaricus daugiausia minta vabzd\u017eiais ir medaus rasa. Tod\u0117l \u012f \u0161\u012f rinkin\u012f \u012ftrauk\u0117me ir baltymin\u012f maist\u0105 - blan\u0161iruotus vik\u0161rus, ir medaus rasos mi\u0161in\u012f, kad skruzd\u0117l\u0117ms gal\u0117tum\u0117te pasi\u016blyti kuo labiau j\u0173 r\u016b\u0161\u012f atitinkant\u012f maist\u0105.<\/p>\n<p><strong>Optimalios klimato s\u0105lygos Camponotus barbaricus yra \u0161ios:<\/strong><br \/>\n<strong>Dr\u0117gm\u0117:<\/strong><br \/>\nArena: Lizdo plotas: 30 - 50%: 50 - 60%<br \/>\n<strong>Temperat\u016bra:<\/strong><br \/>\nArena: 18-28 \u00b0C Lizdo plotas: 21 - 26\u00b0C<\/p>\n<p><strong>Turinys:<\/strong><\/p>\n<p>1x Camponotus barbaricus (motin\u0117l\u0117 su 1-4 darbinink\u0117mis ir jaunikliais)<br \/>\n1x \"Cricket Jam\" 25g<br \/>\n1x Medaus mi\u0161inys (HT) - papildoma pakuot\u0117 10ml<br \/>\n1x Formikariumo pagrindas - 20x20 cm<br \/>\n1x Formikariumo pagrindas - 20x6cm<\/p>\n<p>1x ANTCUBE - arena 20x20x10 - plok\u0161\u010dia<br \/>\n1x skruzd\u0117lyno r\u0117mas 20\u00d720<br \/>\n1x skruzd\u0117lyno dangtis 20\u00d720<br \/>\n4x arenos dang\u010dio tvirtinimo vieta<br \/>\n1x ANTCUBE - skruzd\u0117lynas - M - 20\u00d720 - vertikalus<\/p>\n<p>1x 0,5 m skaidrus 20\/16 mm vamzdelis<br \/>\n2x ANTCUBE - Raudona folija 20\u00d720 - filtras<br \/>\n1x lipn\u016bs spaustukai - skaidr\u016bs 2 vnt.<br \/>\n1x substratas - dykuma - 1 kg<br \/>\n1x Formicarium granul\u0117s 200ml - sm\u0117lio spalvos<\/p>\n<p>2x Grid insert acrylic &#8211; 50 mm with sealing ring<br \/>\n1x Grid insert acrylic &#8211; 27 mm with sealing ring<br \/>\n1x tinklelio dangtelis - 16 mm - ner\u016bdijantis plienas<\/p>\n<p>1x bako \u017earnos jungtis 27-14,16,20 mm - skaidri<br \/>\n1x Foil thermometer &#8211; farm<br \/>\n1x Foil thermometer Display<br \/>\n1x drinking clear 5ml &#8211; sponge<br \/>\n1x Feeding dish white rectangle &#8211; 3 compartments<br \/>\n1x Drinking trough 2ml &#8211; 360 Degrees<br \/>\n1x Apsauginis aliejus nuo skruzd\u017ei\u0173 10ml<br \/>\n1x Pincetas spyruoklinis plienas - platus - mink\u0161tas<br \/>\n1x Pincetas plastikinis skaidrus<br \/>\n1x plastikin\u0117 3 ml pipet\u0117<br \/>\n1x rankinis didinamasis stiklas - 2x - 30 mm<br \/>\n1x put\u0173 valytuvas 150x18x2,5 mm<br \/>\n1x nuotrauk\u0173 nugar\u0117l\u0117 - dykuma - 20\u00d710<\/p>\n<p><strong>Apra\u0161ymas:<\/strong><br \/>\n\u0160is pradinis dykum\u0173 rinkinys tinka visoms skruzd\u0117li\u0173 r\u016b\u0161ims, gyvenan\u010dioms dykumose, step\u0117se ar Vidur\u017eemio j\u016bros klimato zonose.<\/p>\n<p>Visi\u0161kai skaidriame \u016bkyje (lizde) \u016bkiui u\u017epildyti naudojamas \"Dirvo\u017eemis - dykuma\". Jei reikia, per dangtyje esan\u010dias 50 mm skyles galima prijungti papildomus modulius, pavyzd\u017eiui, atskirai parduodamus r\u016bkiklius, ventiliatorius arba \u017eibintus. Arba pridedami tinkami formikariumo kam\u0161\u010diai angoms u\u017edaryti. Jei pageidaujama, formikarium\u0105 galima eksploatuoti ir atidaryt\u0105 - tereikia pritvirtinti nuimam\u0105 r\u0117mel\u012f ir ant kra\u0161to u\u017etepti apsaugos nuo skruzd\u0117li\u0173 b\u0117gimo alyvos. \"Gertuv\u0117 2 ml - 360 laipsni\u0173\" skirta medaus rasos mi\u0161iniui, \"Gertuv\u0117 skaidri 20 ml - kempin\u0117l\u0117\" - vandeniui, o \"Duben\u0117lis skaidrus 1\u00d720 - kempin\u0117l\u0117\" - baltyminiam maistui. \"Mini termohiprometras analoginis - ekranas - pakabinamas\" gali b\u016bti tvirtinamas prie r\u0117mo arba dang\u010dio ir rodo klimato vertes.<\/p>\n<p><strong>Svarbu:<\/strong> Prie\u0161 naudodami sudr\u0117kinkite substrat\u0105, kad mi\u0161inys gal\u0117t\u0173 susijungti ir tvirtai \u012fsitvirtinti skruzd\u0117lyne. Be to, jei substratas bus per sausas ir dulk\u0117tas, skruzd\u017ei\u0173 kv\u0117pavimo takai gali u\u017esikim\u0161ti, o blogiausiu atveju gyv\u016bnai gali u\u017edusti.<\/p>\n<p><strong>Rekomendacija:<\/strong> Rekomenduojame 2 mm auk\u0161\u010dio substrato sluoksn\u012f, kad gyv\u016bnai negal\u0117t\u0173 \u012fl\u012fsti \u012f aren\u0105, o naudot\u0173si tam skirta ferma. Taip pat rekomenduojame fermoje esan\u010di\u0105 lizdin\u0119 med\u017eiag\u0105 (sm\u0117l\u012f\/sm\u0117l\u012f, Digfix ir kt.) vienoje vietoje lengvai pabadyti, kad gyv\u016bnams b\u016bt\u0173 lengviau kasti.<\/p>\n<p><strong>Pastabos apie gamyb\u0105<\/strong><br \/>\nStiklas pjaustomas pagal DIN 1249 reikalavimus, leistina paklaida +\/- 1 mm. Ypa\u010d ma\u017eoms skruzd\u0117li\u0173 r\u016b\u0161ims b\u016btina papildoma apsauga nuo i\u0161lau\u017eimo.<\/p>\n<p><strong>Pastabos apie \u016bk\u012f<\/strong><br \/>\nPrijungdami arba nuimdami \u017earnas, atkreipkite d\u0117mes\u012f \u012f \u0161iuos dalykus:<br \/>\nJei vamzdel\u012f labai sunku pritvirtinti prie jungties lizdo, lizd\u0105 reikia lengvai patepti la\u0161eliu m\u016bs\u0173 apsaugin\u0117s alyvos arba milteli\u0173. Tuomet \u017earn\u0105 \u012f lizd\u0105 reikia \u012fstumti sukamaisiais arba prisukamaisiais judesiais, ne\u012ftempiant lizdo judesiais auk\u0161tyn ir \u017eemyn. Tas pats galioja ir nuimant \u017earnas nuo \u016bkio jungiamojo lizdo. Negalima jos tiesiog i\u0161traukti!<\/p>\n<p><strong>Instrukcijos:<\/strong> (2023 m. versija, atnaujinta 2024 m. versija bus pateikta ne v\u0117liau kaip 2024 m. baland\u017eio m\u0117n.)<\/p>\n<p>- DE <a href=\"https:\/\/www.antstore.net\/shop\/images\/info\/de\/Gebrauchsanweisung%20Starter%20Set%20Habitat.pdf\">Gebrauchsanweisung Starter Set Habitat<\/a> (PDF 3,21 MB)<\/p>\n<p>- LT <a href=\"https:\/\/www.antstore.net\/shop\/images\/info\/en\/Instructions%20for%20use%20-%20Starter%20Set%20Habitat.pdf\">Naudojimo instrukcijos - pradinis rinkinys \"Habitat<\/a> (PDF 3,21 MB)<\/p>\n<p>- ES <a href=\"https:\/\/www.antstore.net\/shop\/images\/info\/es\/Manual%20de%20instrucciones%20-%20Set%20de%20inicio%20H%C3%A1bitat.pdf\">Manual de instrucciones - Set de inicio H\u00e1bitat<\/a> (PDF 3,21 MB)<\/p>\n<p>- FR <a href=\"https:\/\/www.antstore.net\/shop\/images\/info\/fr\/Manuel%20d'instruction%20-%20Kit%20de%20d%C3%A9marrage%20Habitat.pdf\">Instrukcijos instrukcija - \u012erengimo rinkinys Habitat<\/a> (PDF 3,21 MB)<\/p>\n<p><strong>Pastaba apie medaus rie\u0161utus:<\/strong><br \/>\nTurinys: 10 ml<br \/>\nTai nat\u016bralus produktas, kur\u012f po ilg\u0173 bandym\u0173 laboratorijoje patobulinome ir suk\u016br\u0117me skruzd\u0117l\u0117ms puikiai priimtin\u0105 maist\u0105. Prie\u017eastis ta, kad neapdorotas medune\u0161io medus savo koncentruota pradine forma n\u0117ra gerai priimamas skruzd\u017ei\u0173 ir j\u0173 med\u017eiag\u0173 apykaitos.<br \/>\nM\u016bs\u0173 medune\u0161is surinktas neu\u017eter\u0161tuose laukiniuose Bulgarijos kaln\u0173 mi\u0161kuose. Medune\u0161is u\u017eauga labai trumpam, ma\u017edaug dviem m\u0117nesiams vasar\u0105. Tod\u0117l jis yra labai retas. D\u0117l specifini\u0173 mi\u0161k\u0173 dirvo\u017eemio savybi\u0173 ir klimato med\u017ei\u0173 lapuose kaupiasi b\u016btinos maistin\u0117s med\u017eiagos, kurias pasisavina amarai. B\u016btent d\u0117l to \u0161is medune\u0161io mi\u0161inys yra toks geid\u017eiamas skruzd\u0117l\u0117ms.<\/p>\n<p><strong>Taikymas:<\/strong><br \/>\nMaisto kiek\u012f reikia suvartoti ma\u017edaug per 3 dienas.<\/p>\n<p><strong>Apra\u0161ymas:<\/strong><br \/>\nMedune\u0161is, kitaip nei g\u0117li\u0173 medus, gaunamas i\u0161 vabzd\u017ei\u0173, kurie \u010diulpia augalus, pavyzd\u017eiui, amar\u0173, i\u0161skyr\u0173. Medune\u0161is yra populiarus daugelio vabzd\u017ei\u0173, pavyzd\u017eiui, skruzd\u0117li\u0173, bi\u010di\u0173 ir kamani\u0173, maisto \u0161altinis. Bit\u0117s ir kaman\u0117s j\u012f lai\u017eo nuo \u012fvairi\u0173 med\u017ei\u0173 lap\u0173 ar spygli\u0173. Skruzd\u0117l\u0117s, pavyzd\u017eiui, Lasius niger, tiesiog saugo amarus. Jos net gina juos nuo pl\u0117\u0161r\u016bn\u0173 ir perne\u0161a \u012f \u0161vie\u017eius \u016bglius.<\/p>\n<p>Medaus ras\u0105 skruzd\u0117s ypa\u010d m\u0117gsta d\u0117l kiek kitoki\u0173 sudedam\u0173j\u0173 dali\u0173. Pagrindiniai medune\u0161io cukr\u016bs yra sacharoz\u0117 ir fruktoz\u0117, ta\u010diau ma\u017eesniais kiekiais yra ir maltoz\u0117s, trehaloz\u0117s, melezitoz\u0117s, rafinoz\u0117s bei kit\u0173 oligosacharid\u0173. Be cukraus ir vandens, meduje taip pat yra nepakei\u010diam\u0173j\u0173 aminor\u016bg\u0161\u010di\u0173, mineral\u0173, mikroelement\u0173, adenozin\u0173, fosfat\u0173 ir kit\u0173 sudedam\u0173j\u0173 dali\u0173, pavyzd\u017eiui, vitamin\u0173.<\/p>\n<p><strong>Naudojimas:<\/strong><br \/>\nMedumi mintan\u010di\u0173 skruzd\u0117li\u0173 (Meliphagidae) r\u016b\u0161ims<br \/>\nTai papildomas pa\u0161aras<br \/>\nJis gali b\u016bti tiekiamas gyv\u016bnams. Kadangi d\u0117l dr\u0117gm\u0117s suma\u017e\u0117ja cukraus koncentracija ir prasideda fermentacijos procesas, pa\u0161ar\u0105 reikia keisti kas 3 dienas. Prie\u0161 pakartotinai naudodami kruop\u0161\u010diai i\u0161valykite \u0161\u0117rimo duben\u0117l\u012f ir (arba) m\u0117gintuv\u0117l\u012f.<br \/>\nAtidaryt\u0105 pakuot\u0119 reikia laikyti sandariai u\u017edaryt\u0105 iki tinkamumo vartoti termino pabaigos.<\/p>\n<p><strong>Maistingumo informacija 100 g:<\/strong><br \/>\napie 2,7 % riebal\u0173<br \/>\ni\u0161 kuri\u0173 prisotinta apie 0,45 %<br \/>\napie 95 % angliavandeni\u0173<br \/>\ni\u0161 kuri\u0173 apie 71 proc. sudaro cukrus<br \/>\napie 2,85% baltym\u0173<br \/>\nMineralin\u0117s med\u017eiagos (kalis, kalcis, varis, gele\u017eis, natris, magnis, fosforas, cinkas ir kiti mikroelementai) Aminor\u016bg\u0161tys (prolinas, leucinas, fenilalaninas, alaninas, histidinas, izoleucinas, glutamo r\u016bg\u0161tis, argininas, asparagino r\u016bg\u0161tis ir kt.) Organin\u0117s r\u016bg\u0161tys Fermentai (fermentai) Aromatai Inhibitoriai (antibakterin\u0117s med\u017eiagos) G\u0117l\u0117s \u017diedadulk\u0117s<\/p>\n<p><strong>Saugojimas:<\/strong><br \/>\nKad pa\u0161arai b\u016bt\u0173 kokybi\u0161ki, juos reikia laikyti tamsioje ir sausoje vietoje.<\/p>\n<p><strong>Pastaba:<\/strong><br \/>\nInformacijos apie maitinimo vamzdeli\u0173 naudojim\u0105 rasite \u010dia: Nuoroda<br \/>\nPapildomas medumi mintan\u010di\u0173 skruzd\u0117li\u0173 pa\u0161aras.<br \/>\nSud\u0117t\u012f, analitines sudedam\u0105sias dalis, tinkamumo vartoti termin\u0105 ir partijos numer\u012f rasite pakuot\u0117s lapelyje.<\/p>\n<p>Informacijos telefono linija +49 30 439703870<\/p>\n<p>Atsakinga veterinarijos ir maisto inspekcija:<br \/>\nSteglitzo veterinarijos biuras<br \/>\nK\u00f6nigin-Luise-Str. 92<br \/>\n14195 Berlynas<\/p>\n<p><strong>Pastaba d\u0117l blan\u0161iruot\u0173 vik\u0161r\u0173:<\/strong><br \/>\nM\u016bs\u0173 \"Cricket Jam\" - tai paprastas b\u016bdas apr\u016bpinti skruzd\u0117les \u0161vie\u017eiai konservuotu baltyminiu maistu, nemaitinant j\u0173 gyvais vabzd\u017eiais. Sud\u0117tyje esantys vik\u0161rai (Acheta domesticus) buvo \u0161velniai i\u0161virti, kad b\u016bt\u0173 i\u0161saugotos maistin\u0117s vert\u0117s, skonis ir aromatas. Be to, taip sumink\u0161tinamas chitininis vabzd\u017ei\u0173 apvalkalas, kad jis b\u016bt\u0173 lengviau vir\u0161kinamas. Kolageno baltym\u0173 jungtys suardomos, kad skruzd\u0117s gal\u0117t\u0173 juos geriau panaudoti. Konservuoti Acheta domesticus turi toki\u0105 pa\u010di\u0105 maistin\u0119 vert\u0119 kaip ir gyvi vik\u0161rai, ta\u010diau yra lengviau vir\u0161kinami.<\/p>\n<p>Blan\u0161iruoti vik\u0161rai netinka med\u017eioti skruzd\u017ei\u0173 r\u016b\u0161ims, kurioms reikalingas gyvas maistas (pvz., ponerin\u0117ms (did\u017eiosioms skruzd\u0117ms), tokioms kaip Harpegnathos arba Odontomachus).<\/p>\n<p><strong>Kiti privalumai:<\/strong><br \/>\nGarantuotai be erki\u0173<br \/>\nGalima dalyti porcijomis<br \/>\nSterilizuota ir i\u0161siurbta<br \/>\nBe pried\u0173<br \/>\nVik\u0161rai i\u0161 tvaraus ekologinio veisimo, maitinami organin\u0117mis atliekomis<\/p>\n<p><strong>Atkreipkite d\u0117mes\u012f:<\/strong><br \/>\nAtidarius galima laikyti \u0161aldytuve apie keturias dienas. Ilgiau galioja u\u017e\u0161ald\u017eius.<\/p>","protected":false},"excerpt":{"rendered":"<p>Rinkin\u012f sudaro 34 dalys<\/p>\n<p>Dydis: <span style=\"color: #0000ff;\"><strong>L<\/strong><\/span><\/p>","protected":false},"featured_media":7132,"comment_status":"open","ping_status":"closed","template":"","meta":{"_acf_changed":false,"content-type":"","_monsterinsights_skip_tracking":false,"_monsterinsights_sitenote_active":false,"_monsterinsights_sitenote_note":"","_monsterinsights_sitenote_category":0},"product_brand":[],"product_cat":[355,73,74],"product_tag":[],"class_list":{"0":"post-6561","1":"product","2":"type-product","3":"status-publish","4":"has-post-thumbnail","6":"product_cat-bundle-offers","7":"product_cat-starter-sets","8":"product_cat-starter-sets-habitat","10":"first","11":"instock","12":"taxable","13":"shipping-taxable","14":"purchasable","15":"product-type-simple"},"acf":[],"aioseo_notices":[],"jetpack_sharing_enabled":true,"_links":{"self":[{"href":"https:\/\/antcube.shop\/lt\/wp-json\/wp\/v2\/product\/6561","targetHints":{"allow":["GET"]}}],"collection":[{"href":"https:\/\/antcube.shop\/lt\/wp-json\/wp\/v2\/product"}],"about":[{"href":"https:\/\/antcube.shop\/lt\/wp-json\/wp\/v2\/types\/product"}],"replies":[{"embeddable":true,"href":"https:\/\/antcube.shop\/lt\/wp-json\/wp\/v2\/comments?post=6561"}],"wp:featuredmedia":[{"embeddable":true,"href":"https:\/\/antcube.shop\/lt\/wp-json\/wp\/v2\/media\/7132"}],"wp:attachment":[{"href":"https:\/\/antcube.shop\/lt\/wp-json\/wp\/v2\/media?parent=6561"}],"wp:term":[{"taxonomy":"product_brand","embeddable":true,"href":"https:\/\/antcube.shop\/lt\/wp-json\/wp\/v2\/product_brand?post=6561"},{"taxonomy":"product_cat","embeddable":true,"href":"https:\/\/antcube.shop\/lt\/wp-json\/wp\/v2\/product_cat?post=6561"},{"taxonomy":"product_tag","embeddable":true,"href":"https:\/\/antcube.shop\/lt\/wp-json\/wp\/v2\/product_tag?post=6561"}],"curies":[{"name":"wp","href":"https:\/\/api.w.org\/{rel}","templated":true}]}}