{"id":6559,"date":"2023-12-04T11:33:22","date_gmt":"2023-12-04T10:33:22","guid":{"rendered":"https:\/\/antcube.shop\/product\/heizmatte-26x28cm-14w\/"},"modified":"2026-03-30T10:31:01","modified_gmt":"2026-03-30T08:31:01","slug":"sildymo-kilimelis-26x28cm-14w","status":"publish","type":"product","link":"https:\/\/antcube.shop\/lt\/produktas\/sildymo-kilimelis-26x28cm-14w\/","title":{"rendered":"\u0160ildymo kilim\u0117lis 26x28cm - 14W"},"content":{"rendered":"<p><strong>Matmenys:<\/strong> 26 x 28 cm<\/p>\n<p><strong>Galia:<\/strong> 14 vat\u0173<\/p>\n<p><strong>Pavir\u0161iaus temperat\u016bra:<\/strong> 28-32 \u00b0C<\/p>\n<p><strong>Apra\u0161ymas:<\/strong> \u0160ildymo kilim\u0117lis formikariumui - ypa\u010d tinka \u0161iltesni\u0173 \u0161ali\u0173 r\u016b\u0161ims. \u0160ildymo kilim\u0117liai skleid\u017eia infraraudon\u0173j\u0173 spinduli\u0173 \u0161ilum\u0105, pana\u0161i\u0105 \u012f keraminius spindulinius \u0161ildytuvus. Spinduliai \u0161ildo daiktus ir gyv\u016bnus labai nepadidindami oro temperat\u016bros. Tod\u0117l jie idealiai tinka \u012frengti vietas \"saul\u0117s vonioms\". Tokiu b\u016bdu galima geriau pasiekti ir kontroliuoti bet kok\u012f reikiam\u0105 temperat\u016bros gradient\u0105 formikariume. \u0160ie \u0161ildymo kilim\u0117liai yra lipn\u016bs, tod\u0117l juos galima lengvai pritvirtinti prie formikariumo.<\/p>\n<p><strong>Pastaba:<\/strong> Niekada nestatykite kaitinimo element\u0173 tiesiai po formikariumu, visada reikia u\u017etikrinti, kad \u0161ilum\u0105 b\u016bt\u0173 galima i\u0161sklaidyti, siekiant i\u0161vengti kar\u0161\u010dio kaupimosi ar formikariumo pa\u017eeidimo.<\/p>","protected":false},"excerpt":{"rendered":"<p><strong>Matmenys:<\/strong> 26 x 28 cm \/ Euro ki\u0161tukas 230 V<\/p>","protected":false},"featured_media":6619,"comment_status":"open","ping_status":"closed","template":"","meta":{"_acf_changed":false,"content-type":"","_monsterinsights_skip_tracking":false,"_monsterinsights_sitenote_active":false,"_monsterinsights_sitenote_note":"","_monsterinsights_sitenote_category":0},"product_brand":[],"product_cat":[359,119],"product_tag":[],"class_list":{"0":"post-6559","1":"product","2":"type-product","3":"status-publish","4":"has-post-thumbnail","6":"product_cat-light-heat-humidity","7":"product_cat-formicarium-components","9":"first","10":"instock","11":"taxable","12":"shipping-taxable","13":"purchasable","14":"product-type-simple"},"acf":[],"aioseo_notices":[],"jetpack_sharing_enabled":true,"_links":{"self":[{"href":"https:\/\/antcube.shop\/lt\/wp-json\/wp\/v2\/product\/6559","targetHints":{"allow":["GET"]}}],"collection":[{"href":"https:\/\/antcube.shop\/lt\/wp-json\/wp\/v2\/product"}],"about":[{"href":"https:\/\/antcube.shop\/lt\/wp-json\/wp\/v2\/types\/product"}],"replies":[{"embeddable":true,"href":"https:\/\/antcube.shop\/lt\/wp-json\/wp\/v2\/comments?post=6559"}],"wp:featuredmedia":[{"embeddable":true,"href":"https:\/\/antcube.shop\/lt\/wp-json\/wp\/v2\/media\/6619"}],"wp:attachment":[{"href":"https:\/\/antcube.shop\/lt\/wp-json\/wp\/v2\/media?parent=6559"}],"wp:term":[{"taxonomy":"product_brand","embeddable":true,"href":"https:\/\/antcube.shop\/lt\/wp-json\/wp\/v2\/product_brand?post=6559"},{"taxonomy":"product_cat","embeddable":true,"href":"https:\/\/antcube.shop\/lt\/wp-json\/wp\/v2\/product_cat?post=6559"},{"taxonomy":"product_tag","embeddable":true,"href":"https:\/\/antcube.shop\/lt\/wp-json\/wp\/v2\/product_tag?post=6559"}],"curies":[{"name":"wp","href":"https:\/\/api.w.org\/{rel}","templated":true}]}}