{"id":6556,"date":"2023-12-04T11:33:04","date_gmt":"2023-12-04T10:33:04","guid":{"rendered":"https:\/\/antcube.shop\/product\/led-sun-klein-5w-63940\/"},"modified":"2026-03-10T10:32:09","modified_gmt":"2026-03-10T09:32:09","slug":"vadovaujama-saule-maza-5w-63940","status":"publish","type":"product","link":"https:\/\/antcube.shop\/lt\/produktas\/vadovaujama-saule-maza-5w-63940\/","title":{"rendered":"LED saul\u0117 ma\u017ea 5W - 63940"},"content":{"rendered":"<p><strong>Technin\u0117s specifikacijos: <\/strong><\/p>\n<p>Galia: 5W<\/p>\n<p>\u012etampa: 230 V<\/p>\n<p>Ki\u0161tukinis lizdas: E27<\/p>\n<p>\u0160viesos spalva: balta<\/p>\n<p>\u0160viesos diod\u0173: 20<\/p>\n<p><strong>Apra\u0161ymas:<\/strong> Idealiai tinka visoms skruzd\u017ei\u0173 r\u016b\u0161ims. Spektras pana\u0161us \u012f dienos \u0161viesos spektr\u0105, gerai ap\u0161vie\u010diantis formikarium\u0105. Nei\u0161skiria nepageidaujamos \u0161ilumos, itin taupo energij\u0105.<\/p>","protected":false},"excerpt":{"rendered":"<p>Galingumas: 2 W \u012etampa: 230 V, skirtas E27 lizdui<\/p>","protected":false},"featured_media":6617,"comment_status":"open","ping_status":"closed","template":"","meta":{"_acf_changed":false,"content-type":"","_monsterinsights_skip_tracking":false,"_monsterinsights_sitenote_active":false,"_monsterinsights_sitenote_note":"","_monsterinsights_sitenote_category":0},"product_brand":[],"product_cat":[359,119],"product_tag":[],"class_list":{"0":"post-6556","1":"product","2":"type-product","3":"status-publish","4":"has-post-thumbnail","6":"product_cat-light-heat-humidity","7":"product_cat-formicarium-components","9":"first","10":"outofstock","11":"taxable","12":"shipping-taxable","13":"purchasable","14":"product-type-simple"},"acf":[],"aioseo_notices":[],"jetpack_sharing_enabled":true,"_links":{"self":[{"href":"https:\/\/antcube.shop\/lt\/wp-json\/wp\/v2\/product\/6556","targetHints":{"allow":["GET"]}}],"collection":[{"href":"https:\/\/antcube.shop\/lt\/wp-json\/wp\/v2\/product"}],"about":[{"href":"https:\/\/antcube.shop\/lt\/wp-json\/wp\/v2\/types\/product"}],"replies":[{"embeddable":true,"href":"https:\/\/antcube.shop\/lt\/wp-json\/wp\/v2\/comments?post=6556"}],"wp:featuredmedia":[{"embeddable":true,"href":"https:\/\/antcube.shop\/lt\/wp-json\/wp\/v2\/media\/6617"}],"wp:attachment":[{"href":"https:\/\/antcube.shop\/lt\/wp-json\/wp\/v2\/media?parent=6556"}],"wp:term":[{"taxonomy":"product_brand","embeddable":true,"href":"https:\/\/antcube.shop\/lt\/wp-json\/wp\/v2\/product_brand?post=6556"},{"taxonomy":"product_cat","embeddable":true,"href":"https:\/\/antcube.shop\/lt\/wp-json\/wp\/v2\/product_cat?post=6556"},{"taxonomy":"product_tag","embeddable":true,"href":"https:\/\/antcube.shop\/lt\/wp-json\/wp\/v2\/product_tag?post=6556"}],"curies":[{"name":"wp","href":"https:\/\/api.w.org\/{rel}","templated":true}]}}