{"id":6555,"date":"2023-12-04T11:27:26","date_gmt":"2023-12-04T10:27:26","guid":{"rendered":"https:\/\/antcube.shop\/product\/ameisenarena-lampenfassung-e27\/"},"modified":"2026-03-31T09:51:44","modified_gmt":"2026-03-31T07:51:44","slug":"antenos-arenos-lempos-lizdas-e27","status":"publish","type":"product","link":"https:\/\/antcube.shop\/lt\/produktas\/antenos-arenos-lempos-lizdas-e27\/","title":{"rendered":"Ant Arena - Lempos lizdas - E27"},"content":{"rendered":"<p><strong>Turinys:<\/strong><br \/>\n- E27 plastikinis lempos laikiklis su maitinimo kabeliu ir jungikliu<br \/>\n- skaidraus akrilo \u017eiedas, skirtas tvirtinti 50 mm skyl\u0117se<\/p>\n<p><strong>Med\u017eiaga:<\/strong> lizdas (plastikinis); laikiklis (plastikinis); kabelis (varinis su plastikiniu apvalkalu); PMMA \u017eiedas (tvirtinimui 50 mm skyl\u0117se)<\/p>\n<p><strong>Spalva:<\/strong> \u0161viesiai pilka<\/p>\n<p><strong>Technin\u0117s specifikacijos:<\/strong><br \/>\nLizdo matmenys: 4,5\u00d74,5\u00d76 cm<br \/>\nKabelio ilgis: 3,5 m<br \/>\nGalia: ne daugiau kaip 60 W<br \/>\nKi\u0161tukinis lizdas: E27<\/p>\n<p><strong>D\u0116MESIO: <\/strong>kai naudojamas su m\u016bs\u0173 hibridiniais gaubtais ir 5 cm plo\u010dio arenos r\u0117meliais, \u0161is lempos laikiklis netinka. Hibridiniam dang\u010diui reik\u0117s 3 cm plo\u010dio r\u0117melio.<\/p>\n<p><strong>Apra\u0161ymas:<\/strong><br \/>\nNorint ap\u0161viesti skruzd\u0117lyn\u0105, \u0161\u012f lizd\u0105 galima prijungti tiesiai prie skruzd\u0117lyno dang\u010dio.<\/p>\n<p>&nbsp;<\/p>","protected":false},"excerpt":{"rendered":"<p>Turinys: - Plastikinis E27 lempos laikiklis su maitinimo kabeliu ir jungikliu - permatomas akrilo \u017eiedas, skirtas tvirtinti 50 mm skyl\u0117se Med\u017eiaga: lizdas (plastikas); laikiklis (plastikas); kabelis (varinis su plastikiniu apvalkalu); PMMA \u017eiedas (skirtas tvirtinti 50 mm skyl\u0117se) Spalva: \u0161viesiai pilka Technin\u0117s specifikacijos: Ki\u0161tukinio lizdo matmenys: Kabelio ilgis: 3,5 m Galingumas: ne daugiau kaip 60 W [...]","protected":false},"featured_media":7574,"comment_status":"open","ping_status":"closed","template":"","meta":{"_acf_changed":false,"content-type":"","_monsterinsights_skip_tracking":false,"_monsterinsights_sitenote_active":false,"_monsterinsights_sitenote_note":"","_monsterinsights_sitenote_category":0},"product_brand":[],"product_cat":[359,119],"product_tag":[],"class_list":{"0":"post-6555","1":"product","2":"type-product","3":"status-publish","4":"has-post-thumbnail","6":"product_cat-light-heat-humidity","7":"product_cat-formicarium-components","9":"first","10":"instock","11":"taxable","12":"shipping-taxable","13":"purchasable","14":"product-type-simple"},"acf":[],"aioseo_notices":[],"jetpack_sharing_enabled":true,"_links":{"self":[{"href":"https:\/\/antcube.shop\/lt\/wp-json\/wp\/v2\/product\/6555","targetHints":{"allow":["GET"]}}],"collection":[{"href":"https:\/\/antcube.shop\/lt\/wp-json\/wp\/v2\/product"}],"about":[{"href":"https:\/\/antcube.shop\/lt\/wp-json\/wp\/v2\/types\/product"}],"replies":[{"embeddable":true,"href":"https:\/\/antcube.shop\/lt\/wp-json\/wp\/v2\/comments?post=6555"}],"wp:featuredmedia":[{"embeddable":true,"href":"https:\/\/antcube.shop\/lt\/wp-json\/wp\/v2\/media\/7574"}],"wp:attachment":[{"href":"https:\/\/antcube.shop\/lt\/wp-json\/wp\/v2\/media?parent=6555"}],"wp:term":[{"taxonomy":"product_brand","embeddable":true,"href":"https:\/\/antcube.shop\/lt\/wp-json\/wp\/v2\/product_brand?post=6555"},{"taxonomy":"product_cat","embeddable":true,"href":"https:\/\/antcube.shop\/lt\/wp-json\/wp\/v2\/product_cat?post=6555"},{"taxonomy":"product_tag","embeddable":true,"href":"https:\/\/antcube.shop\/lt\/wp-json\/wp\/v2\/product_tag?post=6555"}],"curies":[{"name":"wp","href":"https:\/\/api.w.org\/{rel}","templated":true}]}}