{"id":6388,"date":"2023-10-13T17:39:36","date_gmt":"2023-10-13T15:39:36","guid":{"rendered":"https:\/\/antcube.shop\/product\/kaktus-vuka-holz-klein-15cm\/"},"modified":"2026-01-14T23:42:10","modified_gmt":"2026-01-14T22:42:10","slug":"kaktusas-vuka-holz-klein-15cm","status":"publish","type":"product","link":"https:\/\/antcube.shop\/lt\/produktas\/kaktusas-vuka-holz-klein-15cm\/","title":{"rendered":"Kaktusas Vuka Wood ma\u017eas 15cm"},"content":{"rendered":"<p><strong>Dydis:<\/strong> 15 cm ilgio - \u00d8 apie 30-70 mm<\/p>\n<p><strong>Apra\u0161ymas:<\/strong><br \/>\n\u0160i nat\u016brali kaktuso \"Vuka\" mediena yra sendinta ir naudojama kaip estetin\u0117 formikariumo puo\u0161mena.<br \/>\nD\u0117l daugyb\u0117s ma\u017e\u0173 ang\u0173 \u0161ioje medienoje gyv\u016bnai gali laipioti ir sl\u0117ptis.<\/p>\n<p>Kadangi tai nat\u016bralus produktas, jo dydis, spalva ir forma gali skirtis.<\/p>","protected":false},"excerpt":{"rendered":"<p><strong>Dydis:<\/strong> 15 cm ilgio - \u00d8 apie 30-70 mm<\/p>","protected":false},"featured_media":6390,"comment_status":"open","ping_status":"closed","template":"","meta":{"_acf_changed":false,"content-type":"","_monsterinsights_skip_tracking":false,"_monsterinsights_sitenote_active":false,"_monsterinsights_sitenote_note":"","_monsterinsights_sitenote_category":0},"product_brand":[],"product_cat":[95,98,99],"product_tag":[],"class_list":{"0":"post-6388","1":"product","2":"type-product","3":"status-publish","4":"has-post-thumbnail","6":"product_cat-accessories-for-ants","7":"product_cat-decoration","8":"product_cat-desert","10":"first","11":"outofstock","12":"taxable","13":"shipping-taxable","14":"purchasable","15":"product-type-simple"},"acf":[],"aioseo_notices":[],"jetpack_sharing_enabled":true,"_links":{"self":[{"href":"https:\/\/antcube.shop\/lt\/wp-json\/wp\/v2\/product\/6388","targetHints":{"allow":["GET"]}}],"collection":[{"href":"https:\/\/antcube.shop\/lt\/wp-json\/wp\/v2\/product"}],"about":[{"href":"https:\/\/antcube.shop\/lt\/wp-json\/wp\/v2\/types\/product"}],"replies":[{"embeddable":true,"href":"https:\/\/antcube.shop\/lt\/wp-json\/wp\/v2\/comments?post=6388"}],"wp:featuredmedia":[{"embeddable":true,"href":"https:\/\/antcube.shop\/lt\/wp-json\/wp\/v2\/media\/6390"}],"wp:attachment":[{"href":"https:\/\/antcube.shop\/lt\/wp-json\/wp\/v2\/media?parent=6388"}],"wp:term":[{"taxonomy":"product_brand","embeddable":true,"href":"https:\/\/antcube.shop\/lt\/wp-json\/wp\/v2\/product_brand?post=6388"},{"taxonomy":"product_cat","embeddable":true,"href":"https:\/\/antcube.shop\/lt\/wp-json\/wp\/v2\/product_cat?post=6388"},{"taxonomy":"product_tag","embeddable":true,"href":"https:\/\/antcube.shop\/lt\/wp-json\/wp\/v2\/product_tag?post=6388"}],"curies":[{"name":"wp","href":"https:\/\/api.w.org\/{rel}","templated":true}]}}