{"id":6377,"date":"2023-10-06T18:09:26","date_gmt":"2023-10-06T16:09:26","guid":{"rendered":"https:\/\/antcube.shop\/product\/bundle-offer-polyrhachis-dives\/"},"modified":"2026-04-20T09:58:26","modified_gmt":"2026-04-20T07:58:26","slug":"paketo-pasiulymas-polyrhachis-nardo","status":"publish","type":"product","link":"https:\/\/antcube.shop\/lt\/produktas\/paketo-pasiulymas-polyrhachis-nardo\/","title":{"rendered":"Paketo pasi\u016blymas - Polyrhachis narai"},"content":{"rendered":"<p dir=\"ltr\"><span data-text-color=\"alert\"><strong><span data-text-color=\"secondary\">Si\u016blomas paketas, kur\u012f sudaro Polyrhachis nardan\u010di\u0173j\u0173 skruzd\u0117li\u0173 kolonija (motin\u0117l\u0117 su 26-50 darbinink\u0173 ir jaunikliais), pradinis rinkinys aud\u0117j\u0173 skruzd\u0117l\u0117ms su 1x formikariumo pagrindu, 1x dekoratyviniu kr\u016bmu ir 1x lizdo kamuoliuku, skirtu lizdui ir 1x magnetine platforma, kad b\u016bt\u0173 lengviau maitinti.<\/span><br \/>\n<\/strong><\/span><\/p>\n<p><span data-text-color=\"alert\"><strong>Tik kol yra atsarg\u0173.<\/strong><\/span><\/p>\n<p><strong>Viskas, ko reikia Polyrhachis dives skruzd\u0117li\u0173 kolonijai<\/strong><br \/>\n\u0160iame rinkinyje yra viskas, ko reikia, kad Polyrhachis dives kolonija s\u0117kmingai i\u0161gyvent\u0173 pirmuosius kelis m\u0117nesius. J\u012f galima lanks\u010diai pl\u0117sti ir jis ai\u0161kiai tinka pradedantiesiems skruzd\u0117li\u0173 augintojams.<\/p>\n<p><strong>Skruzd\u0117li\u0173 r\u016b\u0161is Polyrhachis nardo:<\/strong><br \/>\nPolyrhachis dives kil\u0119s i\u0161 Azijos ir Australijos, jo paplitimo arealas \u0161iek tiek didesnis. \u0160iai r\u016b\u0161iai b\u016bdinga sidabrin\u0117 arba auksin\u0117 spalva ant juodai rudo k\u016bno. Jie \u0161iek tiek ma\u017eesni u\u017e Oecophylla, da\u017enai gyvena arti \u017eem\u0117s ir m\u0117gsta lizdus statyti ant akmen\u0173 ar med\u017ei\u0173 \u017eiev\u0117s. Lizdams verpti jos naudoja savo lervas, ta\u010diau moksliniu po\u017ei\u016briu jos nepriklauso \"tikrosioms aud\u0117joms skruzd\u0117l\u0117ms\", kaip Oecophylla, nors i\u0161 esm\u0117s naudoja beveik t\u0105 pa\u010di\u0105 audimo technik\u0105. Polyrhachis genties r\u016b\u0161ys kartais turi gana ma\u017eas kolonijas, kurias sudaro ne daugiau kaip keli t\u016bkstan\u010diai individ\u0173. Remiantis prane\u0161imais, Polyrhachis nardytojos, esant idealioms s\u0105lygoms, gali sudaryti kolonijas net su keliais \u0161imtais motin\u0117li\u0173 ir iki keli\u0173 \u0161imt\u0173 t\u016bkstan\u010di\u0173 darbinink\u0173. Ta\u010diau taip nebus, jei bus laikomos namuose.<\/p>\n<p>Polyrhachis dives yra poligininis, t. y. vienu metu gali tur\u0117ti kelias motin\u0117les. Tai rei\u0161kia, kad kolonijos dydis gali labai greitai i\u0161augti, o jai reikia daug maisto ir erdv\u0117s. Tod\u0117l formikariumas taip pat tur\u0117t\u0173 b\u016bti ple\u010diamas. D\u0117l kolonijos dyd\u017eio jos yra gana judrios ir tikros pab\u0117gimo specialist\u0117s. Tod\u0117l reikia pasir\u016bpinti gera apsauga nuo pab\u0117gimo.<\/p>\n<p><strong>Polyrhachis nar\u0173 lizdas<\/strong><br \/>\nFormikariume Polyrhachis dives priima beveik visas statybines med\u017eiagas, kurias jam pasi\u016blysite. Nuo sm\u0117lio, smulki\u0173 gyv\u016bn\u0173 pakrat\u0173 ar lap\u0173 iki kam\u0161tienos ir med\u017eio gabal\u0117li\u0173 bei smulki\u0173 akmenuk\u0173 - \u012f lizdus jie supina visk\u0105, k\u0105 teikia j\u0173 namus supanti gamta. Jau daugel\u012f met\u0173 savo Polyrhachis kolonijas laikome su vadinamaisiais lizd\u0173 kamuoliais. \u012e \u0161\u012f rinkin\u012f taip pat \u012ftrauk\u0117me dekoratyvin\u012f kr\u016bm\u0105, kad lizdo kamuol\u012f b\u016bt\u0173 galima pastatyti \u0161iek tiek auk\u0161\u010diau \u017eem\u0117s, kaip \u012fprasta gamtoje.<\/p>\n<p><strong>Polyrhachis nardytoj\u0173 maistas<\/strong><br \/>\n\u012e \u0161\u012f rinkin\u012f kaip maist\u0105 \u012ftrauk\u0117me blan\u0161iruotus vik\u0161rus ir medaus derv\u0105. Abu \u0161iuos produktus Polyrhachis dives labai gerai priima, o d\u0117l juose esan\u010di\u0173 maistini\u0173 med\u017eiag\u0173 jie palaiko nat\u016bral\u0173 ir teigiam\u0105 kolonijos vystym\u0105si.<\/p>\n<p><strong>Optimalios klimato s\u0105lygos Polyrhachis nardymui yra \u0161ios:<\/strong><br \/>\nDr\u0117gm\u0117:<br \/>\nArena: 50 - 70% Lizdo plotas: 60 - 80%<br \/>\nTemperat\u016bra:<br \/>\nArena: Dien\u0105: 28-30\u00b0C Nakt\u012f: 24-28\u00b0C Lizdo zona: 28- 30\u00b0C<\/p>\n<p><strong>Turinys:<\/strong><\/p>\n<p>1x Polyrhachis dives (2 queens + 26-50 workers + brood)<br \/>\n1x nat\u016bralus 10 cm kamuoliukas - stambus<br \/>\n1x ANTCUBE kampin\u0117 platforma 8\u00d78 - magnetas<br \/>\n1x Dekoratyvinis dykumos kr\u016bmas 30x15 cm - tamsiai rudas<br \/>\n1x medaus dervos mi\u0161inio papildoma pakuot\u0117 10ml<br \/>\n1x \"Cricket Jam\" 25g<br \/>\n1x Formikariumo pagrindas 20\u00d720<\/p>\n<p>1x ANTCUBE - Arena 20x20x40 - Auk\u0161tas<br \/>\n1x skruzd\u0117lyno r\u0117mas 20\u00d720<br \/>\n1x skruzd\u0117lyno dangtis 20\u00d720<br \/>\n4x arenos dang\u010dio tvirtinimo vieta<\/p>\n<p>1x substratas - atogr\u0105\u017e\u0173 mi\u0161kas - 1 kg<br \/>\n1x foto sienel\u0117 - atogr\u0105\u017e\u0173 mi\u0161kas - 20\u00d740 - auk\u0161ta<br \/>\n0,5 litro talpos purk\u0161tuvas - \u017ealvarinis antgalis<\/p>\n<p>2x Grid insert acrylic &#8211; 50 mm with sealing ring<br \/>\n2x Grid insert acrylic &#8211; 27 mm with sealing ring<\/p>\n<p>1x spyruoklinio plieno pincetas platus - mink\u0161tas<br \/>\n1x standartinis plastikinis pincetas<br \/>\n1x Plastikin\u0117 3 ml pipet\u0117<br \/>\n1x Apsauginis aliejus nuo skruzd\u017ei\u0173 protr\u016bkio 10ml<br \/>\n1x drinking clear 5ml &#8211; sponge<br \/>\n1x Feeding dish white rectangle &#8211; 3 compartments<br \/>\n1x Drinking trough 2ml &#8211; 360 Degrees<br \/>\n1x Rankinis didinamasis stiklas - 2x - 30 mm<br \/>\n1x put\u0173 valytuvas 150x18x2,5 mm<\/p>\n<p>&nbsp;<\/p>\n<p><strong>Apra\u0161ymas Starterinis rinkinys aud\u0117j\u0173 skruzd\u0117lyt\u0117s:<\/strong><br \/>\n\u0160iame i\u0161ple\u010diamame pradiniame rinkinyje, skirtame \u012fvairioms audimo skruzd\u0117li\u0173 r\u016b\u0161ims, pavyzd\u017eiui, Polyrhachis spec. arba Oecophylla spec., yra ne tik optimaliai pritaikytas formikariumas, bet ir tinkami priedai \u0161ioms skruzd\u0117li\u0173 r\u016b\u0161ims laikyti. Tinka ma\u017edaug 500-1000 gyv\u016bn\u0173 kolonijoms. Didesn\u0117ms kolonijoms rekomenduojame 30x30x60 cm formikarium\u0105. \"Skaidrus 20 ml - kempininis\" gertuv\u0117 skirtas vandeniui, \"2 ml - 360 laipsni\u0173\" gertuv\u0117 - medaus rasos mi\u0161iniui.<\/p>\n<p><strong>Svarbu:<\/strong> Prie\u0161 naudodami sudr\u0117kinkite dykumos substrat\u0105, kad mi\u0161inys gal\u0117t\u0173 sukibti ir tvirtai \u012fsitvirtinti skruzd\u0117lyne. Be to, sausas ir dulk\u0117tas substratas gali u\u017ekim\u0161ti skruzd\u017ei\u0173 kv\u0117pavimo takus, o blogiausiu atveju gyv\u016bnai gali u\u017edusti.<\/p>\n<p><strong>Pastabos apie gamyb\u0105<\/strong><br \/>\nStiklas pjaunamas pagal DIN 1249 reikalavimus, leistina paklaida +\/- 1 mm. Papildoma apsauga nuo i\u0161lau\u017eimo b\u016btina itin ma\u017eoms skruzd\u0117li\u0173 r\u016b\u0161ims.<\/p>\n<p><strong>Pastaba d\u0117l blan\u0161iruot\u0173 vik\u0161r\u0173:<\/strong><br \/>\nM\u016bs\u0173 \"Cricket Jam\" - tai paprastas b\u016bdas apr\u016bpinti skruzd\u0117les \u0161vie\u017eiai konservuotu baltyminiu maistu, nemaitinant j\u0173 gyvais vabzd\u017eiais. Sud\u0117tyje esantys vik\u0161rai (Acheta domesticus) buvo \u0161velniai i\u0161virti, kad b\u016bt\u0173 i\u0161saugotos maistin\u0117s vert\u0117s, skonis ir aromatas. Be to, taip sumink\u0161tinamas chitininis vabzd\u017ei\u0173 apvalkalas, kad jis b\u016bt\u0173 lengviau vir\u0161kinamas. Kolageno baltym\u0173 jungtys suardomos, kad skruzd\u0117s gal\u0117t\u0173 juos geriau panaudoti. Konservuoti Acheta domesticus turi toki\u0105 pa\u010di\u0105 maistin\u0119 vert\u0119 kaip ir gyvi vik\u0161rai, ta\u010diau yra lengviau vir\u0161kinami.<\/p>\n<p>Blan\u0161iruoti vik\u0161rai netinka med\u017eioti skruzd\u017ei\u0173 r\u016b\u0161ims, kurioms reikalingas gyvas maistas (pvz., ponerin\u0117ms (did\u017eiosioms skruzd\u0117ms), tokioms kaip Harpegnathos arba Odontomachus).<\/p>\n<p>Kiti privalumai:<br \/>\nGarantuotai be erki\u0173<br \/>\nGalima dalyti porcijomis<br \/>\nSterilizuota ir i\u0161siurbta<br \/>\nBe pried\u0173<br \/>\nVik\u0161rai i\u0161 tvaraus ekologinio veisimo, maitinami organin\u0117mis atliekomis<\/p>\n<p><strong>Atkreipkite d\u0117mes\u012f:<\/strong><br \/>\nAtidarius galima laikyti \u0161aldytuve apie keturias dienas. Ilgiau galioja u\u017e\u0161ald\u017eius.<\/p>\n<p><strong>Pastaba apie medaus rie\u0161utus:<\/strong><br \/>\nTurinys: 10 ml<br \/>\nTai nat\u016bralus produktas, kur\u012f po ilg\u0173 bandym\u0173 laboratorijoje patobulinome ir suk\u016br\u0117me skruzd\u0117l\u0117ms puikiai priimtin\u0105 maist\u0105. Prie\u017eastis ta, kad neapdorotas medune\u0161io medus savo koncentruota pradine forma n\u0117ra gerai priimamas skruzd\u017ei\u0173 ir j\u0173 med\u017eiag\u0173 apykaitos.<br \/>\nM\u016bs\u0173 medune\u0161is surinktas neu\u017eter\u0161tuose laukiniuose Bulgarijos kaln\u0173 mi\u0161kuose. Medune\u0161is u\u017eauga labai trumpam, ma\u017edaug dviem m\u0117nesiams vasar\u0105. Tod\u0117l jis yra labai retas. D\u0117l specifini\u0173 mi\u0161k\u0173 dirvo\u017eemio savybi\u0173 ir klimato med\u017ei\u0173 lapuose kaupiasi b\u016btinos maistin\u0117s med\u017eiagos, kurias pasisavina amarai. B\u016btent d\u0117l to \u0161is medune\u0161io mi\u0161inys yra toks geid\u017eiamas skruzd\u0117l\u0117ms.<\/p>\n<p><strong>Taikymas:<\/strong><br \/>\nMaisto kiek\u012f reikia suvartoti ma\u017edaug per 3 dienas.<\/p>\n<p><strong>Apra\u0161ymas:<\/strong><br \/>\nMedune\u0161is, kitaip nei g\u0117li\u0173 medus, gaunamas i\u0161 vabzd\u017ei\u0173, kurie \u010diulpia augalus, pavyzd\u017eiui, amar\u0173, i\u0161skyr\u0173. Medune\u0161is yra populiarus daugelio vabzd\u017ei\u0173, pavyzd\u017eiui, skruzd\u0117li\u0173, bi\u010di\u0173 ir kamani\u0173, maisto \u0161altinis. Bit\u0117s ir kaman\u0117s j\u012f lai\u017eo nuo \u012fvairi\u0173 med\u017ei\u0173 lap\u0173 ar spygli\u0173. Skruzd\u0117l\u0117s, pavyzd\u017eiui, Lasius niger, tiesiog saugo amarus. Jos net gina juos nuo pl\u0117\u0161r\u016bn\u0173 ir perne\u0161a \u012f \u0161vie\u017eius \u016bglius.<\/p>\n<p>Medaus ras\u0105 skruzd\u0117s ypa\u010d m\u0117gsta d\u0117l kiek kitoki\u0173 sudedam\u0173j\u0173 dali\u0173. Pagrindiniai medune\u0161io cukr\u016bs yra sacharoz\u0117 ir fruktoz\u0117, ta\u010diau ma\u017eesniais kiekiais yra ir maltoz\u0117s, trehaloz\u0117s, melezitoz\u0117s, rafinoz\u0117s bei kit\u0173 oligosacharid\u0173. Be cukraus ir vandens, meduje taip pat yra nepakei\u010diam\u0173j\u0173 aminor\u016bg\u0161\u010di\u0173, mineral\u0173, mikroelement\u0173, adenozin\u0173, fosfat\u0173 ir kit\u0173 sudedam\u0173j\u0173 dali\u0173, pavyzd\u017eiui, vitamin\u0173.<\/p>\n<p><strong>Naudojimas:<\/strong><br \/>\nMedumi mintan\u010di\u0173 skruzd\u0117li\u0173 (Meliphagidae) r\u016b\u0161ims<br \/>\nTai papildomas pa\u0161aras<br \/>\nJis gali b\u016bti tiekiamas gyv\u016bnams. Kadangi d\u0117l dr\u0117gm\u0117s suma\u017e\u0117ja cukraus koncentracija ir prasideda fermentacijos procesas, pa\u0161ar\u0105 reikia keisti kas 3 dienas. Prie\u0161 pakartotinai naudodami kruop\u0161\u010diai i\u0161valykite \u0161\u0117rimo duben\u0117l\u012f ir (arba) m\u0117gintuv\u0117l\u012f.<br \/>\nAtidaryt\u0105 pakuot\u0119 reikia laikyti sandariai u\u017edaryt\u0105, kol baigsis jos galiojimo laikas.<br \/>\nMaistingumo informacija 100 g:<br \/>\napie 2,7 % riebal\u0173<br \/>\ni\u0161 kuri\u0173 prisotinta apie 0,45 %<br \/>\napie 95 % angliavandeni\u0173<br \/>\ni\u0161 kuri\u0173 apie 71 proc. sudaro cukrus<br \/>\napie 2,85% baltym\u0173<\/p>\n<p>Mineralin\u0117s med\u017eiagos (kalis, kalcis, varis, gele\u017eis, natris, magnis, fosforas, cinkas ir kiti mikroelementai) Aminor\u016bg\u0161tys (prolinas, leucinas, fenilalaninas, alaninas, histidinas, izoleucinas, glutamo r\u016bg\u0161tis, argininas, asparagino r\u016bg\u0161tis ir kt.) Organin\u0117s r\u016bg\u0161tys Fermentai (fermentai) Aromatai Inhibitoriai (antibakterin\u0117s med\u017eiagos) G\u0117l\u0117s \u017diedadulk\u0117s<\/p>\n<p><strong>Saugojimas:<\/strong><br \/>\nKad pa\u0161arai b\u016bt\u0173 kokybi\u0161ki, juos reikia laikyti tamsioje ir sausoje vietoje.<\/p>\n<p><strong>Pastaba:<\/strong><br \/>\nInformacijos apie maitinimo vamzdeli\u0173 naudojim\u0105 rasite \u010dia: Nuoroda<br \/>\nPapildomas medumi mintan\u010di\u0173 skruzd\u0117li\u0173 pa\u0161aras.<br \/>\nSud\u0117t\u012f, analitines sudedam\u0105sias dalis, tinkamumo vartoti termin\u0105 ir partijos numer\u012f rasite pakuot\u0117s lapelyje.<\/p>\n<p>Informacijos telefono linija +49 30 439703870<\/p>\n<p>Atsakinga veterinarijos ir maisto inspekcija:<br \/>\nSteglitzo veterinarijos biuras<br \/>\nK\u00f6nigin-Luise-Str. 92<br \/>\n14195 Berlynas<\/p>\n<p><strong>Apra\u0161ymas Dekoratyvinis kr\u016bmas<\/strong><\/p>\n<p>Dydis \/ auk\u0161tis nuo 17 cm iki 19 cm, skersmuo ~ 10-12 cm, idealiai tinka 30x30x30 cm ir didesn\u0117ms arenoms.<br \/>\nSvoris svyruoja nuo 50 iki 80 gram\u0173.<\/p>\n<p>Dekoratyvinis daiktas, kur\u012f sudaro nat\u016braliai i\u0161d\u017eiovintas medinis kr\u016bmas ir sintetin\u0117s dervos pagrindas (pagrindo plok\u0161tel\u0117).<br \/>\n\u0160is dekoratyvinis kr\u016bmas buvo rankomis pagamintas Vokietijoje, tod\u0117l pasi\u017eymi tvarumu.<\/p>\n<p><strong>D\u0116MESIO:<\/strong> Ned\u0117kite \u012f labai dr\u0117gnas patalpas (daugiau kaip 60% dr\u0117gm\u0117s). Kr\u016bmas gali prad\u0117ti pelyti. Labai gerai v\u0117dinant, kr\u016bm\u0105 galima statyti ir dr\u0117gnesniuose formikariumuose.<\/p>\n<p>Kai kurie dekoratyviniai kr\u016bmai d\u0117l savo auk\u0161\u010dio negali savaranki\u0161kai stov\u0117ti formikariume. Tokiu atveju padeda \u0161iek tiek u\u017edengti pagrind\u0105 substratu arba pastatyti produkt\u0105 arti i\u0161orini\u0173 stikl\u0173.<\/p>\n<p><span data-text-color=\"alert\"><strong>SVARBI PASTABA D\u0116L STRAIPSNIO:<\/strong><\/span><br \/>\nKadangi tai yra nat\u016bralus produktas \/ unikalus daiktas, \u010dia pateiktos iliustracijos n\u0117ra visi\u0161kai identi\u0161kos j\u016bs\u0173 gautam daiktui. Gali b\u016bti mini med\u017eio ir karjero skal\u016bno pagrindo plok\u0161t\u0117s dyd\u017eio, formos ir spalvos nukrypim\u0173. Garantuojame tik maksimal\u0173 gaminio auk\u0161t\u012f.<\/p>\n<p>U\u017esisakydami \u0161i\u0105 prek\u0119 sutinkate ir sutinkate su pirmiau min\u0117tais galimais gaminio dyd\u017eio, formos ir spalvos nukrypimais pirkimo metu.<\/p>","protected":false},"excerpt":{"rendered":"<p>Rinkin\u012f sudaro 31 dalis.<br \/>\nDydis: <strong>XL<\/strong><\/p>","protected":false},"featured_media":7116,"comment_status":"open","ping_status":"closed","template":"","meta":{"_acf_changed":false,"content-type":"","_monsterinsights_skip_tracking":false,"_monsterinsights_sitenote_active":false,"_monsterinsights_sitenote_note":"","_monsterinsights_sitenote_category":0},"product_brand":[],"product_cat":[355,354,73],"product_tag":[],"class_list":{"0":"post-6377","1":"product","2":"type-product","3":"status-publish","4":"has-post-thumbnail","6":"product_cat-bundle-offers","7":"product_cat-starter-sets-for-weaver-ants","8":"product_cat-starter-sets","10":"first","11":"instock","12":"taxable","13":"shipping-taxable","14":"purchasable","15":"product-type-simple"},"acf":[],"aioseo_notices":[],"jetpack_sharing_enabled":true,"_links":{"self":[{"href":"https:\/\/antcube.shop\/lt\/wp-json\/wp\/v2\/product\/6377","targetHints":{"allow":["GET"]}}],"collection":[{"href":"https:\/\/antcube.shop\/lt\/wp-json\/wp\/v2\/product"}],"about":[{"href":"https:\/\/antcube.shop\/lt\/wp-json\/wp\/v2\/types\/product"}],"replies":[{"embeddable":true,"href":"https:\/\/antcube.shop\/lt\/wp-json\/wp\/v2\/comments?post=6377"}],"wp:featuredmedia":[{"embeddable":true,"href":"https:\/\/antcube.shop\/lt\/wp-json\/wp\/v2\/media\/7116"}],"wp:attachment":[{"href":"https:\/\/antcube.shop\/lt\/wp-json\/wp\/v2\/media?parent=6377"}],"wp:term":[{"taxonomy":"product_brand","embeddable":true,"href":"https:\/\/antcube.shop\/lt\/wp-json\/wp\/v2\/product_brand?post=6377"},{"taxonomy":"product_cat","embeddable":true,"href":"https:\/\/antcube.shop\/lt\/wp-json\/wp\/v2\/product_cat?post=6377"},{"taxonomy":"product_tag","embeddable":true,"href":"https:\/\/antcube.shop\/lt\/wp-json\/wp\/v2\/product_tag?post=6377"}],"curies":[{"name":"wp","href":"https:\/\/api.w.org\/{rel}","templated":true}]}}