{"id":5935,"date":"2023-06-24T12:30:33","date_gmt":"2023-06-24T10:30:33","guid":{"rendered":"https:\/\/antcube.shop\/product\/bundle-offer-messor-angularis\/"},"modified":"2025-10-19T06:01:04","modified_gmt":"2025-10-19T04:01:04","slug":"paketas-pasiulymas-messor-angularis","status":"publish","type":"product","link":"https:\/\/antcube.shop\/lt\/produktas\/paketas-pasiulymas-messor-angularis\/","title":{"rendered":"Paketo pasi\u016blymas - Messor arenarius"},"content":{"rendered":"<div class=\"tab-body active\">\n<p><span data-text-color=\"secondary\"><strong>Si\u016blomas paketas, kur\u012f sudaro Messor arenarius skruzd\u0117li\u0173 kolonija (motin\u0117l\u0117 + 5-10 darbininki\u0173 + jaunikliai), startinis rinkinys skruzd\u0117l\u0117ms kombaininink\u0117ms L Popcorn su 3x formikariumo pagalv\u0117l\u0117mis ir stiklainiu m\u016bs\u0173 speciali\u0173 blan\u0161iruot\u0173 vik\u0161r\u0173 (dr\u0117gni baltymai).<\/strong><\/span><\/p>\n<p><span data-text-color=\"alert\"><strong>Tik kol yra atsarg\u0173.<\/strong><\/span><\/p>\n<p><strong>Viskas, ko reikia norint s\u0117kmingai laikyti Messor arenarius<\/strong><br \/>\n\u0160iame rinkinyje yra viskas, ko reikia norint s\u0117kmingai i\u0161laikyti Messor arenarius kolonij\u0105 kelis pirmuosius m\u0117nesius. J\u012f galima lanks\u010diai pl\u0117sti, tod\u0117l jis idealiai tinka pradedantiesiems skruzd\u0117li\u0173 augintojams.<\/p>\n<p><strong>Skruzd\u0117li\u0173 r\u016b\u0161ys: Messor arenarius<\/strong><br \/>\nMessor arenarius, dar vadinama \"kop\u0173 skruzd\u0117le-skruzd\u0117le\", palyginti su kitomis Messor r\u016b\u0161imis, yra labai stambi, granivori\u0161ka skruzd\u0117lyt\u0117, daugiausia aptinkama sausuose ir \u0161iltuose \u0160iaur\u0117s Afrikos regionuose. Pagrindin\u0117s j\u0173 darbinink\u0117s gali pasiekti stulbinant\u012f 18 mm dyd\u012f. \u0160i skruzd\u0117lyt\u0117 pasi\u017eymi prisitaikymu prie saus\u0173 buveini\u0173 ir priklauso vadinamosioms kombainin\u0117ms skruzd\u0117l\u0117ms, kurios gars\u0117ja \u012fdomiu gyvenimo b\u016bdu ir \u012fsp\u016bdingomis lizd\u0173 strukt\u016bromis.<\/p>\n<p>Vizualiai Messor arenarius i\u0161siskiria blizgan\u010diu juodu k\u016bnu ir galingai sukonstruotomis did\u017eiosiomis skruzd\u0117mis darbinink\u0117mis, kurios yra ypa\u010d \u012fsp\u016bdingos. D\u0117l tvirtos prigimties ir paprast\u0173 laikymo reikalavim\u0173 tai ideali r\u016b\u0161is pradedantiesiems, ta\u010diau d\u0117l \u012fsp\u016bdingo dyd\u017eio \u012fdomi ir pa\u017eengusiems skruzd\u017ei\u0173 augintojams.<\/p>\n<p><strong>Messor arenarius maistas<\/strong><br \/>\nMessor arenarius daugiausia minta gr\u016bdais, kuriuos naudoja vadinamajai skruzd\u017ei\u0173 duonai gaminti. Be to, kolonija taip pat priima sald\u017eius vaisius, smulkius vabzd\u017eius ir baltymin\u012f maist\u0105. Did\u017ei\u0105j\u0105 dal\u012f dr\u0117gm\u0117s poreikio patenkina gr\u016bdai, o likusi\u0105 dal\u012f - vabzd\u017eiai ir visi si\u016blomi skys\u010diai, pavyzd\u017eiui, medaus vanduo.<\/p>\n<p><strong>Formikariume tur\u0117t\u0173 b\u016bti tiekiami \u0161ie pa\u0161arai:<\/strong><br \/>\nGr\u016bd\u0173 mi\u0161iniai<br \/>\nSmulk\u016bs vabzd\u017eiai (pvz., vaisin\u0117s musel\u0117s)<br \/>\nVisada pasir\u016bpinkite \u0161vie\u017eiu vandeniu<br \/>\nJei reikia, naudokite medaus vanden\u012f (pastaba: visada u\u017edenkite atidarytus skys\u010dius, kad skruzd\u0117s ne\u012fkrist\u0173).<\/p>\n<p><strong>Tinkamas formikariumas Messor arenarius<\/strong><br \/>\nMessor arenarius, kaip ir visoms skruzd\u0117l\u0117ms kombaininink\u0117ms, reikia lizdo, kuriame b\u016bt\u0173 ir sausa, ir \u0161iek tiek dr\u0117gna. Dr\u0117gna vieta skirta jaunikliams pri\u017ei\u016br\u0117ti, o sausa dalis idealiai tinka gr\u016bdams laikyti, kad nesusidaryt\u0173 pel\u0117sis. Tod\u0117l m\u016bs\u0173 pradiniame rinkinyje yra du skruzd\u0117lynai (lizdai), kuri\u0173 pakaks pirmiesiems 1-2 metams. V\u0117liau formikarium\u0105 reik\u0117t\u0173 prapl\u0117sti, kad atsirast\u0173 vietos kolonijai augti.<\/p>\n<p><strong>Optimalios klimato s\u0105lygos Messor arenarius:<\/strong><br \/>\n<strong>Dr\u0117gm\u0117:<\/strong><br \/>\nArena: 30-50 %<br \/>\nLizdo plotas: %: 50-70 %<\/p>\n<p><strong>Temperat\u016bra:<\/strong><br \/>\nArena: 25-30 \u00b0C<br \/>\nLizdo plotas: 22-28 \u00b0C<\/p>\n<p><strong>Messor arenarius lizd\u0173 med\u017eiaga<\/strong><br \/>\nDigfix ypa\u010d tinka Messor arenarius laikyti. Jis atsparus dr\u0117gmei ir leid\u017eia gerai matyti lizdo strukt\u016bras, o substrato liku\u010diai netrukdo matyti, kaip sm\u0117lio ir molio mi\u0161ini\u0173 atveju.<\/p>\n<p>Kadangi ilgainiui major\u0173 darbininkai gali grau\u017eti ir kietesnes med\u017eiagas, tokias kaip Ytong, rekomenduojame stiklinius lizdus su Digfix \u012fd\u0117klu. \u0160is derinys u\u017etikrina ne tik ilgaam\u017ei\u0161kum\u0105, bet ir optimalias kolonijos steb\u0117jimo ir prie\u017ei\u016bros s\u0105lygas.<\/p>\n<p>Naudodami \u0161\u012f \u012frengin\u012f sukursite ideal\u0173 pagrind\u0105 Messor arenarius auginti ir gal\u0117site daugel\u012f met\u0173 steb\u0117ti ir pri\u017ei\u016br\u0117ti \u0161ias \u012fdomias skruzd\u0117les.<\/p>\n<p><strong>Turinys:<\/strong><br \/>\n1x Messor arenarius (motin\u0117l\u0117 + 1-4 darbininkai + jaunikliai)<br \/>\n1x blan\u0161iruoti vik\u0161rai 10g<br \/>\n1x gr\u016bd\u0173 maistas minor 100g<br \/>\n1x 20x20 cm formikariumo pagalv\u0117l\u0117<br \/>\n2x formikariumo pad\u0117klas - 20x6cm<\/p>\n<p>1x ANTCUBE - arena 20x20x10 - plok\u0161\u010dia<br \/>\n1x skruzd\u0117lyno r\u0117mas 20\u00d720<br \/>\n1x skruzd\u0117lyno dangtis 20\u00d720<br \/>\n1x arenos dang\u010dio tvirtinimo ta\u0161kai 4vnt.<br \/>\n2x ANTCUBE - skruzd\u0117lynas - M - 20\u00d720 - vertikalus<\/p>\n<p>2x ANTCUBE - Digfix Terra nidum 20\u00d720 - L - sm\u0117lio spalvos<br \/>\n1x Popkorn\u0173 lizdas 20\u00d720 - L<br \/>\n1x 1 m ilgio skaidrus 20\/16 mm vamzdelis<br \/>\n2x ANTCUBE - Raudona folija 20\u00d720 - filtras<br \/>\n2x lipn\u016bs spaustukai - skaidr\u016bs 2 vnt.<br \/>\n1x substratas - dykuma - 1 kg<\/p>\n<p>2x tinklelio \u012fd\u0117klas - 50 mm - ner\u016bdijantis plienas<br \/>\n1x tinklelio \u012fd\u0117klas - 27 mm - ner\u016bdijantis plienas<br \/>\n1x tinklelio dangtelis - 16 mm - ner\u016bdijantis plienas<\/p>\n<p>1x bako \u017earnos jungtis 27-14,16,20 mm - skaidri<br \/>\n1x 2ml dozatorius - dozuojamas<br \/>\n1x gertuv\u0117 skaidri 20ml - kempin\u0117<br \/>\n1x dubuo skaidrus 1\u00d720 - kempin\u0117<br \/>\n1x Mini termohigrometras analoginis - ekranas - pakabinamas<br \/>\n1x Apsauginis aliejus nuo skruzd\u017ei\u0173 10ml<br \/>\n1x Pincetas spyruoklinis plienas - platus - mink\u0161tas<br \/>\n1x Pincetas plastikinis skaidrus<br \/>\n1x plastikin\u0117 3 ml pipet\u0117<br \/>\n1x rankinis didinamasis stiklas - 2x - 30 mm<br \/>\n1x put\u0173 valytuvas 150x18x2,5 mm<br \/>\n1x nuotrauk\u0173 nugar\u0117l\u0117 - dykuma - 20\u00d710<\/p>\n<p><strong>Apra\u0161ymas Pradinis rinkinys:<\/strong><br \/>\n\u0160is pradinis rinkinys ypa\u010d tinka gr\u016bdus renkan\u010dioms Messor arba Pogonomyrmex genties skruzd\u0117l\u0117ms. Ferma su popkorn\u0173 l\u0117k\u0161te skirta s\u0117kloms ir skruzd\u0117li\u0173 duonai laikyti, tod\u0117l ji turi b\u016bti visi\u0161kai sausa, kad joje laikomos s\u0117klos ir (arba) gr\u016bdai skruzd\u0117l\u0117ms nesudygt\u0173 arba nesupelyt\u0173.<br \/>\nAntroji ferma su \"Terra nidum\" plok\u0161tele skirta skruzd\u0117li\u0173 kolonijai sukti lizdus ir veistis. Joje visada turi b\u016bti palaikoma nedidel\u0117 dr\u0117gm\u0117.<br \/>\nNor\u0117dami suteikti daugiau lankstumo steigiant formikarium\u0105, prid\u0117jome antr\u0105 \"Terra nidum\" plok\u0161tel\u0119, kuri\u0105 galite naudoti vietoj popkorn\u0173 lizdo.<\/p>\n<p><strong>Terra nidum plok\u0161tel\u0117s apra\u0161ymas:<\/strong> Terra nidum (lot. Terra nidum - \u017eem\u0117s lizdas) plok\u0161t\u0117, pagaminta i\u0161 kasamos med\u017eiagos, puikiai tinka m\u016bs\u0173 skruzd\u0117lynams ANTCUBE. J\u0105 galima naudoti ir saus\u0105, ir dr\u0117gn\u0105. Ji taip pat tinka daugeliui skruzd\u0117li\u0173 r\u016b\u0161i\u0173, ypa\u010d toms, kurios lizdus suka sm\u0117lyje ir (negyvoje) medienoje. J\u012f galima naudoti vietoj sm\u0117lio ir molio mi\u0161ini\u0173 arba kam\u0161tini\u0173 lizd\u0173 \u012fd\u0117kl\u0173. \u0160io lizdo privalumas tas, kad d\u0117l ai\u0161kiai matomo spalvos pasikeitimo lengviau kontroliuoti plok\u0161tel\u0117s sudr\u0117kim\u0105, o plok\u0161tel\u0117s spalva suteikia puik\u0173 kontrast\u0105 paprastai tamsesn\u0117ms skruzd\u0117li\u0173 r\u016b\u0161ims. Be to, vidini\u0173 skruzd\u0117lyno plok\u0161teli\u0173 negalima sutepti substratu, kaip, pavyzd\u017eiui, sm\u0117lio ir molio mi\u0161ini\u0173 atveju, o tai leid\u017eia puikiai matyti lizd\u0105. M\u016bs\u0173 lizd\u0173 med\u017eiaga taip pat yra daug tvirtesn\u0117s strukt\u016bros, tod\u0117l skruzd\u0117li\u0173 i\u0161kasti tuneliai ir kameros nesugri\u016bva.<\/p>\n<p><strong>Popkorn\u0173 lizdo apra\u0161ymas:<\/strong> \u0160is popkorn\u0173 lizdas su surenkamais pra\u0117jimais ir kameromis puikiai tinka kaip gr\u016bd\u0173 saugykla, pavyzd\u017eiui, Messor skruzd\u0117l\u0117ms, taip pat kitoms gr\u016bdus renkan\u010dioms skruzd\u0117li\u0173 r\u016b\u0161ims. Jame yra skylut\u0117 patekimui \u012f lizd\u0105. Popkorn\u0173 lizdas sugeria dr\u0117gm\u0119 ir d\u0117l to gali i\u0161sipl\u0117sti, tod\u0117l j\u012f visada reikia laikyti sausai. Messor barbarus puikiai priima m\u016bs\u0173 ANTCUBE popkorn\u0173 lizd\u0105 kaip gr\u016bd\u0173 saugykl\u0105. Laikui b\u0117gant skruzd\u0117l\u0117s pradeda pl\u0117sti popkorn\u0173 lizd\u0105 ir su\u0117da lizdo med\u017eiag\u0105. Ji kvepia karamelizuotu medumi, tod\u0117l yra labai patraukli.<\/p>\n<p>Popcorn lizd\u0105 reik\u0117t\u0173 naudoti tik toms skruzd\u0117li\u0173 r\u016b\u0161ims, kurioms reikia labai ma\u017eai arba visai nereikia dr\u0117gm\u0117s lizdo zonoje.<\/p>\n<p><strong>Svarbu:<\/strong> Prie\u0161 naudodami sudr\u0117kinkite dykumos substrat\u0105, kad mi\u0161inys gal\u0117t\u0173 sukibti ir tvirtai \u012fsitvirtinti skruzd\u0117lyne. Be to, sausas ir dulk\u0117tas substratas gali u\u017ekim\u0161ti skruzd\u017ei\u0173 kv\u0117pavimo takus, o blogiausiu atveju gyv\u016bnai gali u\u017edusti.<\/p>\n<p><strong>Rekomendacija:<\/strong> Rekomenduojame 2 mm auk\u0161\u010dio substrato sluoksn\u012f, kad gyv\u016bnai negal\u0117t\u0173 \u012fl\u012fsti \u012f aren\u0105, o naudot\u0173si tam skirta ferma. Taip pat rekomenduojame fermoje esan\u010di\u0105 lizdin\u0119 med\u017eiag\u0105 (sm\u0117l\u012f\/sm\u0117l\u012f, Digfix ir kt.) vienoje vietoje lengvai pabadyti, kad gyv\u016bnams b\u016bt\u0173 lengviau kasti.<\/p>\n<p><strong>Pastabos apie gamyb\u0105<\/strong><br \/>\nStiklas pjaustomas pagal DIN 1249, leistina paklaida +\/- 1 mm. Itin ma\u017eoms skruzd\u0117li\u0173 r\u016b\u0161ims b\u016btina papildoma apsauga nuo i\u0161tr\u016bkimo.<\/p>\n<p><strong>Pastabos apie \u016bk\u012f<\/strong><br \/>\nPrijungdami arba nuimdami \u017earnas, atkreipkite d\u0117mes\u012f \u012f \u0161iuos dalykus:<br \/>\nJei vamzdel\u012f labai sunku pritvirtinti prie jungties lizdo, lizd\u0105 reikia lengvai patepti la\u0161eliu m\u016bs\u0173 apsaugin\u0117s alyvos arba milteli\u0173. Tuomet \u017earn\u0105 \u012f lizd\u0105 reikia \u012fstumti sukamaisiais arba prisukamaisiais judesiais, ne\u012ftempiant lizdo judesiais auk\u0161tyn ir \u017eemyn. Tas pats galioja ir nuimant \u017earnas nuo \u016bkio jungiamojo lizdo. Negalima jos tiesiog i\u0161traukti!<\/p>\n<p><strong>Pastaba apie Terra nidum:<\/strong> Nat\u016brali spalva gali b\u016bti nuo sm\u0117lio \/ sm\u0117lio spalvos iki \u0161viesiai rudos. Spalva neturi \u012ftakos kokybei.<br \/>\nD\u0117l gamybos proceso matmenys gali skirtis +\/- 1 mm.<\/p>\n<p><strong>Pastaba d\u0117l blan\u0161iruot\u0173 vik\u0161r\u0173:<\/strong><br \/>\nM\u016bs\u0173 \"Cricket Jam\" - tai paprastas b\u016bdas apr\u016bpinti skruzd\u0117les \u0161vie\u017eiai konservuotu baltyminiu maistu, nemaitinant j\u0173 gyvais vabzd\u017eiais. Sud\u0117tyje esantys vik\u0161rai (Acheta domesticus) buvo \u0161velniai i\u0161virti, kad b\u016bt\u0173 i\u0161saugotos maistin\u0117s vert\u0117s, skonis ir aromatas. Be to, taip sumink\u0161tinamas chitininis vabzd\u017ei\u0173 apvalkalas, kad jis b\u016bt\u0173 lengviau vir\u0161kinamas. Kolageno baltym\u0173 jungtys suardomos, kad skruzd\u0117s gal\u0117t\u0173 juos geriau panaudoti. Konservuoti Acheta domesticus turi toki\u0105 pa\u010di\u0105 maistin\u0119 vert\u0119 kaip ir gyvi vik\u0161rai, ta\u010diau yra lengviau vir\u0161kinami.<\/p>\n<p>Blan\u0161iruoti vik\u0161rai netinka med\u017eioti skruzd\u017ei\u0173 r\u016b\u0161ims, kurioms reikalingas gyvas maistas (pvz., ponerin\u0117ms (did\u017eiosioms skruzd\u0117ms), tokioms kaip Harpegnathos arba Odontomachus).<\/p>\n<p><strong>Kiti privalumai:<\/strong><br \/>\nGarantuotai be erki\u0173<br \/>\nGalima dalyti porcijomis<br \/>\nSterilizuota ir i\u0161siurbta<br \/>\nBe pried\u0173<br \/>\nVik\u0161rai i\u0161 tvaraus ekologinio veisimo, maitinami organin\u0117mis atliekomis<\/p>\n<p><strong>Atkreipkite d\u0117mes\u012f:<\/strong><br \/>\nAtidarius galima laikyti \u0161aldytuve apie keturias dienas. Ilgiau galioja u\u017e\u0161ald\u017eius.<\/p>\n<\/div>","protected":false},"excerpt":{"rendered":"<p>Si\u016blomas paketas, kur\u012f sudaro Messor arenarius skruzd\u0117li\u0173 kolonija (motin\u0117l\u0117 + 5-10 darbininki\u0173 + jaunikliai), startinis rinkinys skruzd\u0117l\u0117ms kombaininink\u0117ms L Popcorn su 3x formikariumo pagalv\u0117l\u0117mis ir stiklainiu m\u016bs\u0173 speciali\u0173 blan\u0161iruot\u0173 vik\u0161r\u0173 (dr\u0117gni baltymai). Tik iki atsarg\u0173 pabaigos. Viskas, ko reikia norint s\u0117kmingai laikyti Messor arenarius \u0160iame rinkinyje yra viskas, ko reikia","protected":false},"featured_media":10873,"comment_status":"open","ping_status":"closed","template":"","meta":{"_acf_changed":false,"content-type":"","_monsterinsights_skip_tracking":false,"_monsterinsights_sitenote_active":false,"_monsterinsights_sitenote_note":"","_monsterinsights_sitenote_category":0},"product_brand":[],"product_cat":[355,344,353,73],"product_tag":[],"class_list":{"0":"post-5935","1":"product","2":"type-product","3":"status-publish","4":"has-post-thumbnail","6":"product_cat-bundle-offers","7":"product_cat-popcorn","8":"product_cat-starter-sets-for-harvester-ants","9":"product_cat-starter-sets","11":"first","12":"outofstock","13":"taxable","14":"shipping-taxable","15":"purchasable","16":"product-type-simple"},"acf":[],"aioseo_notices":[],"jetpack_sharing_enabled":true,"_links":{"self":[{"href":"https:\/\/antcube.shop\/lt\/wp-json\/wp\/v2\/product\/5935","targetHints":{"allow":["GET"]}}],"collection":[{"href":"https:\/\/antcube.shop\/lt\/wp-json\/wp\/v2\/product"}],"about":[{"href":"https:\/\/antcube.shop\/lt\/wp-json\/wp\/v2\/types\/product"}],"replies":[{"embeddable":true,"href":"https:\/\/antcube.shop\/lt\/wp-json\/wp\/v2\/comments?post=5935"}],"wp:featuredmedia":[{"embeddable":true,"href":"https:\/\/antcube.shop\/lt\/wp-json\/wp\/v2\/media\/10873"}],"wp:attachment":[{"href":"https:\/\/antcube.shop\/lt\/wp-json\/wp\/v2\/media?parent=5935"}],"wp:term":[{"taxonomy":"product_brand","embeddable":true,"href":"https:\/\/antcube.shop\/lt\/wp-json\/wp\/v2\/product_brand?post=5935"},{"taxonomy":"product_cat","embeddable":true,"href":"https:\/\/antcube.shop\/lt\/wp-json\/wp\/v2\/product_cat?post=5935"},{"taxonomy":"product_tag","embeddable":true,"href":"https:\/\/antcube.shop\/lt\/wp-json\/wp\/v2\/product_tag?post=5935"}],"curies":[{"name":"wp","href":"https:\/\/api.w.org\/{rel}","templated":true}]}}