{"id":5475,"date":"2023-02-10T13:18:16","date_gmt":"2023-02-10T12:18:16","guid":{"rendered":"https:\/\/antcube.shop\/produkt\/popcorn-nest-20x20-l\/"},"modified":"2026-03-09T17:50:04","modified_gmt":"2026-03-09T16:50:04","slug":"popcorn-nest-20x20-l","status":"publish","type":"product","link":"https:\/\/antcube.shop\/lt\/produktas\/popcorn-nest-20x20-l\/","title":{"rendered":"Popkorn\u0173 lizdas 20\u00d720 - L"},"content":{"rendered":"<p><strong>Matmenys:<\/strong> 184 x 160 x 18 mm<\/p>\n<p><strong>Med\u017eiaga:<\/strong> popkornai, presuoti su sacharoze ir baltymais<\/p>\n<p><strong>Tinka tik<\/strong> m\u016bs\u0173 skruzd\u0117lyn\u0173 dydis <strong>L<\/strong><\/p>\n<p><strong>Apra\u0161ymas:<\/strong> \u0160is popkorn\u0173 lizdas su surenkamais pra\u0117jimais ir kameromis puikiai tinka kaip gr\u016bd\u0173 kamera, pavyzd\u017eiui, Messor skruzd\u0117l\u0117ms, taip pat kitoms gr\u016bdus renkan\u010dioms skruzd\u0117li\u0173 r\u016b\u0161ims. Jame yra skylut\u0117, per kuri\u0105 galima patekti \u012f lizd\u0105. Popkorn\u0173 lizdas sugeria dr\u0117gm\u0119 ir d\u0117l to gali i\u0161sipl\u0117sti, tod\u0117l<strong> j\u012f tikrai reik\u0117t\u0173 laikyti sausai.<\/strong>. Messor barbarus labai gerai priima m\u016bs\u0173 ANTCUBE Popcorn Nest kaip gr\u016bd\u0173 kamer\u0105. Laikui b\u0117gant skruzd\u0117l\u0117s prad\u0117s pl\u0117sti popkorn\u0173 lizd\u0105 ir \u0117sdami i\u0161grau\u0161 lizdo med\u017eiag\u0105.<\/p>\n<p>\"Popcorn Nest\" tur\u0117t\u0173 b\u016bti naudojamas tik toms skruzd\u0117li\u0173 r\u016b\u0161ims, kurioms reikia labai ma\u017eai arba visai nereikia dr\u0117gm\u0117s lizdo zonoje.<\/p>","protected":false},"excerpt":{"rendered":"<p>Matmenys: 184 x 160 x 18 mm Med\u017eiaga: popkornai, presuoti su sacharoze ir baltymais Tinka tik m\u016bs\u0173 skruzd\u0117lynuose, L dydis Apra\u0161ymas: \u0160is popkorn\u0173 lizdas su surenkamais pra\u0117jimais ir kameromis puikiai tinka kaip gr\u016bd\u0173 kamera, pavyzd\u017eiui, Messor skruzd\u0117l\u0117ms, taip pat kitoms gr\u016bdus renkan\u010dioms skruzd\u0117li\u0173 r\u016b\u0161ims. Jame yra skylut\u0117 kaip lizdas","protected":false},"featured_media":5459,"comment_status":"open","ping_status":"closed","template":"","meta":{"_acf_changed":false,"content-type":"","_monsterinsights_skip_tracking":false,"_monsterinsights_sitenote_active":false,"_monsterinsights_sitenote_note":"","_monsterinsights_sitenote_category":0},"product_brand":[],"product_cat":[257,344,87],"product_tag":[],"class_list":{"0":"post-5475","1":"product","2":"type-product","3":"status-publish","4":"has-post-thumbnail","6":"product_cat-new-innovatve-products","7":"product_cat-popcorn","8":"product_cat-nest-insets","10":"first","11":"instock","12":"taxable","13":"shipping-taxable","14":"purchasable","15":"product-type-simple"},"acf":[],"aioseo_notices":[],"jetpack_sharing_enabled":true,"_links":{"self":[{"href":"https:\/\/antcube.shop\/lt\/wp-json\/wp\/v2\/product\/5475","targetHints":{"allow":["GET"]}}],"collection":[{"href":"https:\/\/antcube.shop\/lt\/wp-json\/wp\/v2\/product"}],"about":[{"href":"https:\/\/antcube.shop\/lt\/wp-json\/wp\/v2\/types\/product"}],"replies":[{"embeddable":true,"href":"https:\/\/antcube.shop\/lt\/wp-json\/wp\/v2\/comments?post=5475"}],"wp:featuredmedia":[{"embeddable":true,"href":"https:\/\/antcube.shop\/lt\/wp-json\/wp\/v2\/media\/5459"}],"wp:attachment":[{"href":"https:\/\/antcube.shop\/lt\/wp-json\/wp\/v2\/media?parent=5475"}],"wp:term":[{"taxonomy":"product_brand","embeddable":true,"href":"https:\/\/antcube.shop\/lt\/wp-json\/wp\/v2\/product_brand?post=5475"},{"taxonomy":"product_cat","embeddable":true,"href":"https:\/\/antcube.shop\/lt\/wp-json\/wp\/v2\/product_cat?post=5475"},{"taxonomy":"product_tag","embeddable":true,"href":"https:\/\/antcube.shop\/lt\/wp-json\/wp\/v2\/product_tag?post=5475"}],"curies":[{"name":"wp","href":"https:\/\/api.w.org\/{rel}","templated":true}]}}