{"id":5380,"date":"2023-02-01T17:57:19","date_gmt":"2023-02-01T16:57:19","guid":{"rendered":"https:\/\/antcube.shop\/produkt\/bundle-offer-lasius-niger\/"},"modified":"2026-04-11T23:38:06","modified_gmt":"2026-04-11T21:38:06","slug":"paketas-pasiulymas-lasius-niger","status":"publish","type":"product","link":"https:\/\/antcube.shop\/lt\/produktas\/paketas-pasiulymas-lasius-niger\/","title":{"rendered":"Paketo pasi\u016blymas - Lasius niger"},"content":{"rendered":"<p><span data-text-color=\"secondary\"><strong>Komplekt\u0105 sudaro Lasius niger skruzd\u0117li\u0173 kolonija (motin\u0117l\u0117 + 26-50 darbinink\u0173 + jaunikliai), pradinis rinkinys \"Combi M\" su apsauginiu r\u0117mu, 50 mm tinklelio \u012fd\u0117klu, 20x20 cm formikariumo dugnu, 20 ml skaidriu gertuv\u0117liu - kempin\u0117le, 10 g speciali\u0173 neskaldyt\u0173 blan\u0161iruot\u0173 vik\u0161r\u0173 (dr\u0117gni baltymai) ir 10 ml medaus rasos mi\u0161inio papildymo pakuote.<\/strong><\/span><\/p>\n<p><span data-text-color=\"alert\"><strong>Tik kol yra atsarg\u0173.<\/strong><\/span><\/p>\n<p><strong>Viskas, ko reikia Lasius niger skruzd\u0117li\u0173 kolonijai<\/strong><br \/>\n\u0160iame rinkinyje yra viskas, ko reikia, kad Lasius niger kolonija s\u0117kmingai augt\u0173 kelis pirmuosius m\u0117nesius. J\u012f galima lanks\u010diai pl\u0117sti ir jis ai\u0161kiai tinka pradedantiesiems skruzd\u0117li\u0173 augintojams.<\/p>\n<p>Skruzd\u0117li\u0173 r\u016b\u0161is Lasius niger Lasius niger, dar vadinama \"juod\u0105ja skruzd\u0117le\", yra viena populiariausi\u0173 r\u016b\u0161i\u0173 pradedantiesiems skruzd\u0117lyno augintojams. Tai viena i\u0161 ma\u017e\u0173 ir vidutinio dyd\u017eio skruzd\u0117li\u0173, labai taupi. Ji pla\u010diai paplitusi visoje Europoje, ta\u010diau taip pat aptinkama Azijoje, Afrikoje ir \u0160iaur\u0117s Amerikoje.<\/p>\n<p><strong>Lasius niger maistas<\/strong><br \/>\nLaukin\u0117je gamtoje Lasius niger da\u017enai laiko amarus, kad surinkt\u0173 j\u0173 medaus ras\u0105, gaminam\u0105 i\u0161 augal\u0173 sul\u010di\u0173. Taip jie juos saugo ir net perne\u0161a \u012f jaunus \u016bglius.<br \/>\nFormikariume \u012f vaz\u0105 galite tiesiog \u012fd\u0117ti kelet\u0105 u\u017ekr\u0117st\u0173 \u0161akeli\u0173 (pvz., ro\u017ei\u0173, \u0161eivamed\u017eio uog\u0173, serbent\u0173) ir steb\u0117ti, kaip gyv\u016bnai jas doroja. Formikariume geriausia duoti medaus tirpalo ir baltyminio maisto (gyv\u0173 smulki\u0173 vabzd\u017ei\u0173 arba d\u017eiovinto baltyminio maisto).<\/p>\n<p><strong>Lasius niger hibernacija<\/strong><br \/>\nLasius niger \u017eiemoja ma\u017edaug nuo spalio pabaigos iki kovo pabaigos 5-8 laipsni\u0173 temperat\u016broje. Vis\u0105 formikarium\u0105 galite tiesiog pastatyti \u012f v\u0117si\u0105 patalp\u0105 arba (jei formikariumas turi i\u0161imam\u0105 lizdo \u012fd\u0117kl\u0105) \u012fd\u0117ti lizdo \u012fd\u0117kl\u0105 \u012f \u0161aldytuv\u0105, pvz. Ta\u010diau reik\u0117t\u0173 pasir\u016bpinti, kad skruzd\u0117l\u0117s neb\u016bt\u0173 veikiamos \u017eemesn\u0117s nei 0 laipsni\u0173 temperat\u016bros, nes formikariume jos niekada n\u0117ra taip gerai apsaugotos nuo \u0161al\u010dio, kaip gamtoje. Taip pat yra prane\u0161im\u0173 i\u0161 augintoj\u0173, kurie Lasius niger laiko be \u017eiemos miego. Ta\u010diau d\u0117l to gali sutrump\u0117ti kolonijos gyvenimo trukm\u0117 arba sul\u0117t\u0117ti jaunikli\u0173 vystymasis. \u017diemos miego metu gyv\u016bn\u0173 nereikia \u0161erti arba, jei reikia, \u0161eriama labai ma\u017eai. Ta\u010diau tur\u0117tum\u0117te reguliariai tikrinti dr\u0117gm\u0119 ir saugotis pel\u0117sio!<\/p>\n<p><strong>Turinys:<\/strong><\/p>\n<p>1x Lasius niger (motin\u0117l\u0117 + 26-50 darbinink\u0173 + jaunikliai)<br \/>\n1x \"Cricket Jam\" 25g<br \/>\n1x Honeydew honey 10ml refill pack<\/p>\n<p>1x ANTCUBE - Arena 20x20x20 - Combi M<br \/>\n1x skruzd\u0117lyno dangtis 20\u00d720<br \/>\n4x arenos dang\u010dio tvirtinimo ta\u0161kas<br \/>\n1x skruzd\u0117lyno r\u0117mas 20\u00d720<br \/>\n1x pad for formicariums &#8211; 20x20cm<\/p>\n<p>2x grid insert &#8211; 50mm<br \/>\n2x grid insert &#8211; 27mm<br \/>\n1x ANTCUBE - Digfix plok\u0161tel\u0117 20\u00d720 - M<br \/>\n1x soil &#8211; Sand-loam red &#8211; 200g<\/p>\n<p>1x Foil thermometer display<br \/>\n1x drinking clear 5ml &#8211; sponge<br \/>\n1x gertuv\u0117 2ml - 360 laipsni\u0173<br \/>\n1x Feeding dish white rectangle &#8211; 3 compartments<br \/>\n1x Rankinis didinamasis stiklas - 2x - 30 mm<br \/>\n1x Transparent plastic tweezers<br \/>\n1x pincetas spyruoklinis plienas - platus - mink\u0161tas<br \/>\n1x Plastikin\u0117 3 ml pipet\u0117<br \/>\n1x apsaugos nuo skruzd\u0117li\u0173 aliejus 10ml<br \/>\n1x Foam wiper 150x18x2.5mm<\/p>\n<p><strong>Apra\u0161ymas:<\/strong><br \/>\n\u0160is \"Combi\" pradinis rinkinys tinka daugumai skruzd\u0117li\u0173 r\u016b\u0161i\u0173, kurios suka lizdus \u017eem\u0117je.<br \/>\nRinkinys yra labai kompakti\u0161kas, o \u012f j\u012f \u012ftraukt\u0173 pried\u0173 kiekis suma\u017eintas iki b\u016btiniausi\u0173.<br \/>\nTod\u0117l tai nebrangus rinkinys, pagamintas i\u0161 auk\u0161tos kokyb\u0117s med\u017eiag\u0173, kuris idealiai tinka pradedant laikyti skruzd\u0117lyn\u0105.<br \/>\nPrid\u0117tas sm\u0117lio - molio sm\u0117lio spalvos substratas yra gerai priimtinas daugeliui lizdus kasan\u010di\u0173 skruzd\u0117li\u0173 r\u016b\u0161i\u0173.<\/p>\n<p>Ta\u010diau arenos lizd\u0173 zonoje galima d\u0117ti ir kitokio dirvo\u017eemio substrato arba lizd\u0173 \u012fd\u0117kl\u0173.<br \/>\nKit\u0173 nauding\u0173 pried\u0173 rasite pasi\u016blym\u0173 skiltyje (\u017er. toliau).<\/p>\n<p><strong>Rekomendacija:<\/strong> Rekomenduojame 2 mm auk\u0161\u010dio substrato sluoksn\u012f, kad gyv\u016bnai negal\u0117t\u0173 \u012fl\u012fsti \u012f aren\u0105, o naudot\u0173si tam skirta ferma. Taip pat rekomenduojame fermoje esan\u010di\u0105 lizdin\u0119 med\u017eiag\u0105 (sm\u0117l\u012f\/sm\u0117l\u012f, Digfix ir kt.) vienoje vietoje lengvai pabadyti, kad gyv\u016bnams b\u016bt\u0173 lengviau kasti.<\/p>\n<p><strong>Svarbu:<\/strong> Prie\u0161 naudodami sudr\u0117kinkite dykumos substrat\u0105, kad mi\u0161inys gal\u0117t\u0173 sukibti ir tvirtai \u012fsitvirtinti skruzd\u0117lyne. Be to, sausas ir dulk\u0117tas substratas gali u\u017ekim\u0161ti skruzd\u017ei\u0173 kv\u0117pavimo takus, o blogiausiu atveju gyv\u016bnai gali u\u017edusti.<\/p>\n<p><strong>Pastaba:<\/strong><br \/>\nJei naudojate m\u016bs\u0173 lizd\u0173 \u012fd\u0117klus, atkreipkite d\u0117mes\u012f, kad jie yra 8 mm siauresni, nes i\u0161 prad\u017ei\u0173 buvo sukurti siauresniems skruzd\u0117lyn\u0173 ir aren\u0173 \u012fd\u0117klams! Tokiu atveju tarp\u0105 tarp j\u0173 reik\u0117t\u0173 u\u017epildyti u\u017epildymo med\u017eiaga, pavyzd\u017eiui, tinku arba moliu.<\/p>\n<p><strong>Pastabos apie gamyb\u0105<\/strong><br \/>\nStiklas pjaustomas pagal DIN 1249, leistina paklaida +\/- 1 mm. Itin ma\u017eoms skruzd\u0117li\u0173 r\u016b\u0161ims b\u016btina papildoma apsauga nuo i\u0161tr\u016bkimo.<\/p>\n<p><strong>Instrukcijos: <\/strong>(2023 m. versija, atnaujinta 2024 m. versija bus pateikta ne v\u0117liau kaip 2024 m. baland\u017eio m\u0117n.)<strong><br \/>\n<\/strong><\/p>\n<p>- DE<a href=\"https:\/\/www.antstore.net\/shop\/images\/info\/de\/Gebrauchsanweisung%20Starter%20Set%20Combi.pdf\"> Gebrauchsanweisung Starter Set Combi<\/a> (PDF 7,98 MB)<\/p>\n<p>- LT<a href=\"https:\/\/www.antstore.net\/shop\/images\/info\/en\/Instructions%20for%20use%20-%20Starter%20Set%20Combi.pdf\"> Naudojimo instrukcija - \"Starter Set Combi<\/a> (PDF 7,94 MB)<\/p>\n<p>- ES<a href=\"https:\/\/www.antstore.net\/shop\/images\/info\/es\/Manual%20de%20instrucciones%20-%20Set%20de%20inicio%20Combi.pdf\"> Instrukcij\u0173 vadovas - Combi rinkinys<\/a> (PDF 7,94 MB)<\/p>\n<p>- FR<a href=\"https:\/\/www.antstore.net\/shop\/images\/info\/fr\/Manuel%20d'instruction%20-%20Kit%20de%20d%C3%A9marrage%20Combi.pdf\"> Instrukcijos instrukcija - Combi derinimo rinkinys<\/a> (PDF 7,95 MB)<\/p>\n<p><strong>Pastabos apie kriketo uogien\u0119:<\/strong><br \/>\nM\u016bs\u0173 \"Cricket Jam\" - tai paprastas b\u016bdas apr\u016bpinti skruzd\u0117les \u0161vie\u017eiai konservuotu baltyminiu maistu, nemaitinant j\u0173 gyvais vabzd\u017eiais. Sud\u0117tyje esantys vik\u0161rai (Acheta domesticus) buvo \u0161velniai i\u0161virti, kad b\u016bt\u0173 i\u0161saugotos maistin\u0117s vert\u0117s, skonis ir aromatas. Be to, taip sumink\u0161tinamas chitininis vabzd\u017ei\u0173 apvalkalas, kad jis b\u016bt\u0173 lengviau vir\u0161kinamas. Kolageno baltym\u0173 jungtys suardomos, kad skruzd\u0117s gal\u0117t\u0173 juos geriau panaudoti. Konservuoti Acheta domesticus turi toki\u0105 pa\u010di\u0105 maistin\u0119 vert\u0119 kaip ir gyvi vik\u0161rai, ta\u010diau yra lengviau vir\u0161kinami.<\/p>\n<p>\"Cricket Jam\" netinka med\u017eioti skruzd\u017ei\u0173 r\u016b\u0161ims, kurioms reikia gyvo maisto (pvz., did\u017eiosioms skruzd\u0117l\u0117ms, tokioms kaip Harpegnathos arba Odontomachus).<\/p>\n<p><strong>Kiti privalumai:<\/strong><br \/>\nGarantuotai be erki\u0173<br \/>\nGalima dalyti porcijomis ir skiesti vandeniu<br \/>\nSterilizuota ir supakuota vakuume<br \/>\nBe pried\u0173<br \/>\nVik\u0161rai i\u0161 tvaraus ekologinio veisimo, maitinami organin\u0117mis atliekomis<\/p>\n<p><strong>Pastaba:<\/strong><br \/>\nAtidarius galima laikyti \u0161aldytuve apie keturias dienas. Ilgiau galioja u\u017e\u0161ald\u017eius.<br \/>\nD\u0117mesio: Pirmiausia suvalgykite porcij\u0105, tada u\u017e\u0161aldykite.<\/p>\n<p><strong>Pastaba apie medaus rie\u0161utus:<\/strong><br \/>\nTurinys: 10 ml<br \/>\nTai nat\u016bralus produktas, kur\u012f po ilg\u0173 bandym\u0173 laboratorijoje patobulinome ir suk\u016br\u0117me skruzd\u0117l\u0117ms puikiai priimtin\u0105 maist\u0105. Prie\u017eastis ta, kad neapdorotas medune\u0161io medus savo koncentruota pradine forma n\u0117ra gerai priimamas skruzd\u017ei\u0173 ir j\u0173 med\u017eiag\u0173 apykaitos.<br \/>\nM\u016bs\u0173 medune\u0161is surinktas neu\u017eter\u0161tuose laukiniuose Bulgarijos kaln\u0173 mi\u0161kuose. Medune\u0161is u\u017eauga labai trumpam, ma\u017edaug dviem m\u0117nesiams vasar\u0105. Tod\u0117l jis yra labai retas. D\u0117l specifini\u0173 mi\u0161k\u0173 dirvo\u017eemio savybi\u0173 ir klimato med\u017ei\u0173 lapuose kaupiasi b\u016btinos maistin\u0117s med\u017eiagos, kurias pasisavina amarai. B\u016btent d\u0117l to \u0161is medune\u0161io mi\u0161inys yra toks geid\u017eiamas skruzd\u0117l\u0117ms.<\/p>\n<p><strong>Taikymas:<\/strong><br \/>\nMaisto kiek\u012f reikia suvartoti ma\u017edaug per 3 dienas.<\/p>\n<p><strong>Apra\u0161ymas:<\/strong><br \/>\nMedune\u0161is, kitaip nei g\u0117li\u0173 medus, gaunamas i\u0161 vabzd\u017ei\u0173, kurie \u010diulpia augalus, pavyzd\u017eiui, amar\u0173, i\u0161skyr\u0173. Medune\u0161is yra populiarus daugelio vabzd\u017ei\u0173, pavyzd\u017eiui, skruzd\u0117li\u0173, bi\u010di\u0173 ir kamani\u0173, maisto \u0161altinis. Bit\u0117s ir kaman\u0117s j\u012f lai\u017eo nuo \u012fvairi\u0173 med\u017ei\u0173 lap\u0173 ar spygli\u0173. Skruzd\u0117l\u0117s, pavyzd\u017eiui, Lasius niger, tiesiog saugo amarus. Jos net gina juos nuo pl\u0117\u0161r\u016bn\u0173 ir perne\u0161a \u012f \u0161vie\u017eius \u016bglius.<\/p>\n<p>Medaus ras\u0105 skruzd\u0117s ypa\u010d m\u0117gsta d\u0117l kiek kitoki\u0173 sudedam\u0173j\u0173 dali\u0173. Pagrindiniai medune\u0161io cukr\u016bs yra sacharoz\u0117 ir fruktoz\u0117, ta\u010diau ma\u017eesniais kiekiais yra ir maltoz\u0117s, trehaloz\u0117s, melezitoz\u0117s, rafinoz\u0117s bei kit\u0173 oligosacharid\u0173. Be cukraus ir vandens, meduje taip pat yra nepakei\u010diam\u0173j\u0173 aminor\u016bg\u0161\u010di\u0173, mineral\u0173, mikroelement\u0173, adenozin\u0173, fosfat\u0173 ir kit\u0173 sudedam\u0173j\u0173 dali\u0173, pavyzd\u017eiui, vitamin\u0173.<\/p>\n<p><strong>Naudojimas:<\/strong><br \/>\nMedumi mintan\u010di\u0173 skruzd\u0117li\u0173 (Meliphagidae) r\u016b\u0161ims<br \/>\nTai papildomas pa\u0161aras<br \/>\nJis gali b\u016bti tiekiamas gyv\u016bnams. Kadangi d\u0117l dr\u0117gm\u0117s suma\u017e\u0117ja cukraus koncentracija ir prasideda fermentacijos procesas, pa\u0161ar\u0105 reikia keisti kas 3 dienas. Prie\u0161 pakartotinai naudodami kruop\u0161\u010diai i\u0161valykite \u0161\u0117rimo duben\u0117l\u012f ir (arba) m\u0117gintuv\u0117l\u012f.<br \/>\nAtidaryt\u0105 pakuot\u0119 reikia laikyti sandariai u\u017edaryt\u0105 iki tinkamumo vartoti termino pabaigos.<\/p>\n<p><strong>Maistingumo informacija 100 g:<\/strong><br \/>\napie 2,7 % riebal\u0173<br \/>\ni\u0161 kuri\u0173 prisotinta apie 0,45 %<br \/>\napie 95 % angliavandeni\u0173<br \/>\ni\u0161 kuri\u0173 apie 71 proc. sudaro cukrus<br \/>\napie 2,85% baltym\u0173<br \/>\nMineralin\u0117s med\u017eiagos (kalis, kalcis, varis, gele\u017eis, natris, magnis, fosforas, cinkas ir kiti mikroelementai) Aminor\u016bg\u0161tys (prolinas, leucinas, fenilalaninas, alaninas, histidinas, izoleucinas, glutamo r\u016bg\u0161tis, argininas, asparagino r\u016bg\u0161tis ir kt.) Organin\u0117s r\u016bg\u0161tys Fermentai (fermentai) Aromatai Inhibitoriai (antibakterin\u0117s med\u017eiagos) G\u0117l\u0117s \u017diedadulk\u0117s<\/p>\n<p><strong>Saugojimas:<\/strong><br \/>\nKad pa\u0161arai b\u016bt\u0173 kokybi\u0161ki, juos reikia laikyti tamsioje ir sausoje vietoje.<\/p>\n<p><strong>Pastaba:<\/strong><br \/>\nPapildomas medumi mintan\u010di\u0173 skruzd\u0117li\u0173 pa\u0161aras.<br \/>\nSud\u0117t\u012f, analitines sudedam\u0105sias dalis, tinkamumo vartoti termin\u0105 ir partijos numer\u012f rasite pakuot\u0117s lapelyje.<\/p>\n<p>Informacijos telefono linija +49 30 439703870<\/p>\n<p>Atsakinga veterinarijos ir maisto inspekcija:<br \/>\nSteglitzo veterinarijos biuras<br \/>\nK\u00f6nigin-Luise-Str. 92<br \/>\n14195 Berlynas<\/p>","protected":false},"excerpt":{"rendered":"<p>Dydis: M<\/p>","protected":false},"featured_media":7115,"comment_status":"open","ping_status":"closed","template":"","meta":{"_acf_changed":false,"content-type":"","_monsterinsights_skip_tracking":false,"_monsterinsights_sitenote_active":false,"_monsterinsights_sitenote_note":"","_monsterinsights_sitenote_category":0},"product_brand":[],"product_cat":[355,73,78],"product_tag":[],"class_list":{"0":"post-5380","1":"product","2":"type-product","3":"status-publish","4":"has-post-thumbnail","6":"product_cat-bundle-offers","7":"product_cat-starter-sets","8":"product_cat-starter-sets-combi","10":"first","11":"instock","12":"taxable","13":"shipping-taxable","14":"purchasable","15":"product-type-simple"},"acf":[],"aioseo_notices":[],"jetpack_sharing_enabled":true,"_links":{"self":[{"href":"https:\/\/antcube.shop\/lt\/wp-json\/wp\/v2\/product\/5380","targetHints":{"allow":["GET"]}}],"collection":[{"href":"https:\/\/antcube.shop\/lt\/wp-json\/wp\/v2\/product"}],"about":[{"href":"https:\/\/antcube.shop\/lt\/wp-json\/wp\/v2\/types\/product"}],"replies":[{"embeddable":true,"href":"https:\/\/antcube.shop\/lt\/wp-json\/wp\/v2\/comments?post=5380"}],"wp:featuredmedia":[{"embeddable":true,"href":"https:\/\/antcube.shop\/lt\/wp-json\/wp\/v2\/media\/7115"}],"wp:attachment":[{"href":"https:\/\/antcube.shop\/lt\/wp-json\/wp\/v2\/media?parent=5380"}],"wp:term":[{"taxonomy":"product_brand","embeddable":true,"href":"https:\/\/antcube.shop\/lt\/wp-json\/wp\/v2\/product_brand?post=5380"},{"taxonomy":"product_cat","embeddable":true,"href":"https:\/\/antcube.shop\/lt\/wp-json\/wp\/v2\/product_cat?post=5380"},{"taxonomy":"product_tag","embeddable":true,"href":"https:\/\/antcube.shop\/lt\/wp-json\/wp\/v2\/product_tag?post=5380"}],"curies":[{"name":"wp","href":"https:\/\/api.w.org\/{rel}","templated":true}]}}