{"id":5378,"date":"2023-02-01T17:48:16","date_gmt":"2023-02-01T16:48:16","guid":{"rendered":"https:\/\/antcube.shop\/produkt\/honigtau-mix-in-2ml-futterrohrchen-10-st\/"},"modified":"2026-03-30T19:04:28","modified_gmt":"2026-03-30T17:04:28","slug":"medaus-rasos-misinys-2ml-maitinimo-megintuveliuose","status":"publish","type":"product","link":"https:\/\/antcube.shop\/lt\/produktas\/medaus-rasos-misinys-2ml-maitinimo-megintuveliuose\/","title":{"rendered":"Medaus mi\u0161inys 2 ml talpos m\u0117gintuv\u0117liuose - 10 vnt."},"content":{"rendered":"<p><strong>Turinys:<\/strong> 10x 2 ml<\/p>\n<p>Tai nat\u016bralus produktas, kur\u012f po ilg\u0173 bandym\u0173 laboratorijoje patobulinome ir suk\u016br\u0117me skruzd\u0117l\u0117ms puikiai priimtin\u0105 maist\u0105. Prie\u017eastis ta, kad neapdorotas medune\u0161io medus savo koncentruota pradine forma n\u0117ra gerai priimamas skruzd\u017ei\u0173 ir j\u0173 med\u017eiag\u0173 apykaitos.<\/p>\n<p>M\u016bs\u0173 medune\u0161is surinktas neu\u017eter\u0161tuose laukiniuose Bulgarijos kaln\u0173 mi\u0161kuose. Medune\u0161is u\u017eauga tik labai ribot\u0105 laik\u0105, ma\u017edaug du m\u0117nesius vasar\u0105. Tod\u0117l jis yra labai retas. D\u0117l specifini\u0173 mi\u0161k\u0173 dirvo\u017eemio savybi\u0173 ir klimato med\u017ei\u0173 lapuose susikaup\u0117 egzistenci\u0161kai svarbi\u0173 maistini\u0173 med\u017eiag\u0173, kurias pasisavina amarai. B\u016btent d\u0117l to \u0161is medune\u0161io mi\u0161inys toks geid\u017eiamas skruzd\u0117l\u0117ms.<\/p>\n<p><strong>Taikymas:<\/strong><br \/>\nMaitinimo vamzdel\u012f galima vis\u0105 \u012fd\u0117ti \u012f formikarium\u0105, arba \u012fpilti ma\u017eesnius kiekius \u012f maitinimo duben\u0117l\u012f pagal poreik\u012f ir kolonijos dyd\u012f. Maisto kiekis tur\u0117t\u0173 b\u016bti suvartotas ma\u017edaug per 3 dienas.<\/p>\n<p><strong>Apra\u0161ymas:<\/strong><br \/>\nMedune\u0161is, kitaip nei g\u0117li\u0173 medus, gaunamas i\u0161 augalus \u010diulpian\u010di\u0173 vabzd\u017ei\u0173, pavyzd\u017eiui, amar\u0173, i\u0161skyr\u0173. Medune\u0161is yra m\u0117gstamas daugelio vabzd\u017ei\u0173, pavyzd\u017eiui, skruzd\u0117li\u0173, bi\u010di\u0173 ir net kamani\u0173, maisto \u0161altinis. Bit\u0117s ir kaman\u0117s j\u012f lai\u017eo nuo \u012fvairi\u0173 med\u017ei\u0173 lap\u0173 ar spygli\u0173. Skruzd\u0117l\u0117s, pavyzd\u017eiui, Lasius niger, reguliariai laiko amarus. Jos net gina juos nuo pl\u0117\u0161r\u016bn\u0173 ir perne\u0161a \u012f \u0161vie\u017eius \u016bglius.<\/p>\n<p>Medaus ras\u0105 skruzd\u0117s m\u0117gsta daugiausia d\u0117l \u0161iek tiek kitoki\u0173 sudedam\u0173j\u0173 dali\u0173. Pagrindiniai medune\u0161io cukr\u016bs yra sacharoz\u0117 ir fruktoz\u0117, ta\u010diau ma\u017eesniais kiekiais yra ir maltoz\u0117s, trehaloz\u0117s, melezitoz\u0117s, rafinoz\u0117s bei kit\u0173 oligosacharid\u0173. Be cukr\u0173 ir vandens, meduje taip pat yra egzistenci\u0161kai svarbi\u0173 aminor\u016bg\u0161\u010di\u0173, mineral\u0173, mikroelement\u0173, adenozino fosfat\u0173 ir kit\u0173 sudedam\u0173j\u0173 dali\u0173, pavyzd\u017eiui, vitamin\u0173.<\/p>\n<p><strong>Naudojimo b\u016bdai:<\/strong><br \/>\nMedumi mintan\u010di\u0173 skruzd\u0117li\u0173 (Meliphagidae) r\u016b\u0161ims.<br \/>\nTai papildomas pa\u0161aras (vienkartinis pa\u0161aras)<br \/>\nGyv\u016bnams gali b\u016bti si\u016blomas pristatytas. Kadangi d\u0117l dr\u0117gm\u0117s suma\u017e\u0117ja cukraus koncentracija ir prasideda fermentacijos procesas, pa\u0161ar\u0105 reikia keisti kas 3 dienas. Prie\u0161 pakartotinai naudodami kruop\u0161\u010diai i\u0161valykite \u0161\u0117rimo duben\u0117l\u012f ir (arba) m\u0117gintuv\u0117l\u012f.<br \/>\nAtidaryt\u0105 pakuot\u0119 reikia naudoti sandariai u\u017edaryt\u0105 iki nurodytos datos (geriausias iki).<\/p>\n<p><strong>Maistingumo informacija 100 g:<\/strong><br \/>\napie 2,7 % riebal\u0173<br \/>\ni\u0161 j\u0173 so\u010di\u0173j\u0173 apie 0,45 %<br \/>\napie 95 % angliavandeni\u0173<br \/>\ni\u0161 j\u0173 cukraus apie 71%<br \/>\napie 2,85% baltymas<\/p>\n<p>Mineralin\u0117s med\u017eiagos (kalis, kalcis, varis, gele\u017eis, natris, magnis, fosforas, cinkas ir kiti mikroelementai) Aminor\u016bg\u0161tys (prolinas, leucinas, fenilalaninas, alaninas, histidinas, izoleucinas, glutamo r\u016bg\u0161tis, argininas, asparagino r\u016bg\u0161tis ir kt.) Organin\u0117s r\u016bg\u0161tys Fermentai (fermentai) Aromatai Inhibitoriai (antibakterin\u0117s med\u017eiagos) G\u0117l\u0117s \u017diedadulk\u0117s<\/p>\n<p><strong>Saugojimas:<\/strong><br \/>\nkad pa\u0161aras b\u016bt\u0173 kokybi\u0161kas, jis turi b\u016bti laikomas tamsioje ir sausoje vietoje.<\/p>\n<p><strong>Prane\u0161imas:<\/strong><br \/>\nInformacijos apie tai, kaip naudoti maitinimo vamzdelius, rasite \u010dia: Nuoroda<br \/>\nPapildomas medumi mintan\u010di\u0173 skruzd\u0117li\u0173 pa\u0161aras.<br \/>\nSud\u0117t\u012f, analitines sudedam\u0105sias dalis, tinkamumo vartoti termin\u0105 ir partijos numer\u012f rasite pakuot\u0117s lapelyje.<\/p>\n<p>Informacijos kar\u0161toji linija +49 30 439703870<\/p>\n<p><strong>Atsakinga veterinarijos ir maisto prie\u017ei\u016bros institucija:<\/strong><br \/>\nSteglitzo veterinarijos biuras<br \/>\nK\u00f6nigin-Luise-Str. 92<br \/>\n14195 Berlynas<\/p>\n<p>&nbsp;<\/p>\n<div style=\"width: 1020px;\" class=\"wp-video\"><video class=\"wp-video-shortcode\" id=\"video-5378-1\" width=\"1020\" height=\"1813\" preload=\"metadata\" controls=\"controls\"><source type=\"video\/mp4\" src=\"https:\/\/antcube.shop\/wp-content\/uploads\/2024\/04\/black-ant_ein-shot_aphids-.mp4?_=1\" \/><a href=\"https:\/\/antcube.shop\/wp-content\/uploads\/2024\/04\/black-ant_ein-shot_aphids-.mp4\">https:\/\/antcube.shop\/wp-content\/uploads\/2024\/04\/black-ant_ein-shot_aphids-.mp4<\/a><\/video><\/div>","protected":false},"excerpt":{"rendered":"<p>Papildomas maistas<\/p>","protected":false},"featured_media":5385,"comment_status":"open","ping_status":"closed","template":"","meta":{"_acf_changed":false,"content-type":"","_monsterinsights_skip_tracking":false,"_monsterinsights_sitenote_active":false,"_monsterinsights_sitenote_note":"","_monsterinsights_sitenote_category":0},"product_brand":[],"product_cat":[257,115,116],"product_tag":[],"class_list":{"0":"post-5378","1":"product","2":"type-product","3":"status-publish","4":"has-post-thumbnail","6":"product_cat-new-innovatve-products","7":"product_cat-food-and-feeding","8":"product_cat-food","10":"first","11":"instock","12":"taxable","13":"shipping-taxable","14":"purchasable","15":"product-type-simple"},"acf":[],"aioseo_notices":[],"jetpack_sharing_enabled":true,"_links":{"self":[{"href":"https:\/\/antcube.shop\/lt\/wp-json\/wp\/v2\/product\/5378","targetHints":{"allow":["GET"]}}],"collection":[{"href":"https:\/\/antcube.shop\/lt\/wp-json\/wp\/v2\/product"}],"about":[{"href":"https:\/\/antcube.shop\/lt\/wp-json\/wp\/v2\/types\/product"}],"replies":[{"embeddable":true,"href":"https:\/\/antcube.shop\/lt\/wp-json\/wp\/v2\/comments?post=5378"}],"wp:featuredmedia":[{"embeddable":true,"href":"https:\/\/antcube.shop\/lt\/wp-json\/wp\/v2\/media\/5385"}],"wp:attachment":[{"href":"https:\/\/antcube.shop\/lt\/wp-json\/wp\/v2\/media?parent=5378"}],"wp:term":[{"taxonomy":"product_brand","embeddable":true,"href":"https:\/\/antcube.shop\/lt\/wp-json\/wp\/v2\/product_brand?post=5378"},{"taxonomy":"product_cat","embeddable":true,"href":"https:\/\/antcube.shop\/lt\/wp-json\/wp\/v2\/product_cat?post=5378"},{"taxonomy":"product_tag","embeddable":true,"href":"https:\/\/antcube.shop\/lt\/wp-json\/wp\/v2\/product_tag?post=5378"}],"curies":[{"name":"wp","href":"https:\/\/api.w.org\/{rel}","templated":true}]}}