{"id":5347,"date":"2023-01-17T17:36:25","date_gmt":"2023-01-17T16:36:25","guid":{"rendered":"https:\/\/antcube.shop\/produkt\/bundle-offer-messor-barbarus\/"},"modified":"2026-04-22T14:54:38","modified_gmt":"2026-04-22T12:54:38","slug":"paketas-pasiulymas-messor-barbarus","status":"publish","type":"product","link":"https:\/\/antcube.shop\/lt\/produktas\/paketas-pasiulymas-messor-barbarus\/","title":{"rendered":"Paketo pasi\u016blymas - Messor barbarus"},"content":{"rendered":"<p><span data-text-color=\"secondary\"><strong>Si\u016blomas paketas, kur\u012f sudaro Messor barbarus skruzd\u0117li\u0173 kolonija (motin\u0117l\u0117 + 11-25 darbinink\u0117s + jaunikliai), pradinis Messor spec. rinkinys su 3x formikariumo kilim\u0117liais ir stiklainiu m\u016bs\u0173 speciali\u0173 blan\u0161iruot\u0173 vik\u0161r\u0173 10 g (dr\u0117gni baltymai).<\/strong><\/span><\/p>\n<p><span data-text-color=\"alert\"><strong>Tik kol yra atsarg\u0173.<\/strong><\/span><\/p>\n<p><strong>Viskas, ko reikia Messor barbarus skruzd\u0117li\u0173 kolonijai<\/strong><br \/>\n\u0160iame rinkinyje yra viskas, ko reikia norint s\u0117kmingai \u012fkurti Messor barbarus kolonij\u0105 per pirmuosius kelis m\u0117nesius. J\u012f galima lanks\u010diai pl\u0117sti ir jis ai\u0161kiai tinka pradedantiesiems skruzd\u0117li\u0173 augintojams.<\/p>\n<p><strong>Messor barbarus skruzd\u017ei\u0173 r\u016b\u0161ys:<\/strong><br \/>\nMessor barbarus yra ai\u0161kiai granivori\u0161ka (gr\u016bdus \u0117danti) Vidur\u017eemio j\u016bros regiono skruzd\u017ei\u0173 r\u016b\u0161is. Ji priklauso vadinamosioms skruzd\u0117l\u0117ms kombaininink\u0117ms ir yra viena i\u0161 pradedan\u010di\u0173j\u0173 skruzd\u0117li\u0173 augintoj\u0173 r\u016b\u0161i\u0173 d\u0117l palyginti paprast\u0173 reikalavim\u0173 klimatui ir maistui. D\u0117l savo spalvos ir susiformavusi\u0173 ma\u017e\u0173j\u0173, vidutini\u0173 ir did\u017ei\u0173j\u0173 darbinink\u0173 (ma\u017eesni\u0173 ir didesni\u0173) j\u0105 labai \u012fdomu steb\u0117ti.<\/p>\n<p><strong>Messor barbarus maistas<\/strong><br \/>\nLaukin\u0117je gamtoje Messor barbarus daugiausia minta gr\u016bdais, i\u0161 kuri\u0173 gamina skruzd\u017ei\u0173 duon\u0105, ta\u010diau mielai valgo ir sald\u017eius vaisius bei negyvus vabzd\u017eius. Messor barbarus did\u017ei\u0105j\u0105 dal\u012f dr\u0117gm\u0117s poreikio patenkina gr\u016bdais, o likusi\u0105 dal\u012f - vabzd\u017eiais. Formikariume galima duoti gr\u016bd\u0173 ir, jei reikia, medaus, baltyminio maisto, labai ma\u017e\u0173 vabzd\u017ei\u0173 arba \u017eel\u0117. Medaus vanduo priimamas tik tada, kai tr\u016bksta skys\u010di\u0173. Kadangi Messor r\u016b\u0161ys linkusios nardyti \u012f atvirus vandens \u0161altinius, jie visada turi b\u016bti u\u017edengti akmenimis arba sugerian\u010dia medvilne.<\/p>\n<p>Messor barbarus \u017eiemoja ma\u017edaug nuo lapkri\u010dio pabaigos iki vasario pabaigos. Ta\u010diau, skirtingai nei, pavyzd\u017eiui, Lasius niger, \u0161iuo laikotarpiu jo aktyvumas labai suma\u017e\u0117ja. \u017diemos miegui reik\u0117t\u0173 praleisti ma\u017edaug 15 \u00b0C temperat\u016broje, nes regionuose, i\u0161 kuri\u0173 kil\u0119s Messor barbarus, temperat\u016bra net ir \u017eiem\u0105 labai retai b\u016bna \u017eemesn\u0117. \u0160iam tikslui skruzd\u0117les galite tiesiog patalpinti \u012f ne\u0161ildom\u0105 patalp\u0105. Taip pat yra prane\u0161im\u0173 i\u0161 augintoj\u0173, kurie Messor barbarus laiko be \u017eiemos miego. Ta\u010diau d\u0117l to gali sutrump\u0117ti kolonijos gyvenimo trukm\u0117 arba sul\u0117t\u0117ti jaunikli\u0173 vystymasis. \u017diemos miego metu gyv\u016bnus reikia tik \u0161iek tiek maitinti. Ta\u010diau tur\u0117tum\u0117te reguliariai tikrinti dr\u0117gm\u0119 ir saugotis pel\u0117sio!<\/p>\n<p><strong>Messor barbarus formikariumas<\/strong><br \/>\nSkruzd\u0117l\u0117ms kombaininink\u0117ms reikia \u0161iek tiek dr\u0117gno lizdo, kuriame b\u016bt\u0173 laikomi jaunikliai, ir sauso lizdo, kuriame b\u016bt\u0173 laikomi surinkti gr\u016bdai (sauso, kad nesusidaryt\u0173 pel\u0117sis). Geriausiai tinka du atskiri lizdai, kurie yra m\u016bs\u0173 pradiniame rinkinyje. Toki\u0173 lizd\u0173 u\u017eteks ma\u017eiausiai 1-2 metams. Po to tiek lizdo, tiek arenos plotus reik\u0117t\u0173 prapl\u0117sti.<\/p>\n<p><strong>Optimalios Messor barbarus klimato s\u0105lygos yra \u0161ios:<\/strong><br \/>\nDr\u0117gm\u0117:<br \/>\nArena: Lizdo plotas: 30 - 50%: 50 - 70%<br \/>\nTemperat\u016bra:<br \/>\nArena: 25-30 \u00b0C Lizdo plotas: 21 - 26\u00b0C<\/p>\n<p>M\u016bs\u0173 \"Digfix\" yra tinkamiausia med\u017eiaga lizdams. Ji labai atspari dr\u0117gmei ir u\u017etikrina, kad vaizdas \u012f lizd\u0105, viduje esan\u010dias kameras ir pra\u0117jimus neb\u016bt\u0173 trikdomas substrato liku\u010di\u0173, kaip sm\u0117lio ir molio mi\u0161ini\u0173 atveju. D\u0117l stipri\u0173 \u017eandikauli\u0173 major\u0173 darbininkai ilgainiui be joki\u0173 problem\u0173 gali su\u0117sti ir Ytong. Tod\u0117l stikliniai lizdai su Digfix \u012fd\u0117klais yra geriausias ir saugiausias b\u016bdas Messor barbarus laikyti.<\/p>\n<p><strong>Turinys:<\/strong><\/p>\n<p>1x Messor barbarus (motin\u0117l\u0117 + 11-25 darbinink\u0173 + jaunikliai)<br \/>\n1x \"Cricket Jam\" 25g<br \/>\n1x Gr\u016bd\u0173 maistas minor 100g<br \/>\n1x pad for formicariums &#8211; 20x20cm<br \/>\n2x pad for formicariums &#8211; 20x6cm<\/p>\n<p>1x ANTCUBE - arena 20x20x10 - plok\u0161\u010dia<br \/>\n1x skruzd\u0117lyno r\u0117mas 20\u00d720<br \/>\n1x skruzd\u0117lyno dangtis 20\u00d720<br \/>\n4x arenos dang\u010dio tvirtinimo vieta<br \/>\n2x ANTCUBE - skruzd\u0117lynas - M - 20\u00d720 - vertikalus<\/p>\n<p>2x ANTCUBE - \"Digfix\" plok\u0161tel\u0117 20\u00d720 - M<br \/>\n1x 1 m ilgio skaidrus 14\/10 mm vamzdelis<br \/>\n2x ANTCUBE - Raudona folija 20\u00d720 - filtras<br \/>\n2x lipn\u016bs spaustukai - skaidr\u016bs 2 vnt.<br \/>\n1x substratas - dykuma - 1 kg<\/p>\n<p>2x grid insert &#8211; 50mm<br \/>\n1x grid insert &#8211; 27mm<br \/>\n1x tinklelio dangtelis - 10 mm - ner\u016bdijantis plienas<\/p>\n<p>1x bako \u017earnos jungtis 27-14,16,20 mm - skaidri<br \/>\n1x drinking clear 5ml &#8211; sponge<br \/>\n1x Feeding dish white rectangle &#8211; 3 compartments<br \/>\n1x Foil thermometer display<br \/>\n2x Foil thermometer farm<br \/>\n1x Apsauginis aliejus nuo skruzd\u017ei\u0173 10ml<br \/>\n1x Pincetas spyruoklinis plienas - platus - mink\u0161tas<br \/>\n1x Pincetas plastikinis skaidrus<br \/>\n1x plastikin\u0117 3 ml pipet\u0117<br \/>\n1x rankinis didinamasis stiklas - 2x - 30 mm<br \/>\n1x put\u0173 valytuvas 150x18x2,5 mm<br \/>\n1x nuotrauk\u0173 nugar\u0117l\u0117 - dykuma - 20\u00d710<\/p>\n<p><strong>Apra\u0161ymas Pradinis rinkinys:<\/strong><br \/>\n\u0160is pradinis rinkinys ypa\u010d tinka \u012fvairioms Messor genties r\u016b\u0161ims. Viena i\u0161 dviej\u0173 ferm\u0173 skirta s\u0117kloms ir skruzd\u0117li\u0173 duonai laikyti, tod\u0117l j\u0105 reikia laikyti visi\u0161kai sausoje vietoje, kad skruzd\u0117l\u0117s ten laikomos s\u0117klos ir (arba) gr\u016bdai nesudygt\u0173 arba nesupelyt\u0173.<br \/>\n\"Digfix\" plok\u0161teles galima \u012fd\u0117ti \u012f visi\u0161kai skaidrias fermas. Ta\u010diau taip pat galite naudoti \"Dirvo\u017eem\u012f - dykum\u0105\" fermoms u\u017epildyti. Jei reikia, per dangtyje esan\u010dias 50 mm skyles galima prijungti papildomus modulius, pavyzd\u017eiui, atskirai parduodamus r\u016bkiklius, ventiliatorius arba \u0161viestuvus. Arba \u012f pristatymo apimt\u012f \u012feina tinkami tinklelio \u012fd\u0117klai angoms u\u017edaryti. Jei pageidaujama, formikarium\u0105 galima eksploatuoti ir atvir\u0105, tiesiog pritvirtinus nuimam\u0105 r\u0117mel\u012f ir kra\u0161t\u0105 patepus apsaugine alyva nuo skruzd\u017ei\u0173.<\/p>\n<p><strong>Svarbu:<\/strong> Prie\u0161 naudodami sudr\u0117kinkite substrat\u0105, kad mi\u0161inys gal\u0117t\u0173 sukibti ir tvirtai \u012fsitvirtinti skruzd\u0117lyne. Be to, jei substratas bus per sausas ir dulk\u0117tas, skruzd\u017ei\u0173 kv\u0117pavimo takai gali u\u017esikim\u0161ti, o blogiausiu atveju gyv\u016bnai gali u\u017edusti.<\/p>\n<p><strong>Rekomendacija:<\/strong> Rekomenduojame 2 mm auk\u0161\u010dio substrato sluoksn\u012f, kad gyv\u016bnai negal\u0117t\u0173 \u012fl\u012fsti \u012f aren\u0105, o naudot\u0173si tam skirta ferma. Taip pat rekomenduojame fermoje esan\u010di\u0105 lizdin\u0119 med\u017eiag\u0105 (sm\u0117l\u012f\/sm\u0117l\u012f, Digfix ir kt.) vienoje vietoje lengvai pabadyti, kad gyv\u016bnams b\u016bt\u0173 lengviau kasti.<\/p>\n<p><strong>Pastabos apie gamyb\u0105<\/strong><br \/>\nStiklas pjaustomas pagal DIN 1249, leistina paklaida +\/- 1 mm. Itin ma\u017eoms skruzd\u0117li\u0173 r\u016b\u0161ims b\u016btina papildoma apsauga nuo i\u0161tr\u016bkimo.<\/p>\n<p><strong>Pastabos apie \u016bk\u012f<\/strong><br \/>\nPrijungdami arba nuimdami \u017earnas, atkreipkite d\u0117mes\u012f \u012f \u0161iuos dalykus:<br \/>\nJei vamzdel\u012f labai sunku pritvirtinti prie jungties lizdo, lizd\u0105 reikia lengvai patepti la\u0161eliu m\u016bs\u0173 apsaugin\u0117s alyvos arba milteli\u0173. Tuomet \u017earn\u0105 \u012f lizd\u0105 reikia \u012fstumti sukamaisiais arba prisukamaisiais judesiais, ne\u012ftempiant lizdo judesiais auk\u0161tyn ir \u017eemyn. Tas pats galioja ir nuimant \u017earnas nuo \u016bkio jungiamojo lizdo. Negalima jos tiesiog i\u0161traukti!<\/p>\n<p><strong>Pastaba d\u0117l \"Digfix\":<\/strong> Nat\u016brali spalva gali b\u016bti nuo \u017ealios\/pilkai rudos iki \u017eem\u0117s rudumo. Spalvos tonas neturi \u012ftakos kokybei.<\/p>\n<p><strong>Instrukcijos: <\/strong>(2023 m. versija, atnaujinta 2024 m. versija bus pateikta ne v\u0117liau kaip 2024 m. baland\u017eio m\u0117n.)<br \/>\n<span data-sheets-root=\"1\" data-sheets-value=\"{&quot;1&quot;:2,&quot;2&quot;:&quot;DE Gebrauchsanweisung Starter Set Ernteameisen (PDF 2,50 MB)&quot;}\" data-sheets-userformat=\"{&quot;2&quot;:513,&quot;3&quot;:{&quot;1&quot;:0},&quot;12&quot;:0}\" data-sheets-hyperlink=\"https:\/\/www.antstore.net\/shop\/images\/info\/de\/Gebrauchsanweisung Starter Set Ernteameisen.pdf\" data-sheets-hyperlinkruns=\"{&quot;1&quot;:3,&quot;2&quot;:&quot;https:\/\/www.antstore.net\/shop\/images\/info\/de\/Gebrauchsanweisung Starter Set Ernteameisen.pdf&quot;}\uee10{&quot;1&quot;:46}\"><a class=\"in-cell-link\" href=\"https:\/\/www.antstore.net\/shop\/images\/info\/de\/Gebrauchsanweisung Starter Set Ernteameisen.pdf\" target=\"_blank\" rel=\"noopener\">- DE <\/a><a class=\"in-cell-link\" href=\"https:\/\/www.antstore.net\/shop\/images\/info\/de\/Gebrauchsanweisung Starter Set Ernteameisen.pdf\" target=\"_blank\" rel=\"noopener\">Gebrauchsanweisung Starter Set Ernteameisen<\/a><a class=\"in-cell-link\" href=\"https:\/\/www.antstore.net\/shop\/images\/info\/de\/Gebrauchsanweisung Starter Set Ernteameisen.pdf\" target=\"_blank\" rel=\"noopener\"> (PDF 2,50 MB)<\/a><\/span><br \/>\n<a href=\"https:\/\/www.antstore.net\/shop\/images\/info\/en\/Instructions%20for%20use%20-%20Starter%20Set%20for%20Harvester%20Ants.pdf\">- LT Naudojimo instrukcija - startinis rinkinys skruzd\u0117l\u0117ms-\u017eoliapjov\u0117ms (PDF 2,50 MB)<\/a><br \/>\n<a href=\"https:\/\/www.antstore.net\/shop\/images\/info\/es\/Manual%20de%20instrucciones%20-%20Set%20de%20inicio%20para%20las%20hormigas%20de%20la%20cosecha%20_%20messor.pdf\">- ES Manual de instrucciones - Set de inicio para las hormigas de la cosecha _ messor (PDF 2,50 MB)<\/a><br \/>\n<a href=\"https:\/\/www.antstore.net\/shop\/images\/info\/fr\/Manuel%20d'instruction%20-%20Kit%20de%20d%C3%A9marrage%20pour%20les%20fourmis%20moissonneuses_%20Messor.pdf\">- FR Manual d'instruction - Kit de d\u00e9marrage pour les fourmis moissonneuses_ Messor (PDF 2,50 MB)<\/a><\/p>\n<p><strong>Pastabos apie kriketo uogien\u0119:<\/strong><br \/>\nM\u016bs\u0173 \"Cricket Jam\" - tai paprastas b\u016bdas apr\u016bpinti skruzd\u0117les \u0161vie\u017eiai konservuotu baltyminiu maistu, nemaitinant j\u0173 gyvais vabzd\u017eiais. Sud\u0117tyje esantys vik\u0161rai (Acheta domesticus) buvo \u0161velniai i\u0161virti, kad b\u016bt\u0173 i\u0161saugotos maistin\u0117s vert\u0117s, skonis ir aromatas. Be to, taip sumink\u0161tinamas chitininis vabzd\u017ei\u0173 apvalkalas, kad jis b\u016bt\u0173 lengviau vir\u0161kinamas. Kolageno baltym\u0173 jungtys suardomos, kad skruzd\u0117s gal\u0117t\u0173 juos geriau panaudoti. Konservuoti Acheta domesticus turi toki\u0105 pa\u010di\u0105 maistin\u0119 vert\u0119 kaip ir gyvi vik\u0161rai, ta\u010diau yra lengviau vir\u0161kinami.<\/p>\n<p>\"Cricket Jam\" netinka med\u017eioti skruzd\u017ei\u0173 r\u016b\u0161ims, kurioms reikia gyvo maisto (pvz., did\u017eiosioms skruzd\u0117l\u0117ms, tokioms kaip Harpegnathos arba Odontomachus).<\/p>\n<p><strong>Kiti privalumai:<\/strong><br \/>\nGarantuotai be erki\u0173<br \/>\nGalima dalyti porcijomis ir skiesti vandeniu<br \/>\nSterilizuota ir supakuota vakuume<br \/>\nBe pried\u0173<br \/>\nVik\u0161rai i\u0161 tvaraus ekologinio veisimo, maitinami organin\u0117mis atliekomis<\/p>\n<p><strong>Pastaba:<\/strong><br \/>\nAtidarius galima laikyti \u0161aldytuve apie keturias dienas. Ilgiau galioja u\u017e\u0161ald\u017eius.<br \/>\n<strong>D\u0117mesio:<\/strong> Pirmiausia supjaustykite porcijomis, tada u\u017e\u0161aldykite.<\/p>","protected":false},"excerpt":{"rendered":"<p>Rinkin\u012f sudaro 39 dalys<br \/>\nDydis: M<\/p>","protected":false},"featured_media":7113,"comment_status":"open","ping_status":"closed","template":"","meta":{"_acf_changed":false,"content-type":"","_monsterinsights_skip_tracking":false,"_monsterinsights_sitenote_active":false,"_monsterinsights_sitenote_note":"","_monsterinsights_sitenote_category":0},"product_brand":[],"product_cat":[355,353,73],"product_tag":[],"class_list":{"0":"post-5347","1":"product","2":"type-product","3":"status-publish","4":"has-post-thumbnail","6":"product_cat-bundle-offers","7":"product_cat-starter-sets-for-harvester-ants","8":"product_cat-starter-sets","10":"first","11":"instock","12":"taxable","13":"shipping-taxable","14":"purchasable","15":"product-type-simple"},"acf":[],"aioseo_notices":[],"jetpack_sharing_enabled":true,"_links":{"self":[{"href":"https:\/\/antcube.shop\/lt\/wp-json\/wp\/v2\/product\/5347","targetHints":{"allow":["GET"]}}],"collection":[{"href":"https:\/\/antcube.shop\/lt\/wp-json\/wp\/v2\/product"}],"about":[{"href":"https:\/\/antcube.shop\/lt\/wp-json\/wp\/v2\/types\/product"}],"replies":[{"embeddable":true,"href":"https:\/\/antcube.shop\/lt\/wp-json\/wp\/v2\/comments?post=5347"}],"wp:featuredmedia":[{"embeddable":true,"href":"https:\/\/antcube.shop\/lt\/wp-json\/wp\/v2\/media\/7113"}],"wp:attachment":[{"href":"https:\/\/antcube.shop\/lt\/wp-json\/wp\/v2\/media?parent=5347"}],"wp:term":[{"taxonomy":"product_brand","embeddable":true,"href":"https:\/\/antcube.shop\/lt\/wp-json\/wp\/v2\/product_brand?post=5347"},{"taxonomy":"product_cat","embeddable":true,"href":"https:\/\/antcube.shop\/lt\/wp-json\/wp\/v2\/product_cat?post=5347"},{"taxonomy":"product_tag","embeddable":true,"href":"https:\/\/antcube.shop\/lt\/wp-json\/wp\/v2\/product_tag?post=5347"}],"curies":[{"name":"wp","href":"https:\/\/api.w.org\/{rel}","templated":true}]}}